{"id":239594,"date":"2022-09-21T11:47:06","date_gmt":"2022-09-21T09:47:06","guid":{"rendered":"https:\/\/eko-haus.de\/%e3%81%9d%e3%81%ae%e4%bb%96\/%e3%83%aa%e3%83%b3%e3%82%af\/"},"modified":"2023-12-13T10:26:53","modified_gmt":"2023-12-13T09:26:53","slug":"%e3%83%aa%e3%83%b3%e3%82%af","status":"publish","type":"page","link":"https:\/\/eko-haus.de\/ja\/%e3%81%9d%e3%81%ae%e4%bb%96\/%e3%83%aa%e3%83%b3%e3%82%af\/","title":{"rendered":"\u30ea\u30f3\u30af"},"content":{"rendered":"<p>[et_pb_section fb_built=&#8221;1&#8243; _builder_version=&#8221;4.19.5&#8243; _module_preset=&#8221;default&#8221; custom_padding=&#8221;0px||0px||false|false&#8221; global_colors_info=&#8221;{}&#8221;][et_pb_row _builder_version=&#8221;4.19.5&#8243; _module_preset=&#8221;default&#8221; width=&#8221;100%&#8221; max_width=&#8221;100%&#8221; global_colors_info=&#8221;{}&#8221;][et_pb_column type=&#8221;4_4&#8243; _builder_version=&#8221;4.19.5&#8243; _module_preset=&#8221;default&#8221; global_colors_info=&#8221;{}&#8221;][et_pb_text _builder_version=&#8221;4.19.5&#8243; _module_preset=&#8221;default&#8221; header_text_color=&#8221;#FFFFFF&#8221; background_color=&#8221;gcid-1021896a-c9ac-4359-99df-3f865b79985b&#8221; custom_margin=&#8221;0px||0px||false|false&#8221; custom_padding=&#8221;20px||15px|40px|false|false&#8221; global_colors_info=&#8221;{%22gcid-1021896a-c9ac-4359-99df-3f865b79985b%22:%91%22background_color%22%93}&#8221;]<\/p>\n<h1>\u30ea\u30f3\u30af<\/h1>\n<p>[\/et_pb_text][et_pb_menu menu_id=&#8221;219&#8243; active_link_color=&#8221;gcid-1021896a-c9ac-4359-99df-3f865b79985b&#8221; dropdown_menu_bg_color=&#8221;gcid-60c600e4-1942-4d4f-b851-22727ef5dd77&#8243; dropdown_menu_line_color=&#8221;gcid-1021896a-c9ac-4359-99df-3f865b79985b&#8221; dropdown_menu_text_color=&#8221;#FFFFFF&#8221; dropdown_menu_active_link_color=&#8221;gcid-1021896a-c9ac-4359-99df-3f865b79985b&#8221; mobile_menu_bg_color=&#8221;gcid-60c600e4-1942-4d4f-b851-22727ef5dd77&#8243; mobile_menu_text_color=&#8221;#FFFFFF&#8221; cart_icon_color=&#8221;gcid-82172296-964c-4383-b109-467afe28900a&#8221; search_icon_color=&#8221;gcid-82172296-964c-4383-b109-467afe28900a&#8221; menu_icon_color=&#8221;gcid-82172296-964c-4383-b109-467afe28900a&#8221; module_class=&#8221;page-sub-menu&#8221; _builder_version=&#8221;4.19.5&#8243; _module_preset=&#8221;default&#8221; menu_font=&#8221;|600|||||||&#8221; menu_text_color=&#8221;#FFFFFF&#8221; menu_font_size=&#8221;16px&#8221; menu_letter_spacing=&#8221;1px&#8221; background_color=&#8221;gcid-60c600e4-1942-4d4f-b851-22727ef5dd77&#8243; text_orientation=&#8221;center&#8221; sticky_position=&#8221;top&#8221; global_colors_info=&#8221;{%22gcid-60c600e4-1942-4d4f-b851-22727ef5dd77%22:%91%22background_color%22,%22dropdown_menu_bg_color%22,%22mobile_menu_bg_color%22%93,%22gcid-1021896a-c9ac-4359-99df-3f865b79985b%22:%91%22active_link_color%22,%22dropdown_menu_line_color%22,%22dropdown_menu_active_link_color%22%93,%22gcid-82172296-964c-4383-b109-467afe28900a%22:%91%22cart_icon_color%22,%22search_icon_color%22,%22menu_icon_color%22%93}&#8221;][\/et_pb_menu][\/et_pb_column][\/et_pb_row][\/et_pb_section][et_pb_section fb_built=&#8221;1&#8243; _builder_version=&#8221;4.19.5&#8243; _module_preset=&#8221;default&#8221; custom_padding=&#8221;0px||||false|false&#8221; global_colors_info=&#8221;{}&#8221;][et_pb_row column_structure=&#8221;3_5,2_5&#8243; _builder_version=&#8221;4.19.5&#8243; _module_preset=&#8221;default&#8221; width=&#8221;100%&#8221; max_width=&#8221;100%&#8221; global_colors_info=&#8221;{}&#8221;][et_pb_column type=&#8221;3_5&#8243; _builder_version=&#8221;4.19.5&#8243; _module_preset=&#8221;default&#8221; global_colors_info=&#8221;{}&#8221;][et_pb_text _builder_version=&#8221;4.21.0&#8243; _module_preset=&#8221;default&#8221; global_colors_info=&#8221;{}&#8221;]<\/p>\n<p><strong>\u30e8\u30fc\u30ed\u30c3\u30d1\u4ecf\u6559\u4f1d\u9053\u5354\u4f1a<\/strong>\u306f\u3001\u65e5\u672c\u4ecf\u6559\u4f1d\u9053\u5354\u4f1a\uff08BDK-Society for Promotion of Buddhism\uff09\u306e\u6d3b\u52d5\u3092\u652f\u63f4\u3057\u3066\u3044\u307e\u3059\u3002 \u8a73\u7d30\u306f<a href=\"https:\/\/eko-haus.de\/ja\/%e7%a7%81%e3%81%9f%e3%81%a1%e3%81%ab%e9%96%a2%e3%81%97%e3%81%a6%e3%81%af\/%e7%9b%ae%e7%9a%84%ef%bc%86%e3%81%82%e3%82%86%e3%81%bf\/#j3\">\u3053\u3061\u3089<\/a>\u3078\u304a\u554f\u5408\u305b\u4e0b\u3055\u3044\u3002<\/p>\n<p>[\/et_pb_text][et_pb_text _builder_version=&#8221;4.21.0&#8243; _module_preset=&#8221;default&#8221; global_colors_info=&#8221;{}&#8221;]<\/p>\n<p><strong>\u65e5\u672c\u4ecf\u6559\u4f1d\u9053\u5354\u4f1a<br \/>Society for the Promotion of Buddhism<\/strong><br \/>\u6771\u4eac\u90fd\u6e2f\u533a\u829d\uff14\u4e01\u76ee3-14 <br \/>\u6771\u4eac\u3001\u3012108-0014<br \/>\u65e5\u672c<br \/>Tel.: +81-(3) 3455-5851<br \/>Fax: +81-(3) 3798-2758<br \/><a href=\"https:\/\/www.bdk.or.jp\/\">\u30db\u30fc\u30e0\u30da\u30fc\u30b8<\/a><\/p>\n<p>[\/et_pb_text][et_pb_text _builder_version=&#8221;4.21.0&#8243; _module_preset=&#8221;default&#8221; global_colors_info=&#8221;{}&#8221;]<\/p>\n<p><strong>\u82f1\u56fd\u4ecf\u6559\u4f1d\u9053\u5354\u4f1a<br \/><\/strong>c\/o Mitutoyo(UK) Ltd.<br \/>Joule Road, West Point<br \/>Business Park, Andover, Hampshire SP10 3UX<br \/>U.K.<br \/>Tel.: +44 1264-353123<br \/>Fax: +44 1264-354883<br \/>E-Mail: <a href=\"mailto:BDK.UK@mitutoyo.co.uk\">BDK.UK [AT] mitutoyo.co.uk<\/a><\/p>\n<p>[\/et_pb_text][et_pb_text _builder_version=&#8221;4.23.1&#8243; _module_preset=&#8221;default&#8221; global_colors_info=&#8221;{}&#8221;]<\/p>\n<p><strong>\u30dd\u30fc\u30e9\u30f3\u30c9\u4f1d\u9053\u5354\u4f1a<br \/><\/strong>c\/o Mitutoyo Polska Sp.z o.o.<br \/>ul. Graniczna 8A <br \/>54-610 Wroclaw<br \/>POLAND<br \/>Tel.: +48 (71) 354-83-50 <br \/>Fax: +48 (71) 354-83-55<\/p>\n<p>[\/et_pb_text][et_pb_text _builder_version=&#8221;4.21.0&#8243; _module_preset=&#8221;default&#8221; global_colors_info=&#8221;{}&#8221;]<\/p>\n<p><strong>\u5317\u7c73\u5730\u533a\uff1a \u7c73\u56fd\u4ecf\u6559\u4f1d\u9053\u5354\u4f1a<br \/><\/strong>1675 School Street,<br \/>Moraga, CA 94556<br \/>U.S.A.<br \/>Tel.: +1 (925) 388-0067<br \/>Fax: +1 (925) 388-0331<br \/><a href=\"http:\/\/www.bdkamerica.org\">\u30db\u30fc\u30e0\u30da\u30fc\u30b8<\/a><\/p>\n<p>[\/et_pb_text][et_pb_text _builder_version=&#8221;4.21.0&#8243; _module_preset=&#8221;default&#8221; global_colors_info=&#8221;{}&#8221;]<\/p>\n<p><strong>\u30cf\u30ef\u30a4\u4ecf\u6559\u4f1d\u9053\u5354\u4f1a<br \/><\/strong>1757 Algaroba Street,<br \/>Honolulu, HI 96826<br \/>U.S.A.<br \/>Tel.: +1 (808) 942-1511<br \/>Fax: +1 (808) 942-2622<br \/>E-Mail: <a href=\"mailto:bdkshi@hotmail.com\">bdkshi [AT] hotmail.com<\/a><br \/><a href=\"http:\/\/www.bdkhawaii.com\/\">\u30db\u30fc\u30e0\u30da\u30fc\u30b8<\/a><\/p>\n<p>[\/et_pb_text][et_pb_text _builder_version=&#8221;4.21.0&#8243; _module_preset=&#8221;default&#8221; global_colors_info=&#8221;{}&#8221;]<\/p>\n<p><strong>\u30ab\u30ca\u30c0\u4ecf\u6559\u4f1d\u9053\u5354\u4f1a<br \/><\/strong>c\/o Mitutoyo Canada Inc.<br \/>2121 Meadowvale Blvd.<br \/>Mississauga, Ontario L5N 5N1<br \/>CANADA<br \/>Tel.: +1 (905) 821-1261<br \/>Fax: +1 (905) 821-4968<br \/>E-Mail: <a href=\"mailto:honjo@bdkcanada.com\">honjo [AT] bdkcanada.com<\/a><br \/><a href=\"http:\/\/www.bdkcanada.com\/\">\u30db\u30fc\u30e0\u30da\u30fc\u30b8<\/a><\/p>\n<p>[\/et_pb_text][et_pb_text _builder_version=&#8221;4.21.0&#8243; _module_preset=&#8221;default&#8221; global_colors_info=&#8221;{}&#8221;]<\/p>\n<p><strong>\u5357\u7c73\u4ecf\u6559\u4f1d\u9053\u5354\u4f1a<br \/><\/strong>a\/c Mitutoyo Sul Americana Ltda.<br \/>Rodovia \u00cdndio Tibiri\u00e7\u00e1 1555,<br \/>Bairro Vila Sol Nascente &#8211; Suzano &#8211; SP<br \/>BRASIL<br \/>Tel.: +55 (11) 5643-0006<br \/>Fax: +55 (11) 5641-3745<br \/>E-Mail: <a href=\"mailto:bdk@mitutoyo.com.br\">bdk [AT] mitutoyo.com.br<\/a><\/p>\n<p>[\/et_pb_text][et_pb_text _builder_version=&#8221;4.21.0&#8243; _module_preset=&#8221;default&#8221; global_colors_info=&#8221;{}&#8221;]<\/p>\n<p><strong>\u30a2\u30b8\u30a2\u4ecf\u6559\u4f1d\u9053\u5354\u4f1a<br \/><\/strong>c\/o Mitutoyo Asia Pacific Pte. Ltd.<br \/>24 Kallang Avenue, Mitutoyo Building,<br \/>Singapore, 339415<br \/>SINGAPORE<br \/>Tel.: +65 6294-2211<br \/>Fax: +65 6299-6666<br \/>E-Mail: <a href=\"mailto:bdk@mitutoyo.com.sg\">bdk [AT] mitutoyo.com.sg<\/a><br \/><a href=\"https:\/\/bdkasia.org\">\u30db\u30fc\u30e0\u30da\u30fc\u30b8<\/a><\/p>\n<p>[\/et_pb_text][et_pb_text _builder_version=&#8221;4.21.0&#8243; _module_preset=&#8221;default&#8221; global_colors_info=&#8221;{}&#8221;]<\/p>\n<p><strong>\u53f0\u6e7e\u4ecf\u6559\u4f1d\u9053\u5354\u4f1a<br \/><\/strong>4F., No.71, Zhouzi St., Neihu Dist.,<br \/>Taipei City 114<br \/>TAIWAN (R.O.C)<br \/>Tel.: +886 (2) 5573-5913 <br \/>Fax: +886 (2) 8752-3267<br \/>E-Mail: <a href=\"mailto:bdktaiwan@yahoo.com\">bdktaiwan [AT] yahoo.com<\/a><br \/><a href=\"https:\/\/www.bdk.tw\/\">\u30db\u30fc\u30e0\u30da\u30fc\u30b8<\/a><\/p>\n<p>[\/et_pb_text][\/et_pb_column][et_pb_column type=&#8221;2_5&#8243; _builder_version=&#8221;4.19.5&#8243; _module_preset=&#8221;default&#8221; global_colors_info=&#8221;{}&#8221;][et_pb_image src=&#8221;https:\/\/eko-haus.de\/wp-content\/uploads\/2023\/06\/2023-03-13_eko-ji-im-abendrot-scaled-e1686072775700.jpeg&#8221; title_text=&#8221;\u5915\u713c\u3051\u306e\u4e2d\u306e\u60e0\u5149\u5bfa\u5ead\u5712&#8221; _builder_version=&#8221;4.21.0&#8243; _module_preset=&#8221;default&#8221; global_colors_info=&#8221;{}&#8221;][\/et_pb_image][\/et_pb_column][\/et_pb_row][\/et_pb_section]<\/p>\n","protected":false},"excerpt":{"rendered":"<p>\u30ea\u30f3\u30af\u30e8\u30fc\u30ed\u30c3\u30d1\u4ecf\u6559\u4f1d\u9053\u5354\u4f1a\u306f\u3001\u65e5\u672c\u4ecf\u6559\u4f1d\u9053\u5354\u4f1a\uff08BDK-Society for Promotion of Buddhism\uff09\u306e\u6d3b\u52d5\u3092\u652f\u63f4\u3057\u3066\u3044\u307e\u3059\u3002 \u8a73\u7d30\u306f\u3053\u3061\u3089\u3078\u304a\u554f\u5408\u305b\u4e0b\u3055\u3044\u3002\u65e5\u672c\u4ecf\u6559\u4f1d\u9053\u5354\u4f1aSociety for the Promotion of Buddhism\u6771\u4eac\u90fd\u6e2f\u533a\u829d\uff14\u4e01\u76ee3-14 \u6771\u4eac\u3001\u3012108-0014\u65e5\u672cTel.: +81-(3) 3455-5851Fax: +81-(3)  [&hellip;]<\/p>\n","protected":false},"author":2,"featured_media":0,"parent":239506,"menu_order":52,"comment_status":"closed","ping_status":"closed","template":"","meta":{"_acf_changed":false,"_et_pb_use_builder":"on","_et_pb_old_content":"","_et_gb_content_width":"","footnotes":""},"class_list":["post-239594","page","type-page","status-publish","hentry"],"acf":[],"yoast_head":"<!-- This site is optimized with the Yoast SEO plugin v27.3 - https:\/\/yoast.com\/product\/yoast-seo-wordpress\/ -->\n<title>EK\u014c-Haus &#8226; \u30ea\u30f3\u30af<\/title>\n<meta name=\"robots\" content=\"index, follow, max-snippet:-1, max-image-preview:large, max-video-preview:-1\" \/>\n<link rel=\"canonical\" href=\"https:\/\/eko-haus.de\/ja\/%e3%81%9d%e3%81%ae%e4%bb%96\/%e3%83%aa%e3%83%b3%e3%82%af\/\" \/>\n<meta property=\"og:locale\" content=\"ja_JP\" \/>\n<meta property=\"og:type\" content=\"article\" \/>\n<meta property=\"og:title\" content=\"EK\u014c-Haus &#8226; \u30ea\u30f3\u30af\" \/>\n<meta property=\"og:description\" content=\"\u30ea\u30f3\u30af\u30e8\u30fc\u30ed\u30c3\u30d1\u4ecf\u6559\u4f1d\u9053\u5354\u4f1a\u306f\u3001\u65e5\u672c\u4ecf\u6559\u4f1d\u9053\u5354\u4f1a\uff08BDK-Society for Promotion of Buddhism\uff09\u306e\u6d3b\u52d5\u3092\u652f\u63f4\u3057\u3066\u3044\u307e\u3059\u3002 \u8a73\u7d30\u306f\u3053\u3061\u3089\u3078\u304a\u554f\u5408\u305b\u4e0b\u3055\u3044\u3002\u65e5\u672c\u4ecf\u6559\u4f1d\u9053\u5354\u4f1aSociety for the Promotion of Buddhism\u6771\u4eac\u90fd\u6e2f\u533a\u829d\uff14\u4e01\u76ee3-14 \u6771\u4eac\u3001\u3012108-0014\u65e5\u672cTel.: +81-(3) 3455-5851Fax: +81-(3) [&hellip;]\" \/>\n<meta property=\"og:url\" content=\"https:\/\/eko-haus.de\/ja\/%e3%81%9d%e3%81%ae%e4%bb%96\/%e3%83%aa%e3%83%b3%e3%82%af\/\" \/>\n<meta property=\"og:site_name\" content=\"EK\u014c-Haus\" \/>\n<meta property=\"article:modified_time\" content=\"2023-12-13T09:26:53+00:00\" \/>\n<script type=\"application\/ld+json\" class=\"yoast-schema-graph\">{\"@context\":\"https:\\\/\\\/schema.org\",\"@graph\":[{\"@type\":\"WebPage\",\"@id\":\"https:\\\/\\\/eko-haus.de\\\/ja\\\/%e3%81%9d%e3%81%ae%e4%bb%96\\\/%e3%83%aa%e3%83%b3%e3%82%af\\\/\",\"url\":\"https:\\\/\\\/eko-haus.de\\\/ja\\\/%e3%81%9d%e3%81%ae%e4%bb%96\\\/%e3%83%aa%e3%83%b3%e3%82%af\\\/\",\"name\":\"EK\u014c-Haus &#8226; \u30ea\u30f3\u30af\",\"isPartOf\":{\"@id\":\"https:\\\/\\\/eko-haus.de\\\/ja\\\/#website\"},\"datePublished\":\"2022-09-21T09:47:06+00:00\",\"dateModified\":\"2023-12-13T09:26:53+00:00\",\"breadcrumb\":{\"@id\":\"https:\\\/\\\/eko-haus.de\\\/ja\\\/%e3%81%9d%e3%81%ae%e4%bb%96\\\/%e3%83%aa%e3%83%b3%e3%82%af\\\/#breadcrumb\"},\"inLanguage\":\"ja\",\"potentialAction\":[{\"@type\":\"ReadAction\",\"target\":[\"https:\\\/\\\/eko-haus.de\\\/ja\\\/%e3%81%9d%e3%81%ae%e4%bb%96\\\/%e3%83%aa%e3%83%b3%e3%82%af\\\/\"]}]},{\"@type\":\"BreadcrumbList\",\"@id\":\"https:\\\/\\\/eko-haus.de\\\/ja\\\/%e3%81%9d%e3%81%ae%e4%bb%96\\\/%e3%83%aa%e3%83%b3%e3%82%af\\\/#breadcrumb\",\"itemListElement\":[{\"@type\":\"ListItem\",\"position\":1,\"name\":\"Startseite\",\"item\":\"https:\\\/\\\/eko-haus.de\\\/ja\\\/\"},{\"@type\":\"ListItem\",\"position\":2,\"name\":\"\u305d\u306e\u4ed6\",\"item\":\"https:\\\/\\\/eko-haus.de\\\/ja\\\/%e3%81%9d%e3%81%ae%e4%bb%96\\\/\"},{\"@type\":\"ListItem\",\"position\":3,\"name\":\"\u30ea\u30f3\u30af\"}]},{\"@type\":\"WebSite\",\"@id\":\"https:\\\/\\\/eko-haus.de\\\/ja\\\/#website\",\"url\":\"https:\\\/\\\/eko-haus.de\\\/ja\\\/\",\"name\":\"EK\u014c-Haus\",\"description\":\"der JapanischenKulturen e.V.\",\"potentialAction\":[{\"@type\":\"SearchAction\",\"target\":{\"@type\":\"EntryPoint\",\"urlTemplate\":\"https:\\\/\\\/eko-haus.de\\\/ja\\\/?s={search_term_string}\"},\"query-input\":{\"@type\":\"PropertyValueSpecification\",\"valueRequired\":true,\"valueName\":\"search_term_string\"}}],\"inLanguage\":\"ja\"}]}<\/script>\n<!-- \/ Yoast SEO plugin. -->","yoast_head_json":{"title":"EK\u014c-Haus &#8226; \u30ea\u30f3\u30af","robots":{"index":"index","follow":"follow","max-snippet":"max-snippet:-1","max-image-preview":"max-image-preview:large","max-video-preview":"max-video-preview:-1"},"canonical":"https:\/\/eko-haus.de\/ja\/%e3%81%9d%e3%81%ae%e4%bb%96\/%e3%83%aa%e3%83%b3%e3%82%af\/","og_locale":"ja_JP","og_type":"article","og_title":"EK\u014c-Haus &#8226; \u30ea\u30f3\u30af","og_description":"\u30ea\u30f3\u30af\u30e8\u30fc\u30ed\u30c3\u30d1\u4ecf\u6559\u4f1d\u9053\u5354\u4f1a\u306f\u3001\u65e5\u672c\u4ecf\u6559\u4f1d\u9053\u5354\u4f1a\uff08BDK-Society for Promotion of Buddhism\uff09\u306e\u6d3b\u52d5\u3092\u652f\u63f4\u3057\u3066\u3044\u307e\u3059\u3002 \u8a73\u7d30\u306f\u3053\u3061\u3089\u3078\u304a\u554f\u5408\u305b\u4e0b\u3055\u3044\u3002\u65e5\u672c\u4ecf\u6559\u4f1d\u9053\u5354\u4f1aSociety for the Promotion of Buddhism\u6771\u4eac\u90fd\u6e2f\u533a\u829d\uff14\u4e01\u76ee3-14 \u6771\u4eac\u3001\u3012108-0014\u65e5\u672cTel.: +81-(3) 3455-5851Fax: +81-(3) [&hellip;]","og_url":"https:\/\/eko-haus.de\/ja\/%e3%81%9d%e3%81%ae%e4%bb%96\/%e3%83%aa%e3%83%b3%e3%82%af\/","og_site_name":"EK\u014c-Haus","article_modified_time":"2023-12-13T09:26:53+00:00","schema":{"@context":"https:\/\/schema.org","@graph":[{"@type":"WebPage","@id":"https:\/\/eko-haus.de\/ja\/%e3%81%9d%e3%81%ae%e4%bb%96\/%e3%83%aa%e3%83%b3%e3%82%af\/","url":"https:\/\/eko-haus.de\/ja\/%e3%81%9d%e3%81%ae%e4%bb%96\/%e3%83%aa%e3%83%b3%e3%82%af\/","name":"EK\u014c-Haus &#8226; \u30ea\u30f3\u30af","isPartOf":{"@id":"https:\/\/eko-haus.de\/ja\/#website"},"datePublished":"2022-09-21T09:47:06+00:00","dateModified":"2023-12-13T09:26:53+00:00","breadcrumb":{"@id":"https:\/\/eko-haus.de\/ja\/%e3%81%9d%e3%81%ae%e4%bb%96\/%e3%83%aa%e3%83%b3%e3%82%af\/#breadcrumb"},"inLanguage":"ja","potentialAction":[{"@type":"ReadAction","target":["https:\/\/eko-haus.de\/ja\/%e3%81%9d%e3%81%ae%e4%bb%96\/%e3%83%aa%e3%83%b3%e3%82%af\/"]}]},{"@type":"BreadcrumbList","@id":"https:\/\/eko-haus.de\/ja\/%e3%81%9d%e3%81%ae%e4%bb%96\/%e3%83%aa%e3%83%b3%e3%82%af\/#breadcrumb","itemListElement":[{"@type":"ListItem","position":1,"name":"Startseite","item":"https:\/\/eko-haus.de\/ja\/"},{"@type":"ListItem","position":2,"name":"\u305d\u306e\u4ed6","item":"https:\/\/eko-haus.de\/ja\/%e3%81%9d%e3%81%ae%e4%bb%96\/"},{"@type":"ListItem","position":3,"name":"\u30ea\u30f3\u30af"}]},{"@type":"WebSite","@id":"https:\/\/eko-haus.de\/ja\/#website","url":"https:\/\/eko-haus.de\/ja\/","name":"EK\u014c-Haus","description":"der JapanischenKulturen e.V.","potentialAction":[{"@type":"SearchAction","target":{"@type":"EntryPoint","urlTemplate":"https:\/\/eko-haus.de\/ja\/?s={search_term_string}"},"query-input":{"@type":"PropertyValueSpecification","valueRequired":true,"valueName":"search_term_string"}}],"inLanguage":"ja"}]}},"_links":{"self":[{"href":"https:\/\/eko-haus.de\/ja\/wp-json\/wp\/v2\/pages\/239594","targetHints":{"allow":["GET"]}}],"collection":[{"href":"https:\/\/eko-haus.de\/ja\/wp-json\/wp\/v2\/pages"}],"about":[{"href":"https:\/\/eko-haus.de\/ja\/wp-json\/wp\/v2\/types\/page"}],"author":[{"embeddable":true,"href":"https:\/\/eko-haus.de\/ja\/wp-json\/wp\/v2\/users\/2"}],"replies":[{"embeddable":true,"href":"https:\/\/eko-haus.de\/ja\/wp-json\/wp\/v2\/comments?post=239594"}],"version-history":[{"count":14,"href":"https:\/\/eko-haus.de\/ja\/wp-json\/wp\/v2\/pages\/239594\/revisions"}],"predecessor-version":[{"id":246646,"href":"https:\/\/eko-haus.de\/ja\/wp-json\/wp\/v2\/pages\/239594\/revisions\/246646"}],"up":[{"embeddable":true,"href":"https:\/\/eko-haus.de\/ja\/wp-json\/wp\/v2\/pages\/239506"}],"wp:attachment":[{"href":"https:\/\/eko-haus.de\/ja\/wp-json\/wp\/v2\/media?parent=239594"}],"curies":[{"name":"wp","href":"https:\/\/api.w.org\/{rel}","templated":true}]}}