{"id":238630,"date":"2022-09-21T11:29:28","date_gmt":"2022-09-21T09:29:28","guid":{"rendered":"https:\/\/eko-haus.de\/japanische-kultur\/%e7%94%9f%e6%b4%bb%e6%96%87%e5%8c%96\/"},"modified":"2023-07-13T03:19:58","modified_gmt":"2023-07-13T01:19:58","slug":"%e7%94%9f%e6%b4%bb%e6%96%87%e5%8c%96","status":"publish","type":"page","link":"https:\/\/eko-haus.de\/ja\/japanische-kultur\/%e7%94%9f%e6%b4%bb%e6%96%87%e5%8c%96\/","title":{"rendered":"\u751f\u6d3b\u6587\u5316"},"content":{"rendered":"<p>[et_pb_section fb_built=&#8221;1&#8243; _builder_version=&#8221;4.19.5&#8243; _module_preset=&#8221;default&#8221; custom_padding=&#8221;0px||0px||false|false&#8221; global_colors_info=&#8221;{}&#8221;][et_pb_row _builder_version=&#8221;4.19.5&#8243; _module_preset=&#8221;default&#8221; width=&#8221;100%&#8221; max_width=&#8221;100%&#8221; global_colors_info=&#8221;{}&#8221;][et_pb_column type=&#8221;4_4&#8243; _builder_version=&#8221;4.19.5&#8243; _module_preset=&#8221;default&#8221; global_colors_info=&#8221;{}&#8221;][et_pb_text _builder_version=&#8221;4.19.5&#8243; _module_preset=&#8221;default&#8221; header_text_color=&#8221;#FFFFFF&#8221; background_color=&#8221;gcid-1021896a-c9ac-4359-99df-3f865b79985b&#8221; custom_margin=&#8221;0px||0px||false|false&#8221; custom_padding=&#8221;20px||15px|40px|false|false&#8221; global_colors_info=&#8221;{%22gcid-1021896a-c9ac-4359-99df-3f865b79985b%22:%91%22background_color%22%93}&#8221;]<\/p>\n<h1>\u751f\u6d3b\u6587\u5316<\/h1>\n<p>[\/et_pb_text][et_pb_menu menu_id=&#8221;146&#8243; active_link_color=&#8221;gcid-1021896a-c9ac-4359-99df-3f865b79985b&#8221; dropdown_menu_bg_color=&#8221;gcid-60c600e4-1942-4d4f-b851-22727ef5dd77&#8243; dropdown_menu_line_color=&#8221;gcid-1021896a-c9ac-4359-99df-3f865b79985b&#8221; dropdown_menu_text_color=&#8221;#FFFFFF&#8221; dropdown_menu_active_link_color=&#8221;gcid-1021896a-c9ac-4359-99df-3f865b79985b&#8221; mobile_menu_bg_color=&#8221;gcid-60c600e4-1942-4d4f-b851-22727ef5dd77&#8243; mobile_menu_text_color=&#8221;#FFFFFF&#8221; cart_icon_color=&#8221;gcid-82172296-964c-4383-b109-467afe28900a&#8221; search_icon_color=&#8221;gcid-82172296-964c-4383-b109-467afe28900a&#8221; menu_icon_color=&#8221;gcid-82172296-964c-4383-b109-467afe28900a&#8221; module_class=&#8221;page-sub-menu&#8221; _builder_version=&#8221;4.19.5&#8243; _module_preset=&#8221;default&#8221; menu_font=&#8221;|600|||||||&#8221; menu_text_color=&#8221;#FFFFFF&#8221; menu_font_size=&#8221;16px&#8221; menu_letter_spacing=&#8221;1px&#8221; background_color=&#8221;gcid-60c600e4-1942-4d4f-b851-22727ef5dd77&#8243; text_orientation=&#8221;center&#8221; sticky_position=&#8221;top&#8221; global_colors_info=&#8221;{%22gcid-60c600e4-1942-4d4f-b851-22727ef5dd77%22:%91%22background_color%22,%22dropdown_menu_bg_color%22,%22mobile_menu_bg_color%22%93,%22gcid-1021896a-c9ac-4359-99df-3f865b79985b%22:%91%22active_link_color%22,%22dropdown_menu_line_color%22,%22dropdown_menu_active_link_color%22%93,%22gcid-82172296-964c-4383-b109-467afe28900a%22:%91%22cart_icon_color%22,%22search_icon_color%22,%22menu_icon_color%22%93}&#8221;][\/et_pb_menu][\/et_pb_column][\/et_pb_row][\/et_pb_section][et_pb_section fb_built=&#8221;1&#8243; _builder_version=&#8221;4.19.5&#8243; _module_preset=&#8221;default&#8221; custom_padding=&#8221;0px||||false|false&#8221; global_colors_info=&#8221;{}&#8221;][et_pb_row column_structure=&#8221;3_5,2_5&#8243; _builder_version=&#8221;4.19.5&#8243; _module_preset=&#8221;default&#8221; width=&#8221;100%&#8221; max_width=&#8221;100%&#8221; global_colors_info=&#8221;{}&#8221;][et_pb_column type=&#8221;3_5&#8243; _builder_version=&#8221;4.19.5&#8243; _module_preset=&#8221;default&#8221; global_colors_info=&#8221;{}&#8221;][et_pb_text _builder_version=&#8221;4.21.0&#8243; _module_preset=&#8221;default&#8221; global_colors_info=&#8221;{}&#8221;]<\/p>\n<p>\u65e5\u672c\u306e\u9b45\u529b\u306f\u3001\u6642\u9593\u3092\u304b\u3051\u3066\u6d17\u7df4\u3055\u308c\u7d9a\u3051\u3066\u304d\u305f\u82b8\u8853\u3060\u3051\u3067\u306f\u3042\u308a\u307e\u305b\u3093\u3002 \u7279\u306b\u82e5\u8005\u306e\u591a\u304f\u306e\u8208\u5473\u306f\u3001\u65e5\u672c\u306e\u6f2b\u753b\u3001\u30a2\u30cb\u30e1\u3001\u6620\u753b\u82b8\u8853\u306a\u3069\u3001\u65e5\u672c\u306e<strong>\u65e5\u5e38\u6587\u5316\u3084\u5927\u8846\u6587\u5316<\/strong>\u3078\u5411\u3051\u3089\u308c\u3066\u3044\u307e\u3059\u3002 \u66f4\u306b\u306f\u3001\u65e5\u672c\u6599\u7406\u3084\u7740\u7269\u306a\u3069\u65e5\u672c\u306e\u30d5\u30a1\u30c3\u30b7\u30e7\u30f3\u3001\u30b9\u30dd\u30fc\u30c4\u3084\u30b2\u30fc\u30e0\u306a\u3069\u306e\u9762\u3067\u3082\u4eba\u6c17\u304c\u9ad8\u307e\u3063\u3066\u3044\u307e\u3059\u3002<\/p>\n<p>\u305d\u306e\u4e00\u90e8\u3092\u3001\u6075\u5149\u30bb\u30f3\u30bf\u30fc\u3067\u3082\u3054\u7d39\u4ecb\u3057\u307e\u3059\u3002<\/p>\n<p>[\/et_pb_text][et_pb_text _builder_version=&#8221;4.21.0&#8243; _module_preset=&#8221;default&#8221; global_colors_info=&#8221;{}&#8221;]<\/p>\n<p>Manga-Ausstellung:\u00a0<br \/><a href=\"https:\/\/eko-haus.de\/eventmanager\/2023_manga-ausstellung\/\">Pr\u00e4mierte Werke des 17. Manga-Zeichenwettbewerbs<\/a> (22.06.-28.07.2023)<\/p>\n<p><a href=\"https:\/\/eko-haus.de\/veranstaltungen\/kultur\/filmvorfuehrungen\/\">Filmvorf\u00fchrungen<\/a> im EK\u014c-Saal<br \/>in Kooperation mit dem Japanischen Kulturinstitut K\u00f6ln (The Japan Foundation)<\/p>\n<p>Vortragsreihe <a href=\"https:\/\/eko-haus.de\/eventmanager\/yokai-yurei\/\"><em>Y\u014dkai<\/em><strong>,\u00a0<\/strong><em>y\u016brei<\/em>, Gl\u00fccksg\u00f6tter und mehr \u2013 \u00dcbernat\u00fcrliche Kr\u00e4fte in Japan<\/a> <br \/>(Juli 2022 bis Juni 2023)<\/p>\n<p>[\/et_pb_text][\/et_pb_column][et_pb_column type=&#8221;2_5&#8243; _builder_version=&#8221;4.19.5&#8243; _module_preset=&#8221;default&#8221; global_colors_info=&#8221;{}&#8221;][et_pb_image src=&#8221;https:\/\/eko-haus.de\/wp-content\/uploads\/2023\/02\/manga-austellung-2023.jpg&#8221; title_text=&#8221;\u6f2b\u753b\u5c55&#8221; _builder_version=&#8221;4.21.0&#8243; _module_preset=&#8221;default&#8221; global_colors_info=&#8221;{}&#8221;][\/et_pb_image][\/et_pb_column][\/et_pb_row][\/et_pb_section]<\/p>\n","protected":false},"excerpt":{"rendered":"<p>\u751f\u6d3b\u6587\u5316\u65e5\u672c\u306e\u9b45\u529b\u306f\u3001\u6642\u9593\u3092\u304b\u3051\u3066\u6d17\u7df4\u3055\u308c\u7d9a\u3051\u3066\u304d\u305f\u82b8\u8853\u3060\u3051\u3067\u306f\u3042\u308a\u307e\u305b\u3093\u3002 \u7279\u306b\u82e5\u8005\u306e\u591a\u304f\u306e\u8208\u5473\u306f\u3001\u65e5\u672c\u306e\u6f2b\u753b\u3001\u30a2\u30cb\u30e1\u3001\u6620\u753b\u82b8\u8853\u306a\u3069\u3001\u65e5\u672c\u306e\u65e5\u5e38\u6587\u5316\u3084\u5927\u8846\u6587\u5316\u3078\u5411\u3051\u3089\u308c\u3066\u3044\u307e\u3059\u3002 \u66f4\u306b\u306f\u3001\u65e5\u672c\u6599\u7406\u3084\u7740\u7269\u306a\u3069\u65e5\u672c\u306e\u30d5\u30a1\u30c3\u30b7\u30e7\u30f3\u3001\u30b9\u30dd\u30fc\u30c4\u3084\u30b2\u30fc\u30e0\u306a\u3069\u306e\u9762\u3067\u3082\u4eba\u6c17\u304c\u9ad8\u307e\u3063\u3066\u3044\u307e\u3059\u3002 \u305d\u306e\u4e00\u90e8\u3092\u3001\u6075\u5149\u30bb\u30f3\u30bf\u30fc\u3067\u3082\u3054\u7d39\u4ecb\u3057\u307e\u3059\u3002Manga-Ausstellung:\u00a0Pr\u00e4mierte Werke des  [&hellip;]<\/p>\n","protected":false},"author":2,"featured_media":0,"parent":238575,"menu_order":16,"comment_status":"closed","ping_status":"closed","template":"","meta":{"_acf_changed":false,"_et_pb_use_builder":"on","_et_pb_old_content":"","_et_gb_content_width":"","footnotes":""},"class_list":["post-238630","page","type-page","status-publish","hentry"],"acf":[],"yoast_head":"<!-- This site is optimized with the Yoast SEO plugin v27.3 - https:\/\/yoast.com\/product\/yoast-seo-wordpress\/ -->\n<title>EK\u014c-Haus &#8226; \u751f\u6d3b\u6587\u5316<\/title>\n<meta name=\"robots\" content=\"index, follow, max-snippet:-1, max-image-preview:large, max-video-preview:-1\" \/>\n<link rel=\"canonical\" href=\"https:\/\/eko-haus.de\/ja\/japanische-kultur\/%e7%94%9f%e6%b4%bb%e6%96%87%e5%8c%96\/\" \/>\n<meta property=\"og:locale\" content=\"ja_JP\" \/>\n<meta property=\"og:type\" content=\"article\" \/>\n<meta property=\"og:title\" content=\"EK\u014c-Haus &#8226; \u751f\u6d3b\u6587\u5316\" \/>\n<meta property=\"og:description\" content=\"\u751f\u6d3b\u6587\u5316\u65e5\u672c\u306e\u9b45\u529b\u306f\u3001\u6642\u9593\u3092\u304b\u3051\u3066\u6d17\u7df4\u3055\u308c\u7d9a\u3051\u3066\u304d\u305f\u82b8\u8853\u3060\u3051\u3067\u306f\u3042\u308a\u307e\u305b\u3093\u3002 \u7279\u306b\u82e5\u8005\u306e\u591a\u304f\u306e\u8208\u5473\u306f\u3001\u65e5\u672c\u306e\u6f2b\u753b\u3001\u30a2\u30cb\u30e1\u3001\u6620\u753b\u82b8\u8853\u306a\u3069\u3001\u65e5\u672c\u306e\u65e5\u5e38\u6587\u5316\u3084\u5927\u8846\u6587\u5316\u3078\u5411\u3051\u3089\u308c\u3066\u3044\u307e\u3059\u3002 \u66f4\u306b\u306f\u3001\u65e5\u672c\u6599\u7406\u3084\u7740\u7269\u306a\u3069\u65e5\u672c\u306e\u30d5\u30a1\u30c3\u30b7\u30e7\u30f3\u3001\u30b9\u30dd\u30fc\u30c4\u3084\u30b2\u30fc\u30e0\u306a\u3069\u306e\u9762\u3067\u3082\u4eba\u6c17\u304c\u9ad8\u307e\u3063\u3066\u3044\u307e\u3059\u3002 \u305d\u306e\u4e00\u90e8\u3092\u3001\u6075\u5149\u30bb\u30f3\u30bf\u30fc\u3067\u3082\u3054\u7d39\u4ecb\u3057\u307e\u3059\u3002Manga-Ausstellung:\u00a0Pr\u00e4mierte Werke des [&hellip;]\" \/>\n<meta property=\"og:url\" content=\"https:\/\/eko-haus.de\/ja\/japanische-kultur\/%e7%94%9f%e6%b4%bb%e6%96%87%e5%8c%96\/\" \/>\n<meta property=\"og:site_name\" content=\"EK\u014c-Haus\" \/>\n<meta property=\"article:modified_time\" content=\"2023-07-13T01:19:58+00:00\" \/>\n<script type=\"application\/ld+json\" class=\"yoast-schema-graph\">{\"@context\":\"https:\\\/\\\/schema.org\",\"@graph\":[{\"@type\":\"WebPage\",\"@id\":\"https:\\\/\\\/eko-haus.de\\\/ja\\\/japanische-kultur\\\/%e7%94%9f%e6%b4%bb%e6%96%87%e5%8c%96\\\/\",\"url\":\"https:\\\/\\\/eko-haus.de\\\/ja\\\/japanische-kultur\\\/%e7%94%9f%e6%b4%bb%e6%96%87%e5%8c%96\\\/\",\"name\":\"EK\u014c-Haus &#8226; \u751f\u6d3b\u6587\u5316\",\"isPartOf\":{\"@id\":\"https:\\\/\\\/eko-haus.de\\\/ja\\\/#website\"},\"datePublished\":\"2022-09-21T09:29:28+00:00\",\"dateModified\":\"2023-07-13T01:19:58+00:00\",\"breadcrumb\":{\"@id\":\"https:\\\/\\\/eko-haus.de\\\/ja\\\/japanische-kultur\\\/%e7%94%9f%e6%b4%bb%e6%96%87%e5%8c%96\\\/#breadcrumb\"},\"inLanguage\":\"ja\",\"potentialAction\":[{\"@type\":\"ReadAction\",\"target\":[\"https:\\\/\\\/eko-haus.de\\\/ja\\\/japanische-kultur\\\/%e7%94%9f%e6%b4%bb%e6%96%87%e5%8c%96\\\/\"]}]},{\"@type\":\"BreadcrumbList\",\"@id\":\"https:\\\/\\\/eko-haus.de\\\/ja\\\/japanische-kultur\\\/%e7%94%9f%e6%b4%bb%e6%96%87%e5%8c%96\\\/#breadcrumb\",\"itemListElement\":[{\"@type\":\"ListItem\",\"position\":1,\"name\":\"Startseite\",\"item\":\"https:\\\/\\\/eko-haus.de\\\/ja\\\/\"},{\"@type\":\"ListItem\",\"position\":2,\"name\":\"\u65e5\u672c\u4f1d\u7d71\u6587\u5316\",\"item\":\"https:\\\/\\\/eko-haus.de\\\/ja\\\/japanische-kultur\\\/\"},{\"@type\":\"ListItem\",\"position\":3,\"name\":\"\u751f\u6d3b\u6587\u5316\"}]},{\"@type\":\"WebSite\",\"@id\":\"https:\\\/\\\/eko-haus.de\\\/ja\\\/#website\",\"url\":\"https:\\\/\\\/eko-haus.de\\\/ja\\\/\",\"name\":\"EK\u014c-Haus\",\"description\":\"der JapanischenKulturen e.V.\",\"potentialAction\":[{\"@type\":\"SearchAction\",\"target\":{\"@type\":\"EntryPoint\",\"urlTemplate\":\"https:\\\/\\\/eko-haus.de\\\/ja\\\/?s={search_term_string}\"},\"query-input\":{\"@type\":\"PropertyValueSpecification\",\"valueRequired\":true,\"valueName\":\"search_term_string\"}}],\"inLanguage\":\"ja\"}]}<\/script>\n<!-- \/ Yoast SEO plugin. -->","yoast_head_json":{"title":"EK\u014c-Haus &#8226; \u751f\u6d3b\u6587\u5316","robots":{"index":"index","follow":"follow","max-snippet":"max-snippet:-1","max-image-preview":"max-image-preview:large","max-video-preview":"max-video-preview:-1"},"canonical":"https:\/\/eko-haus.de\/ja\/japanische-kultur\/%e7%94%9f%e6%b4%bb%e6%96%87%e5%8c%96\/","og_locale":"ja_JP","og_type":"article","og_title":"EK\u014c-Haus &#8226; \u751f\u6d3b\u6587\u5316","og_description":"\u751f\u6d3b\u6587\u5316\u65e5\u672c\u306e\u9b45\u529b\u306f\u3001\u6642\u9593\u3092\u304b\u3051\u3066\u6d17\u7df4\u3055\u308c\u7d9a\u3051\u3066\u304d\u305f\u82b8\u8853\u3060\u3051\u3067\u306f\u3042\u308a\u307e\u305b\u3093\u3002 \u7279\u306b\u82e5\u8005\u306e\u591a\u304f\u306e\u8208\u5473\u306f\u3001\u65e5\u672c\u306e\u6f2b\u753b\u3001\u30a2\u30cb\u30e1\u3001\u6620\u753b\u82b8\u8853\u306a\u3069\u3001\u65e5\u672c\u306e\u65e5\u5e38\u6587\u5316\u3084\u5927\u8846\u6587\u5316\u3078\u5411\u3051\u3089\u308c\u3066\u3044\u307e\u3059\u3002 \u66f4\u306b\u306f\u3001\u65e5\u672c\u6599\u7406\u3084\u7740\u7269\u306a\u3069\u65e5\u672c\u306e\u30d5\u30a1\u30c3\u30b7\u30e7\u30f3\u3001\u30b9\u30dd\u30fc\u30c4\u3084\u30b2\u30fc\u30e0\u306a\u3069\u306e\u9762\u3067\u3082\u4eba\u6c17\u304c\u9ad8\u307e\u3063\u3066\u3044\u307e\u3059\u3002 \u305d\u306e\u4e00\u90e8\u3092\u3001\u6075\u5149\u30bb\u30f3\u30bf\u30fc\u3067\u3082\u3054\u7d39\u4ecb\u3057\u307e\u3059\u3002Manga-Ausstellung:\u00a0Pr\u00e4mierte Werke des [&hellip;]","og_url":"https:\/\/eko-haus.de\/ja\/japanische-kultur\/%e7%94%9f%e6%b4%bb%e6%96%87%e5%8c%96\/","og_site_name":"EK\u014c-Haus","article_modified_time":"2023-07-13T01:19:58+00:00","schema":{"@context":"https:\/\/schema.org","@graph":[{"@type":"WebPage","@id":"https:\/\/eko-haus.de\/ja\/japanische-kultur\/%e7%94%9f%e6%b4%bb%e6%96%87%e5%8c%96\/","url":"https:\/\/eko-haus.de\/ja\/japanische-kultur\/%e7%94%9f%e6%b4%bb%e6%96%87%e5%8c%96\/","name":"EK\u014c-Haus &#8226; \u751f\u6d3b\u6587\u5316","isPartOf":{"@id":"https:\/\/eko-haus.de\/ja\/#website"},"datePublished":"2022-09-21T09:29:28+00:00","dateModified":"2023-07-13T01:19:58+00:00","breadcrumb":{"@id":"https:\/\/eko-haus.de\/ja\/japanische-kultur\/%e7%94%9f%e6%b4%bb%e6%96%87%e5%8c%96\/#breadcrumb"},"inLanguage":"ja","potentialAction":[{"@type":"ReadAction","target":["https:\/\/eko-haus.de\/ja\/japanische-kultur\/%e7%94%9f%e6%b4%bb%e6%96%87%e5%8c%96\/"]}]},{"@type":"BreadcrumbList","@id":"https:\/\/eko-haus.de\/ja\/japanische-kultur\/%e7%94%9f%e6%b4%bb%e6%96%87%e5%8c%96\/#breadcrumb","itemListElement":[{"@type":"ListItem","position":1,"name":"Startseite","item":"https:\/\/eko-haus.de\/ja\/"},{"@type":"ListItem","position":2,"name":"\u65e5\u672c\u4f1d\u7d71\u6587\u5316","item":"https:\/\/eko-haus.de\/ja\/japanische-kultur\/"},{"@type":"ListItem","position":3,"name":"\u751f\u6d3b\u6587\u5316"}]},{"@type":"WebSite","@id":"https:\/\/eko-haus.de\/ja\/#website","url":"https:\/\/eko-haus.de\/ja\/","name":"EK\u014c-Haus","description":"der JapanischenKulturen e.V.","potentialAction":[{"@type":"SearchAction","target":{"@type":"EntryPoint","urlTemplate":"https:\/\/eko-haus.de\/ja\/?s={search_term_string}"},"query-input":{"@type":"PropertyValueSpecification","valueRequired":true,"valueName":"search_term_string"}}],"inLanguage":"ja"}]}},"_links":{"self":[{"href":"https:\/\/eko-haus.de\/ja\/wp-json\/wp\/v2\/pages\/238630","targetHints":{"allow":["GET"]}}],"collection":[{"href":"https:\/\/eko-haus.de\/ja\/wp-json\/wp\/v2\/pages"}],"about":[{"href":"https:\/\/eko-haus.de\/ja\/wp-json\/wp\/v2\/types\/page"}],"author":[{"embeddable":true,"href":"https:\/\/eko-haus.de\/ja\/wp-json\/wp\/v2\/users\/2"}],"replies":[{"embeddable":true,"href":"https:\/\/eko-haus.de\/ja\/wp-json\/wp\/v2\/comments?post=238630"}],"version-history":[{"count":11,"href":"https:\/\/eko-haus.de\/ja\/wp-json\/wp\/v2\/pages\/238630\/revisions"}],"predecessor-version":[{"id":244272,"href":"https:\/\/eko-haus.de\/ja\/wp-json\/wp\/v2\/pages\/238630\/revisions\/244272"}],"up":[{"embeddable":true,"href":"https:\/\/eko-haus.de\/ja\/wp-json\/wp\/v2\/pages\/238575"}],"wp:attachment":[{"href":"https:\/\/eko-haus.de\/ja\/wp-json\/wp\/v2\/media?parent=238630"}],"curies":[{"name":"wp","href":"https:\/\/api.w.org\/{rel}","templated":true}]}}