{"id":238597,"date":"2022-09-21T11:23:54","date_gmt":"2022-09-21T09:23:54","guid":{"rendered":"https:\/\/eko-haus.de\/japanische-kultur\/%e4%bc%9d%e7%b5%b1%e8%8a%b8%e8%83%bd\/"},"modified":"2024-05-29T01:02:39","modified_gmt":"2024-05-28T23:02:39","slug":"%e4%bc%9d%e7%b5%b1%e8%8a%b8%e8%83%bd","status":"publish","type":"page","link":"https:\/\/eko-haus.de\/ja\/japanische-kultur\/%e4%bc%9d%e7%b5%b1%e8%8a%b8%e8%83%bd\/","title":{"rendered":"\u4f1d\u7d71\u82b8\u80fd"},"content":{"rendered":"<p>[et_pb_section fb_built=&#8221;1&#8243; _builder_version=&#8221;4.19.5&#8243; _module_preset=&#8221;default&#8221; custom_padding=&#8221;0px||0px||false|false&#8221; global_colors_info=&#8221;{}&#8221;][et_pb_row _builder_version=&#8221;4.19.5&#8243; _module_preset=&#8221;default&#8221; width=&#8221;100%&#8221; max_width=&#8221;100%&#8221; global_colors_info=&#8221;{}&#8221;][et_pb_column type=&#8221;4_4&#8243; _builder_version=&#8221;4.19.5&#8243; _module_preset=&#8221;default&#8221; global_colors_info=&#8221;{}&#8221;][et_pb_text _builder_version=&#8221;4.19.5&#8243; _module_preset=&#8221;default&#8221; header_text_color=&#8221;#FFFFFF&#8221; background_color=&#8221;gcid-1021896a-c9ac-4359-99df-3f865b79985b&#8221; custom_margin=&#8221;0px||0px||false|false&#8221; custom_padding=&#8221;20px||15px|40px|false|false&#8221; global_colors_info=&#8221;{%22gcid-1021896a-c9ac-4359-99df-3f865b79985b%22:%91%22background_color%22%93}&#8221;]<\/p>\n<h1>\u4f1d\u7d71\u82b8\u80fd<\/h1>\n<p>[\/et_pb_text][et_pb_menu menu_id=&#8221;146&#8243; active_link_color=&#8221;gcid-1021896a-c9ac-4359-99df-3f865b79985b&#8221; dropdown_menu_bg_color=&#8221;gcid-60c600e4-1942-4d4f-b851-22727ef5dd77&#8243; dropdown_menu_line_color=&#8221;gcid-1021896a-c9ac-4359-99df-3f865b79985b&#8221; dropdown_menu_text_color=&#8221;#FFFFFF&#8221; dropdown_menu_active_link_color=&#8221;gcid-1021896a-c9ac-4359-99df-3f865b79985b&#8221; mobile_menu_bg_color=&#8221;gcid-60c600e4-1942-4d4f-b851-22727ef5dd77&#8243; mobile_menu_text_color=&#8221;#FFFFFF&#8221; cart_icon_color=&#8221;gcid-82172296-964c-4383-b109-467afe28900a&#8221; search_icon_color=&#8221;gcid-82172296-964c-4383-b109-467afe28900a&#8221; menu_icon_color=&#8221;gcid-82172296-964c-4383-b109-467afe28900a&#8221; module_class=&#8221;page-sub-menu&#8221; _builder_version=&#8221;4.19.5&#8243; _module_preset=&#8221;default&#8221; menu_font=&#8221;|600|||||||&#8221; menu_text_color=&#8221;#FFFFFF&#8221; menu_font_size=&#8221;16px&#8221; menu_letter_spacing=&#8221;1px&#8221; background_color=&#8221;gcid-60c600e4-1942-4d4f-b851-22727ef5dd77&#8243; text_orientation=&#8221;center&#8221; sticky_position=&#8221;top&#8221; global_colors_info=&#8221;{%22gcid-60c600e4-1942-4d4f-b851-22727ef5dd77%22:%91%22background_color%22,%22dropdown_menu_bg_color%22,%22mobile_menu_bg_color%22%93,%22gcid-1021896a-c9ac-4359-99df-3f865b79985b%22:%91%22active_link_color%22,%22dropdown_menu_line_color%22,%22dropdown_menu_active_link_color%22%93,%22gcid-82172296-964c-4383-b109-467afe28900a%22:%91%22cart_icon_color%22,%22search_icon_color%22,%22menu_icon_color%22%93}&#8221;][\/et_pb_menu][\/et_pb_column][\/et_pb_row][\/et_pb_section][et_pb_section fb_built=&#8221;1&#8243; _builder_version=&#8221;4.19.5&#8243; _module_preset=&#8221;default&#8221; custom_padding=&#8221;0px||||false|false&#8221; global_colors_info=&#8221;{}&#8221;][et_pb_row column_structure=&#8221;3_5,2_5&#8243; _builder_version=&#8221;4.19.5&#8243; _module_preset=&#8221;default&#8221; width=&#8221;100%&#8221; max_width=&#8221;100%&#8221; global_colors_info=&#8221;{}&#8221;][et_pb_column type=&#8221;3_5&#8243; _builder_version=&#8221;4.19.5&#8243; _module_preset=&#8221;default&#8221; global_colors_info=&#8221;{}&#8221;][et_pb_text _builder_version=&#8221;4.21.0&#8243; _module_preset=&#8221;default&#8221; global_colors_info=&#8221;{}&#8221;]<\/p>\n<p>Japan begeistert seit vielen Jahrhunderten durch seine Kunst und K\u00fcnste, darunter Kunstformen wie Ikebana, Teezeremonie, Tuschmalerei und Kalligraphie, die viele heutzutage als typisch japanisch empfinden. Sie verdanken ihre Entstehung bzw. Entwicklung h\u00e4ufig dem Buddhismus, der sp\u00e4testens ab dem 6. Jahrhundert \u00fcber die koreanische Halbinsel nach Japan gelangte und weit mehr mitbrachte als die buddhistische Lehre und die chinesischen Schriftzeichen.<\/p>\n<p>Besonders einflussreich war die buddhistische Schulrichtung des Zen-Buddhismus, der ab dem 12. Jahrhundert in Japan Einzug hielt, sich bald besonders beim Kriegeradel gro\u00dfer Beliebtheit erfreute und viele Lebensbereiche pr\u00e4gte.<\/p>\n<p>Hier finden Sie in Zukunft &#8211; fortlaufend erg\u00e4nzt &#8211; Kurzbeitr\u00e4ge zu traditionellen japanischen K\u00fcnsten sowie Hinweis auf entsprechende Veranstaltungen des EK\u014c-Hauses. (Zu Malerei, Architektur, Gartenkunst, Kunsthandwerk etc. siehe <a href=\"https:\/\/eko-haus.de\/japanische-kultur\/bildende-kuenste\/\">Bildende K\u00fcnste<\/a>)<\/p>\n<p>&nbsp;<\/p>\n<ul>\n<li><a href=\"https:\/\/eko-haus.de\/veranstaltungen\/kultur\/teezeremonien\/\">Teezeremonien<\/a> im EK\u014c-Haus<\/li>\n<li><a href=\"https:\/\/eko-haus.de\/veranstaltungen\/kurse-workshops\/kalligraphie\/\">Kalligraphie-Kurse<\/a> im EK\u014c-Haus<\/li>\n<li>Kurs <a href=\"https:\/\/eko-haus.de\/veranstaltungen\/kurse-workshops\/koto-musik\/\">Koto-Musik<\/a> im EK\u014c-Haus<\/li>\n<li>Workshops <a href=\"https:\/\/eko-haus.de\/veranstaltungen\/kurse-workshops\/tuschebilder-sumi-e\/\">Tuschemalerei<\/a> (<em>sumi-e<\/em>) im EK\u014c-Haus<\/li>\n<li>Workshops <a href=\"https:\/\/eko-haus.de\/veranstaltungen\/kurse-workshops\/jiuta-shamisen\/\">Jiuta-shamisen-Musik<\/a> im EK\u014c-Haus<\/li>\n<li>Konzert <a href=\"https:\/\/eko-haus.de\/eventmanager\/gagaku2\/\"><em>Gagaku<\/em> mit <em>bugaku<\/em>: Klangwelten aus dem alten Japan<\/a> am 2. September 2023 im Robert-Schumann-Saal, D\u00fcsseldorf<\/li>\n<\/ul>\n<p>&nbsp;<\/p>\n<p><strong>Beitr\u00e4ge zu traditionellen K\u00fcnsten:<\/strong><\/p>\n<p>[\/et_pb_text][et_pb_blog include_categories=&#8221;282&#8243; meta_date=&#8221;d.m.Y&#8221; show_author=&#8221;off&#8221; show_categories=&#8221;off&#8221; module_class=&#8221;pa-blog-list&#8221; _builder_version=&#8221;4.21.0&#8243; _module_preset=&#8221;default&#8221; header_level=&#8221;h4&#8243; header_text_color=&#8221;gcid-1021896a-c9ac-4359-99df-3f865b79985b&#8221; body_font=&#8221;||||||||&#8221; body_font_size=&#8221;14px&#8221; body_line_height=&#8221;1.3em&#8221; meta_font=&#8221;||||||||&#8221; meta_font_size=&#8221;12px&#8221; meta_line_height=&#8221;1em&#8221; custom_css_post_meta=&#8221;padding-top: 10px !important;&#8221; global_colors_info=&#8221;{%22gcid-1021896a-c9ac-4359-99df-3f865b79985b%22:%91%22header_text_color%22%93}&#8221;][\/et_pb_blog][\/et_pb_column][et_pb_column type=&#8221;2_5&#8243; _builder_version=&#8221;4.19.5&#8243; _module_preset=&#8221;default&#8221; global_colors_info=&#8221;{}&#8221;][et_pb_image src=&#8221;https:\/\/eko-haus.de\/wp-content\/uploads\/2023\/05\/2022_tankokai_duesseldorf_03_H42cmNEU-1-e1684575004707.jpg&#8221; title_text=&#8221;\u30c9\u30a4\u30c4\u300e\u60e0\u5149\u300f\u65e5\u672c\u6587\u5316\u30bb\u30f3\u30bf\u30fc\uff08\u30c7\u30e5\u30c3\u30bb\u30eb\u30c9\u30eb\u30d5\uff09&#8221; _builder_version=&#8221;4.21.0&#8243; _module_preset=&#8221;default&#8221; global_colors_info=&#8221;{}&#8221;][\/et_pb_image][\/et_pb_column][\/et_pb_row][\/et_pb_section]<\/p>\n","protected":false},"excerpt":{"rendered":"<p>\u4f1d\u7d71\u82b8\u80fdJapan begeistert seit vielen Jahrhunderten durch seine Kunst und K\u00fcnste, darunter Kunstformen wie Ikebana, Teezeremonie, Tuschmalerei und Kalligraphie, die viele heutzutage als typisch japanisch e [&hellip;]<\/p>\n","protected":false},"author":2,"featured_media":0,"parent":238575,"menu_order":13,"comment_status":"closed","ping_status":"closed","template":"","meta":{"_acf_changed":false,"_et_pb_use_builder":"on","_et_pb_old_content":"","_et_gb_content_width":"","footnotes":""},"class_list":["post-238597","page","type-page","status-publish","hentry"],"acf":[],"yoast_head":"<!-- This site is optimized with the Yoast SEO plugin v27.3 - https:\/\/yoast.com\/product\/yoast-seo-wordpress\/ -->\n<title>EK\u014c-Haus &#8226; \u4f1d\u7d71\u82b8\u80fd<\/title>\n<meta name=\"robots\" content=\"index, follow, max-snippet:-1, max-image-preview:large, max-video-preview:-1\" \/>\n<link rel=\"canonical\" href=\"https:\/\/eko-haus.de\/ja\/japanische-kultur\/%e4%bc%9d%e7%b5%b1%e8%8a%b8%e8%83%bd\/\" \/>\n<meta property=\"og:locale\" content=\"ja_JP\" \/>\n<meta property=\"og:type\" content=\"article\" \/>\n<meta property=\"og:title\" content=\"EK\u014c-Haus &#8226; \u4f1d\u7d71\u82b8\u80fd\" \/>\n<meta property=\"og:description\" content=\"\u4f1d\u7d71\u82b8\u80fdJapan begeistert seit vielen Jahrhunderten durch seine Kunst und K\u00fcnste, darunter Kunstformen wie Ikebana, Teezeremonie, Tuschmalerei und Kalligraphie, die viele heutzutage als typisch japanisch e [&hellip;]\" \/>\n<meta property=\"og:url\" content=\"https:\/\/eko-haus.de\/ja\/japanische-kultur\/%e4%bc%9d%e7%b5%b1%e8%8a%b8%e8%83%bd\/\" \/>\n<meta property=\"og:site_name\" content=\"EK\u014c-Haus\" \/>\n<meta property=\"article:modified_time\" content=\"2024-05-28T23:02:39+00:00\" \/>\n<script type=\"application\/ld+json\" class=\"yoast-schema-graph\">{\"@context\":\"https:\\\/\\\/schema.org\",\"@graph\":[{\"@type\":\"WebPage\",\"@id\":\"https:\\\/\\\/eko-haus.de\\\/ja\\\/japanische-kultur\\\/%e4%bc%9d%e7%b5%b1%e8%8a%b8%e8%83%bd\\\/\",\"url\":\"https:\\\/\\\/eko-haus.de\\\/ja\\\/japanische-kultur\\\/%e4%bc%9d%e7%b5%b1%e8%8a%b8%e8%83%bd\\\/\",\"name\":\"EK\u014c-Haus &#8226; \u4f1d\u7d71\u82b8\u80fd\",\"isPartOf\":{\"@id\":\"https:\\\/\\\/eko-haus.de\\\/ja\\\/#website\"},\"datePublished\":\"2022-09-21T09:23:54+00:00\",\"dateModified\":\"2024-05-28T23:02:39+00:00\",\"breadcrumb\":{\"@id\":\"https:\\\/\\\/eko-haus.de\\\/ja\\\/japanische-kultur\\\/%e4%bc%9d%e7%b5%b1%e8%8a%b8%e8%83%bd\\\/#breadcrumb\"},\"inLanguage\":\"ja\",\"potentialAction\":[{\"@type\":\"ReadAction\",\"target\":[\"https:\\\/\\\/eko-haus.de\\\/ja\\\/japanische-kultur\\\/%e4%bc%9d%e7%b5%b1%e8%8a%b8%e8%83%bd\\\/\"]}]},{\"@type\":\"BreadcrumbList\",\"@id\":\"https:\\\/\\\/eko-haus.de\\\/ja\\\/japanische-kultur\\\/%e4%bc%9d%e7%b5%b1%e8%8a%b8%e8%83%bd\\\/#breadcrumb\",\"itemListElement\":[{\"@type\":\"ListItem\",\"position\":1,\"name\":\"Startseite\",\"item\":\"https:\\\/\\\/eko-haus.de\\\/ja\\\/\"},{\"@type\":\"ListItem\",\"position\":2,\"name\":\"\u65e5\u672c\u4f1d\u7d71\u6587\u5316\",\"item\":\"https:\\\/\\\/eko-haus.de\\\/ja\\\/japanische-kultur\\\/\"},{\"@type\":\"ListItem\",\"position\":3,\"name\":\"\u4f1d\u7d71\u82b8\u80fd\"}]},{\"@type\":\"WebSite\",\"@id\":\"https:\\\/\\\/eko-haus.de\\\/ja\\\/#website\",\"url\":\"https:\\\/\\\/eko-haus.de\\\/ja\\\/\",\"name\":\"EK\u014c-Haus\",\"description\":\"der JapanischenKulturen e.V.\",\"potentialAction\":[{\"@type\":\"SearchAction\",\"target\":{\"@type\":\"EntryPoint\",\"urlTemplate\":\"https:\\\/\\\/eko-haus.de\\\/ja\\\/?s={search_term_string}\"},\"query-input\":{\"@type\":\"PropertyValueSpecification\",\"valueRequired\":true,\"valueName\":\"search_term_string\"}}],\"inLanguage\":\"ja\"}]}<\/script>\n<!-- \/ Yoast SEO plugin. -->","yoast_head_json":{"title":"EK\u014c-Haus &#8226; \u4f1d\u7d71\u82b8\u80fd","robots":{"index":"index","follow":"follow","max-snippet":"max-snippet:-1","max-image-preview":"max-image-preview:large","max-video-preview":"max-video-preview:-1"},"canonical":"https:\/\/eko-haus.de\/ja\/japanische-kultur\/%e4%bc%9d%e7%b5%b1%e8%8a%b8%e8%83%bd\/","og_locale":"ja_JP","og_type":"article","og_title":"EK\u014c-Haus &#8226; \u4f1d\u7d71\u82b8\u80fd","og_description":"\u4f1d\u7d71\u82b8\u80fdJapan begeistert seit vielen Jahrhunderten durch seine Kunst und K\u00fcnste, darunter Kunstformen wie Ikebana, Teezeremonie, Tuschmalerei und Kalligraphie, die viele heutzutage als typisch japanisch e [&hellip;]","og_url":"https:\/\/eko-haus.de\/ja\/japanische-kultur\/%e4%bc%9d%e7%b5%b1%e8%8a%b8%e8%83%bd\/","og_site_name":"EK\u014c-Haus","article_modified_time":"2024-05-28T23:02:39+00:00","schema":{"@context":"https:\/\/schema.org","@graph":[{"@type":"WebPage","@id":"https:\/\/eko-haus.de\/ja\/japanische-kultur\/%e4%bc%9d%e7%b5%b1%e8%8a%b8%e8%83%bd\/","url":"https:\/\/eko-haus.de\/ja\/japanische-kultur\/%e4%bc%9d%e7%b5%b1%e8%8a%b8%e8%83%bd\/","name":"EK\u014c-Haus &#8226; \u4f1d\u7d71\u82b8\u80fd","isPartOf":{"@id":"https:\/\/eko-haus.de\/ja\/#website"},"datePublished":"2022-09-21T09:23:54+00:00","dateModified":"2024-05-28T23:02:39+00:00","breadcrumb":{"@id":"https:\/\/eko-haus.de\/ja\/japanische-kultur\/%e4%bc%9d%e7%b5%b1%e8%8a%b8%e8%83%bd\/#breadcrumb"},"inLanguage":"ja","potentialAction":[{"@type":"ReadAction","target":["https:\/\/eko-haus.de\/ja\/japanische-kultur\/%e4%bc%9d%e7%b5%b1%e8%8a%b8%e8%83%bd\/"]}]},{"@type":"BreadcrumbList","@id":"https:\/\/eko-haus.de\/ja\/japanische-kultur\/%e4%bc%9d%e7%b5%b1%e8%8a%b8%e8%83%bd\/#breadcrumb","itemListElement":[{"@type":"ListItem","position":1,"name":"Startseite","item":"https:\/\/eko-haus.de\/ja\/"},{"@type":"ListItem","position":2,"name":"\u65e5\u672c\u4f1d\u7d71\u6587\u5316","item":"https:\/\/eko-haus.de\/ja\/japanische-kultur\/"},{"@type":"ListItem","position":3,"name":"\u4f1d\u7d71\u82b8\u80fd"}]},{"@type":"WebSite","@id":"https:\/\/eko-haus.de\/ja\/#website","url":"https:\/\/eko-haus.de\/ja\/","name":"EK\u014c-Haus","description":"der JapanischenKulturen e.V.","potentialAction":[{"@type":"SearchAction","target":{"@type":"EntryPoint","urlTemplate":"https:\/\/eko-haus.de\/ja\/?s={search_term_string}"},"query-input":{"@type":"PropertyValueSpecification","valueRequired":true,"valueName":"search_term_string"}}],"inLanguage":"ja"}]}},"_links":{"self":[{"href":"https:\/\/eko-haus.de\/ja\/wp-json\/wp\/v2\/pages\/238597","targetHints":{"allow":["GET"]}}],"collection":[{"href":"https:\/\/eko-haus.de\/ja\/wp-json\/wp\/v2\/pages"}],"about":[{"href":"https:\/\/eko-haus.de\/ja\/wp-json\/wp\/v2\/types\/page"}],"author":[{"embeddable":true,"href":"https:\/\/eko-haus.de\/ja\/wp-json\/wp\/v2\/users\/2"}],"replies":[{"embeddable":true,"href":"https:\/\/eko-haus.de\/ja\/wp-json\/wp\/v2\/comments?post=238597"}],"version-history":[{"count":89,"href":"https:\/\/eko-haus.de\/ja\/wp-json\/wp\/v2\/pages\/238597\/revisions"}],"predecessor-version":[{"id":248328,"href":"https:\/\/eko-haus.de\/ja\/wp-json\/wp\/v2\/pages\/238597\/revisions\/248328"}],"up":[{"embeddable":true,"href":"https:\/\/eko-haus.de\/ja\/wp-json\/wp\/v2\/pages\/238575"}],"wp:attachment":[{"href":"https:\/\/eko-haus.de\/ja\/wp-json\/wp\/v2\/media?parent=238597"}],"curies":[{"name":"wp","href":"https:\/\/api.w.org\/{rel}","templated":true}]}}