{"id":239606,"date":"2017-11-29T17:14:26","date_gmt":"2017-11-29T16:14:26","guid":{"rendered":"https:\/\/eko-haus.de\/imprint\/"},"modified":"2026-03-24T10:41:51","modified_gmt":"2026-03-24T09:41:51","slug":"imprint","status":"publish","type":"page","link":"https:\/\/eko-haus.de\/en\/imprint\/","title":{"rendered":"Imprint"},"content":{"rendered":"<p>[et_pb_section fb_built=&#8221;1&#8243; _builder_version=&#8221;4.19.5&#8243; _module_preset=&#8221;default&#8221; custom_padding=&#8221;0px||0px||false|false&#8221; global_colors_info=&#8221;{}&#8221;][et_pb_row _builder_version=&#8221;4.19.5&#8243; _module_preset=&#8221;default&#8221; width=&#8221;100%&#8221; max_width=&#8221;100%&#8221; global_colors_info=&#8221;{}&#8221;][et_pb_column type=&#8221;4_4&#8243; _builder_version=&#8221;4.19.5&#8243; _module_preset=&#8221;default&#8221; global_colors_info=&#8221;{}&#8221;][et_pb_text _builder_version=&#8221;4.19.5&#8243; _module_preset=&#8221;default&#8221; header_text_color=&#8221;#FFFFFF&#8221; background_color=&#8221;gcid-1021896a-c9ac-4359-99df-3f865b79985b&#8221; custom_margin=&#8221;0px||0px||false|false&#8221; custom_padding=&#8221;20px||15px|40px|false|false&#8221; global_colors_info=&#8221;{%22gcid-1021896a-c9ac-4359-99df-3f865b79985b%22:%91%22background_color%22%93}&#8221;]<\/p>\n<h1>Imprint<\/h1>\n<p>[\/et_pb_text][\/et_pb_column][\/et_pb_row][\/et_pb_section][et_pb_section fb_built=&#8221;1&#8243; _builder_version=&#8221;4.19.5&#8243; _module_preset=&#8221;default&#8221; custom_padding=&#8221;0px||||false|false&#8221; global_colors_info=&#8221;{}&#8221;][et_pb_row _builder_version=&#8221;4.19.5&#8243; _module_preset=&#8221;default&#8221; width=&#8221;100%&#8221; max_width=&#8221;100%&#8221; global_colors_info=&#8221;{}&#8221;][et_pb_column type=&#8221;4_4&#8243; _builder_version=&#8221;4.19.5&#8243; _module_preset=&#8221;default&#8221; global_colors_info=&#8221;{}&#8221;][et_pb_text _builder_version=&#8221;4.27.6&#8243; _module_preset=&#8221;default&#8221; link_text_color=&#8221;gcid-1021896a-c9ac-4359-99df-3f865b79985b&#8221; hover_enabled=&#8221;0&#8243; global_colors_info=&#8221;{%22gcid-1021896a-c9ac-4359-99df-3f865b79985b%22:%91%22link_text_color%22%93}&#8221; sticky_enabled=&#8221;0&#8243;]<\/p>\n<h2>Information pursuant to Sect. 5 German Digital Services Act (DDG)<\/h2>\n<p>EKO-Haus der Japanischen Kultur e.V.<br \/>Br\u00fcggener Weg 6<br \/>40547 D\u00fcsseldorf<\/p>\n<p>Register of Associations: VR 6493<br \/>Registration court: Vereinsregister D\u00fcsseldorf<\/p>\n<p><strong>Represented by:<\/strong><br \/>Chairman: Prof. Dr. Hisao Matsumaru<\/p>\n<h2>Contact<\/h2>\n<p>Phone: +49 (0)211-577 918-0<br \/>E-mail: eko@eko-haus.de<\/p>\n<h2>Person responsible for editorial<\/h2>\n<p>Person responsible for editorial content (\u00a75 DDG): Prof. Dr. Hisao Matsumaru<\/p>\n<h2>EU dispute resolution<\/h2>\n<p>The European Commission provides a platform for online dispute resolution: <a href=\"https:\/\/consumer-redress.ec.europa.eu\/index_en\">https:\/\/consumer-redress.ec.europa.eu\/index_en<\/a>.<br \/>Our e-mail address can be found above in the site notice.<\/p>\n<h2>Dispute resolution proceedings in front of a consumer arbitration board<\/h2>\n<p>We are not willing or obliged to participate in dispute resolution proceedings in front of a consumer arbitration board.<\/p>\n<p>[\/et_pb_text][\/et_pb_column][\/et_pb_row][\/et_pb_section]<\/p>\n","protected":false},"excerpt":{"rendered":"<p>ImprintInformation pursuant to Sect. 5 German Digital Services Act (DDG) EKO-Haus der Japanischen Kultur e.V.Br\u00fcggener Weg 640547 D\u00fcsseldorf Register of Associations: VR 6493Registration court: Vereinsregister D\u00fcsseldorf Represented by:Chairman: Prof. Dr. Hisao Matsumaru Contact Phone: +49 (0)211-577 918-0E-mail: eko@eko-haus.de Person responsible for editorial Person responsible for editorial content (\u00a75 DDG): Prof. Dr. Hisao Matsumaru EU dispute resolution The European Commission provides a platform for online dispute resolution: https:\/\/consumer-redress.ec.europa.eu\/index_en.Our e-mail address can be found above in the site notice. Dispute resolution proceedings in front of a consumer arbitration board We are not willing or obliged to participate in dispute resolution proceedings in front of a consumer arbitration board.<\/p>\n","protected":false},"author":2,"featured_media":0,"parent":0,"menu_order":54,"comment_status":"closed","ping_status":"closed","template":"","meta":{"_acf_changed":false,"_et_pb_use_builder":"on","_et_pb_old_content":"","_et_gb_content_width":"","footnotes":""},"class_list":["post-239606","page","type-page","status-publish","hentry"],"acf":[],"yoast_head":"<!-- This site is optimized with the Yoast SEO plugin v27.3 - https:\/\/yoast.com\/product\/yoast-seo-wordpress\/ -->\n<title>EK\u014c-Haus &#8226; Imprint<\/title>\n<meta name=\"robots\" content=\"index, follow, max-snippet:-1, max-image-preview:large, max-video-preview:-1\" \/>\n<link rel=\"canonical\" href=\"https:\/\/eko-haus.de\/en\/imprint\/\" \/>\n<meta property=\"og:locale\" content=\"en_US\" \/>\n<meta property=\"og:type\" content=\"article\" \/>\n<meta property=\"og:title\" content=\"EK\u014c-Haus &#8226; Imprint\" \/>\n<meta property=\"og:description\" content=\"ImprintInformation pursuant to Sect. 5 German Digital Services Act (DDG) EKO-Haus der Japanischen Kultur e.V.Br\u00fcggener Weg 640547 D\u00fcsseldorf Register of Associations: VR 6493Registration court: Vereinsregister D\u00fcsseldorf Represented by:Chairman: Prof. Dr. Hisao Matsumaru Contact Phone: +49 (0)211-577 918-0E-mail: eko@eko-haus.de Person responsible for editorial Person responsible for editorial content (\u00a75 DDG): Prof. Dr. Hisao Matsumaru EU dispute resolution The European Commission provides a platform for online dispute resolution: https:\/\/consumer-redress.ec.europa.eu\/index_en.Our e-mail address can be found above in the site notice. Dispute resolution proceedings in front of a consumer arbitration board We are not willing or obliged to participate in dispute resolution proceedings in front of a consumer arbitration board.\" \/>\n<meta property=\"og:url\" content=\"https:\/\/eko-haus.de\/en\/imprint\/\" \/>\n<meta property=\"og:site_name\" content=\"EK\u014c-Haus\" \/>\n<meta property=\"article:modified_time\" content=\"2026-03-24T09:41:51+00:00\" \/>\n<script type=\"application\/ld+json\" class=\"yoast-schema-graph\">{\"@context\":\"https:\\\/\\\/schema.org\",\"@graph\":[{\"@type\":\"WebPage\",\"@id\":\"https:\\\/\\\/eko-haus.de\\\/en\\\/imprint\\\/\",\"url\":\"https:\\\/\\\/eko-haus.de\\\/en\\\/imprint\\\/\",\"name\":\"EK\u014c-Haus &#8226; Imprint\",\"isPartOf\":{\"@id\":\"https:\\\/\\\/eko-haus.de\\\/en\\\/#website\"},\"datePublished\":\"2017-11-29T16:14:26+00:00\",\"dateModified\":\"2026-03-24T09:41:51+00:00\",\"breadcrumb\":{\"@id\":\"https:\\\/\\\/eko-haus.de\\\/en\\\/imprint\\\/#breadcrumb\"},\"inLanguage\":\"en-US\",\"potentialAction\":[{\"@type\":\"ReadAction\",\"target\":[\"https:\\\/\\\/eko-haus.de\\\/en\\\/imprint\\\/\"]}]},{\"@type\":\"BreadcrumbList\",\"@id\":\"https:\\\/\\\/eko-haus.de\\\/en\\\/imprint\\\/#breadcrumb\",\"itemListElement\":[{\"@type\":\"ListItem\",\"position\":1,\"name\":\"Startseite\",\"item\":\"https:\\\/\\\/eko-haus.de\\\/en\\\/\"},{\"@type\":\"ListItem\",\"position\":2,\"name\":\"Imprint\"}]},{\"@type\":\"WebSite\",\"@id\":\"https:\\\/\\\/eko-haus.de\\\/en\\\/#website\",\"url\":\"https:\\\/\\\/eko-haus.de\\\/en\\\/\",\"name\":\"EK\u014c-Haus\",\"description\":\"der JapanischenKulturen e.V.\",\"potentialAction\":[{\"@type\":\"SearchAction\",\"target\":{\"@type\":\"EntryPoint\",\"urlTemplate\":\"https:\\\/\\\/eko-haus.de\\\/en\\\/?s={search_term_string}\"},\"query-input\":{\"@type\":\"PropertyValueSpecification\",\"valueRequired\":true,\"valueName\":\"search_term_string\"}}],\"inLanguage\":\"en-US\"}]}<\/script>\n<!-- \/ Yoast SEO plugin. -->","yoast_head_json":{"title":"EK\u014c-Haus &#8226; Imprint","robots":{"index":"index","follow":"follow","max-snippet":"max-snippet:-1","max-image-preview":"max-image-preview:large","max-video-preview":"max-video-preview:-1"},"canonical":"https:\/\/eko-haus.de\/en\/imprint\/","og_locale":"en_US","og_type":"article","og_title":"EK\u014c-Haus &#8226; Imprint","og_description":"ImprintInformation pursuant to Sect. 5 German Digital Services Act (DDG) EKO-Haus der Japanischen Kultur e.V.Br\u00fcggener Weg 640547 D\u00fcsseldorf Register of Associations: VR 6493Registration court: Vereinsregister D\u00fcsseldorf Represented by:Chairman: Prof. Dr. Hisao Matsumaru Contact Phone: +49 (0)211-577 918-0E-mail: eko@eko-haus.de Person responsible for editorial Person responsible for editorial content (\u00a75 DDG): Prof. Dr. Hisao Matsumaru EU dispute resolution The European Commission provides a platform for online dispute resolution: https:\/\/consumer-redress.ec.europa.eu\/index_en.Our e-mail address can be found above in the site notice. Dispute resolution proceedings in front of a consumer arbitration board We are not willing or obliged to participate in dispute resolution proceedings in front of a consumer arbitration board.","og_url":"https:\/\/eko-haus.de\/en\/imprint\/","og_site_name":"EK\u014c-Haus","article_modified_time":"2026-03-24T09:41:51+00:00","schema":{"@context":"https:\/\/schema.org","@graph":[{"@type":"WebPage","@id":"https:\/\/eko-haus.de\/en\/imprint\/","url":"https:\/\/eko-haus.de\/en\/imprint\/","name":"EK\u014c-Haus &#8226; Imprint","isPartOf":{"@id":"https:\/\/eko-haus.de\/en\/#website"},"datePublished":"2017-11-29T16:14:26+00:00","dateModified":"2026-03-24T09:41:51+00:00","breadcrumb":{"@id":"https:\/\/eko-haus.de\/en\/imprint\/#breadcrumb"},"inLanguage":"en-US","potentialAction":[{"@type":"ReadAction","target":["https:\/\/eko-haus.de\/en\/imprint\/"]}]},{"@type":"BreadcrumbList","@id":"https:\/\/eko-haus.de\/en\/imprint\/#breadcrumb","itemListElement":[{"@type":"ListItem","position":1,"name":"Startseite","item":"https:\/\/eko-haus.de\/en\/"},{"@type":"ListItem","position":2,"name":"Imprint"}]},{"@type":"WebSite","@id":"https:\/\/eko-haus.de\/en\/#website","url":"https:\/\/eko-haus.de\/en\/","name":"EK\u014c-Haus","description":"der JapanischenKulturen e.V.","potentialAction":[{"@type":"SearchAction","target":{"@type":"EntryPoint","urlTemplate":"https:\/\/eko-haus.de\/en\/?s={search_term_string}"},"query-input":{"@type":"PropertyValueSpecification","valueRequired":true,"valueName":"search_term_string"}}],"inLanguage":"en-US"}]}},"_links":{"self":[{"href":"https:\/\/eko-haus.de\/en\/wp-json\/wp\/v2\/pages\/239606","targetHints":{"allow":["GET"]}}],"collection":[{"href":"https:\/\/eko-haus.de\/en\/wp-json\/wp\/v2\/pages"}],"about":[{"href":"https:\/\/eko-haus.de\/en\/wp-json\/wp\/v2\/types\/page"}],"author":[{"embeddable":true,"href":"https:\/\/eko-haus.de\/en\/wp-json\/wp\/v2\/users\/2"}],"replies":[{"embeddable":true,"href":"https:\/\/eko-haus.de\/en\/wp-json\/wp\/v2\/comments?post=239606"}],"version-history":[{"count":19,"href":"https:\/\/eko-haus.de\/en\/wp-json\/wp\/v2\/pages\/239606\/revisions"}],"predecessor-version":[{"id":252608,"href":"https:\/\/eko-haus.de\/en\/wp-json\/wp\/v2\/pages\/239606\/revisions\/252608"}],"wp:attachment":[{"href":"https:\/\/eko-haus.de\/en\/wp-json\/wp\/v2\/media?parent=239606"}],"curies":[{"name":"wp","href":"https:\/\/api.w.org\/{rel}","templated":true}]}}