{"id":239590,"date":"2022-09-21T11:47:06","date_gmt":"2022-09-21T09:47:06","guid":{"rendered":"https:\/\/eko-haus.de\/other-information\/links\/"},"modified":"2024-05-08T11:59:21","modified_gmt":"2024-05-08T09:59:21","slug":"links","status":"publish","type":"page","link":"https:\/\/eko-haus.de\/en\/other-information\/links\/","title":{"rendered":"Links"},"content":{"rendered":"<p>[et_pb_section fb_built=&#8221;1&#8243; _builder_version=&#8221;4.19.5&#8243; _module_preset=&#8221;default&#8221; custom_padding=&#8221;0px||0px||false|false&#8221; global_colors_info=&#8221;{}&#8221;][et_pb_row _builder_version=&#8221;4.19.5&#8243; _module_preset=&#8221;default&#8221; width=&#8221;100%&#8221; max_width=&#8221;100%&#8221; global_colors_info=&#8221;{}&#8221;][et_pb_column type=&#8221;4_4&#8243; _builder_version=&#8221;4.19.5&#8243; _module_preset=&#8221;default&#8221; global_colors_info=&#8221;{}&#8221;][et_pb_text _builder_version=&#8221;4.19.5&#8243; _module_preset=&#8221;default&#8221; header_text_color=&#8221;#FFFFFF&#8221; background_color=&#8221;gcid-1021896a-c9ac-4359-99df-3f865b79985b&#8221; custom_margin=&#8221;0px||0px||false|false&#8221; custom_padding=&#8221;20px||15px|40px|false|false&#8221; global_colors_info=&#8221;{%22gcid-1021896a-c9ac-4359-99df-3f865b79985b%22:%91%22background_color%22%93}&#8221;]<\/p>\n<h1>Links<\/h1>\n<p>[\/et_pb_text][et_pb_menu menu_id=&#8221;219&#8243; active_link_color=&#8221;gcid-1021896a-c9ac-4359-99df-3f865b79985b&#8221; dropdown_menu_bg_color=&#8221;gcid-60c600e4-1942-4d4f-b851-22727ef5dd77&#8243; dropdown_menu_line_color=&#8221;gcid-1021896a-c9ac-4359-99df-3f865b79985b&#8221; dropdown_menu_text_color=&#8221;#FFFFFF&#8221; dropdown_menu_active_link_color=&#8221;gcid-1021896a-c9ac-4359-99df-3f865b79985b&#8221; mobile_menu_bg_color=&#8221;gcid-60c600e4-1942-4d4f-b851-22727ef5dd77&#8243; mobile_menu_text_color=&#8221;#FFFFFF&#8221; cart_icon_color=&#8221;gcid-82172296-964c-4383-b109-467afe28900a&#8221; search_icon_color=&#8221;gcid-82172296-964c-4383-b109-467afe28900a&#8221; menu_icon_color=&#8221;gcid-82172296-964c-4383-b109-467afe28900a&#8221; module_class=&#8221;page-sub-menu&#8221; _builder_version=&#8221;4.19.5&#8243; _module_preset=&#8221;default&#8221; menu_font=&#8221;|600|||||||&#8221; menu_text_color=&#8221;#FFFFFF&#8221; menu_font_size=&#8221;16px&#8221; menu_letter_spacing=&#8221;1px&#8221; background_color=&#8221;gcid-60c600e4-1942-4d4f-b851-22727ef5dd77&#8243; text_orientation=&#8221;center&#8221; sticky_position=&#8221;top&#8221; global_colors_info=&#8221;{%22gcid-60c600e4-1942-4d4f-b851-22727ef5dd77%22:%91%22background_color%22,%22dropdown_menu_bg_color%22,%22mobile_menu_bg_color%22%93,%22gcid-1021896a-c9ac-4359-99df-3f865b79985b%22:%91%22active_link_color%22,%22dropdown_menu_line_color%22,%22dropdown_menu_active_link_color%22%93,%22gcid-82172296-964c-4383-b109-467afe28900a%22:%91%22cart_icon_color%22,%22search_icon_color%22,%22menu_icon_color%22%93}&#8221;][\/et_pb_menu][\/et_pb_column][\/et_pb_row][\/et_pb_section][et_pb_section fb_built=&#8221;1&#8243; _builder_version=&#8221;4.19.5&#8243; _module_preset=&#8221;default&#8221; custom_padding=&#8221;0px||||false|false&#8221; global_colors_info=&#8221;{}&#8221;][et_pb_row column_structure=&#8221;3_5,2_5&#8243; _builder_version=&#8221;4.19.5&#8243; _module_preset=&#8221;default&#8221; width=&#8221;100%&#8221; max_width=&#8221;100%&#8221; global_colors_info=&#8221;{}&#8221;][et_pb_column type=&#8221;3_5&#8243; _builder_version=&#8221;4.19.5&#8243; _module_preset=&#8221;default&#8221; global_colors_info=&#8221;{}&#8221;][et_pb_text _builder_version=&#8221;4.25.0&#8243; _module_preset=&#8221;default&#8221; global_colors_info=&#8221;{}&#8221;]<\/p>\n<p><strong>BDK Europe e.V.<\/strong> (Bukky\u014d Dend\u014d Ky\u014dkai Europe) supports the activities of the Bukky\u014d Dend\u014d Ky\u014dkai (BDK \u2013 Society for the Promotion of Buddhism) in Japan. For more informationen see <a href=\"https:\/\/eko-haus.de\/en\/about-us\/purpose-history\/#j3\">Organization<\/a>.<\/p>\n<p>[\/et_pb_text][et_pb_text _builder_version=&#8221;4.21.0&#8243; _module_preset=&#8221;default&#8221; global_colors_info=&#8221;{}&#8221;]<\/p>\n<p><strong>Bukkyo Dendo Kyokai (BDK Japan)<br \/>Society for the Promotion of Buddhism<\/strong><br \/>3-14, Shiba 4-chome, Minato-ku <br \/>Tokyo 108-0014<br \/>JAPAN<br \/>Tel: +81-(3) 3455-5851<br \/>Fax: +81-(3) 3798-2758<br \/><a href=\"https:\/\/www.bdk.or.jp\/\">Homepage<\/a><\/p>\n<p>[\/et_pb_text][et_pb_text _builder_version=&#8221;4.21.0&#8243; _module_preset=&#8221;default&#8221; global_colors_info=&#8221;{}&#8221;]<\/p>\n<p><strong>BDK U.K.<br \/><\/strong>c\/o Mitutoyo(UK) Ltd.<br \/>Joule Road, West Point<br \/>Business Park, Andover, Hampshire SP10 3UX<br \/>U.K.<br \/>Tel: +44 1264-353123<br \/>Fax: +44 1264-354883<br \/>E-Mail: <a href=\"mailto:BDK.UK@mitutoyo.co.uk\">BDK.UK [AT] mitutoyo.co.uk<\/a><\/p>\n<p>[\/et_pb_text][et_pb_text _builder_version=&#8221;4.23.1&#8243; _module_preset=&#8221;default&#8221; global_colors_info=&#8221;{}&#8221;]<\/p>\n<p><strong>BDK Poland<br \/><\/strong>c\/o Mitutoyo Polska Sp.z o.o.<br \/>ul. Graniczna 8A <br \/>54-610 Wroclaw<br \/>POLAND<br \/>Tel: +48 (71) 354-83-50 <br \/>Fax: +48 (71) 354-83-55<\/p>\n<p>[\/et_pb_text][et_pb_text _builder_version=&#8221;4.21.0&#8243; _module_preset=&#8221;default&#8221; global_colors_info=&#8221;{}&#8221;]<\/p>\n<p><strong>Bukkyo Dendo Kyokai America, Inc. (BDK America)<br \/><\/strong>1675 School Street,<br \/>Moraga, CA 94556<br \/>U.S.A.<br \/>Tel: +1 (925) 388-0067<br \/>Fax: +1 (925) 388-0331<br \/><a href=\"http:\/\/www.bdkamerica.org\">Homepage<\/a><\/p>\n<p>[\/et_pb_text][et_pb_text _builder_version=&#8221;4.21.0&#8243; _module_preset=&#8221;default&#8221; global_colors_info=&#8221;{}&#8221;]<\/p>\n<p><strong>BDK Hawaii<br \/><\/strong>1757 Algaroba Street,<br \/>Honolulu, HI 96826<br \/>U.S.A.<br \/>Tel.: +1 (808) 942-1511<br \/>Fax: +1 (808) 942-2622<br \/>E-Mail: <a href=\"mailto:bdkshi@hotmail.com\">bdkshi [AT] hotmail.com<\/a><br \/><a href=\"http:\/\/www.bdkhawaii.com\/\">Homepage<\/a><\/p>\n<p>[\/et_pb_text][et_pb_text _builder_version=&#8221;4.21.0&#8243; _module_preset=&#8221;default&#8221; global_colors_info=&#8221;{}&#8221;]<\/p>\n<p><strong>BDK Canada<br \/><\/strong>c\/o Mitutoyo Canada Inc.<br \/>2121 Meadowvale Blvd.<br \/>Mississauga, Ontario L5N 5N1<br \/>CANADA<br \/>Tel: +1 (905) 821-1261<br \/>Fax: +1 (905) 821-4968<br \/>E-Mail: <a href=\"mailto:honjo@bdkcanada.com\">honjo [AT] bdkcanada.com<\/a><br \/><a href=\"http:\/\/www.bdkcanada.com\/\">Homepage<\/a><\/p>\n<p>[\/et_pb_text][et_pb_text _builder_version=&#8221;4.21.0&#8243; _module_preset=&#8221;default&#8221; global_colors_info=&#8221;{}&#8221;]<\/p>\n<p><strong>BDK South America<br \/><\/strong>a\/c Mitutoyo Sul Americana Ltda.<br \/>Rodovia \u00cdndio Tibiri\u00e7\u00e1 1555,<br \/>Bairro Vila Sol Nascente &#8211; Suzano &#8211; SP<br \/>BRASIL<br \/>Tel: +55 (11) 5643-0006<br \/>Fax: +55 (11) 5641-3745<br \/>E-Mail: <a href=\"mailto:bdk@mitutoyo.com.br\">bdk [AT] mitutoyo.com.br<\/a><\/p>\n<p>[\/et_pb_text][et_pb_text _builder_version=&#8221;4.21.0&#8243; _module_preset=&#8221;default&#8221; global_colors_info=&#8221;{}&#8221;]<\/p>\n<p><strong>BDK Asia<br \/><\/strong>c\/o Mitutoyo Asia Pacific Pte. Ltd.<br \/>24 Kallang Avenue, Mitutoyo Building,<br \/>Singapore, 339415<br \/>SINGAPORE<br \/>Tel: +65 6294-2211<br \/>Fax: +65 6299-6666<br \/>E-Mail: <a href=\"mailto:bdk@mitutoyo.com.sg\">bdk [AT] mitutoyo.com.sg<\/a><br \/><a href=\"https:\/\/bdkasia.org\">Homepage<\/a><\/p>\n<p>[\/et_pb_text][et_pb_text _builder_version=&#8221;4.21.0&#8243; _module_preset=&#8221;default&#8221; global_colors_info=&#8221;{}&#8221;]<\/p>\n<p><strong>BDK Taiwan<br \/><\/strong>4F., No.71, Zhouzi St., Neihu Dist.,<br \/>Taipei City 114<br \/>TAIWAN (R.O.C)<br \/>Tel.: +886 (2) 5573-5913 <br \/>Fax: +886 (2) 8752-3267<br \/>E-Mail: <a href=\"mailto:bdktaiwan@yahoo.com\">bdktaiwan [AT] yahoo.com<\/a><br \/><a href=\"https:\/\/www.bdk.tw\/\">Homepage<\/a><\/p>\n<p>[\/et_pb_text][\/et_pb_column][et_pb_column type=&#8221;2_5&#8243; _builder_version=&#8221;4.19.5&#8243; _module_preset=&#8221;default&#8221; global_colors_info=&#8221;{}&#8221;][et_pb_image src=&#8221;https:\/\/eko-haus.de\/wp-content\/uploads\/2023\/06\/2023-03-13_eko-ji-im-abendrot-scaled-e1686072775700.jpeg&#8221; title_text=&#8221;EK\u014c Garden with Temple in the afterglow.&#8221; _builder_version=&#8221;4.21.0&#8243; _module_preset=&#8221;default&#8221; global_colors_info=&#8221;{}&#8221;][\/et_pb_image][\/et_pb_column][\/et_pb_row][\/et_pb_section]<\/p>\n","protected":false},"excerpt":{"rendered":"<p>LinksBDK Europe e.V. (Bukky\u014d Dend\u014d Ky\u014dkai Europe) supports the activities of the Bukky\u014d Dend\u014d Ky\u014dkai (BDK \u2013 Society for the Promotion of Buddhism) in Japan. For more informationen see Organization.Bukkyo Dendo Kyokai (BDK Japan)Society for the Promotion of Buddhism3-14, Shiba 4-chome, Minato-ku Tokyo 108-0014JAPANTel: +81-(3) 3455-5851Fax: +81-(3) 3798-2758HomepageBDK U.K.c\/o Mitutoyo(UK) Ltd.Joule Road, West PointBusiness Park, Andover, Hampshire SP10 3UXU.K.Tel: +44 1264-353123Fax: +44 1264-354883E-Mail: BDK.UK [AT] mitutoyo.co.ukBDK Polandc\/o Mitutoyo Polska Sp.z o.o.ul. Graniczna 8A 54-610 WroclawPOLANDTel: +48 (71) 354-83-50 Fax: +48 (71) 354-83-55Bukkyo Dendo Kyokai America, Inc. (BDK America)1675 School Street,Moraga, CA 94556U.S.A.Tel: +1 (925) 388-0067Fax: +1 (925) 388-0331HomepageBDK Hawaii1757 Algaroba Street,Honolulu, HI 96826U.S.A.Tel.: +1 (808) 942-1511Fax: +1 (808) 942-2622E-Mail: bdkshi [AT] hotmail.comHomepageBDK Canadac\/o Mitutoyo Canada Inc.2121 Meadowvale Blvd.Mississauga, Ontario L5N 5N1CANADATel: +1 (905) 821-1261Fax: +1 (905) 821-4968E-Mail: honjo [AT] bdkcanada.comHomepageBDK South Americaa\/c Mitutoyo Sul Americana Ltda.Rodovia \u00cdndio Tibiri\u00e7\u00e1 1555,Bairro Vila Sol Nascente &#8211; Suzano &#8211; SPBRASILTel: +55 (11) 5643-0006Fax: +55 (11) 5641-3745E-Mail: bdk [AT] mitutoyo.com.brBDK Asiac\/o Mitutoyo Asia Pacific Pte. Ltd.24 Kallang Avenue, Mitutoyo Building,Singapore, 339415SINGAPORETel: +65 6294-2211Fax: +65 6299-6666E-Mail: bdk [AT] mitutoyo.com.sgHomepageBDK Taiwan4F., No.71, Zhouzi St., Neihu Dist.,Taipei City 114TAIWAN (R.O.C)Tel.: +886 (2) 5573-5913 Fax: +886 (2) 8752-3267E-Mail: bdktaiwan [AT] yahoo.comHomepage<\/p>\n","protected":false},"author":2,"featured_media":0,"parent":239503,"menu_order":52,"comment_status":"closed","ping_status":"closed","template":"","meta":{"_acf_changed":false,"_et_pb_use_builder":"on","_et_pb_old_content":"","_et_gb_content_width":"","footnotes":""},"class_list":["post-239590","page","type-page","status-publish","hentry"],"acf":[],"yoast_head":"<!-- This site is optimized with the Yoast SEO plugin v27.3 - https:\/\/yoast.com\/product\/yoast-seo-wordpress\/ -->\n<title>EK\u014c-Haus &#8226; Links<\/title>\n<meta name=\"robots\" content=\"index, follow, max-snippet:-1, max-image-preview:large, max-video-preview:-1\" \/>\n<link rel=\"canonical\" href=\"https:\/\/eko-haus.de\/en\/other-information\/links\/\" \/>\n<meta property=\"og:locale\" content=\"en_US\" \/>\n<meta property=\"og:type\" content=\"article\" \/>\n<meta property=\"og:title\" content=\"EK\u014c-Haus &#8226; Links\" \/>\n<meta property=\"og:description\" content=\"LinksBDK Europe e.V. (Bukky\u014d Dend\u014d Ky\u014dkai Europe) supports the activities of the Bukky\u014d Dend\u014d Ky\u014dkai (BDK \u2013 Society for the Promotion of Buddhism) in Japan. For more informationen see Organization.Bukkyo Dendo Kyokai (BDK Japan)Society for the Promotion of Buddhism3-14, Shiba 4-chome, Minato-ku Tokyo 108-0014JAPANTel: +81-(3) 3455-5851Fax: +81-(3) 3798-2758HomepageBDK U.K.c\/o Mitutoyo(UK) Ltd.Joule Road, West PointBusiness Park, Andover, Hampshire SP10 3UXU.K.Tel: +44 1264-353123Fax: +44 1264-354883E-Mail: BDK.UK [AT] mitutoyo.co.ukBDK Polandc\/o Mitutoyo Polska Sp.z o.o.ul. Graniczna 8A 54-610 WroclawPOLANDTel: +48 (71) 354-83-50 Fax: +48 (71) 354-83-55Bukkyo Dendo Kyokai America, Inc. (BDK America)1675 School Street,Moraga, CA 94556U.S.A.Tel: +1 (925) 388-0067Fax: +1 (925) 388-0331HomepageBDK Hawaii1757 Algaroba Street,Honolulu, HI 96826U.S.A.Tel.: +1 (808) 942-1511Fax: +1 (808) 942-2622E-Mail: bdkshi [AT] hotmail.comHomepageBDK Canadac\/o Mitutoyo Canada Inc.2121 Meadowvale Blvd.Mississauga, Ontario L5N 5N1CANADATel: +1 (905) 821-1261Fax: +1 (905) 821-4968E-Mail: honjo [AT] bdkcanada.comHomepageBDK South Americaa\/c Mitutoyo Sul Americana Ltda.Rodovia \u00cdndio Tibiri\u00e7\u00e1 1555,Bairro Vila Sol Nascente - Suzano - SPBRASILTel: +55 (11) 5643-0006Fax: +55 (11) 5641-3745E-Mail: bdk [AT] mitutoyo.com.brBDK Asiac\/o Mitutoyo Asia Pacific Pte. Ltd.24 Kallang Avenue, Mitutoyo Building,Singapore, 339415SINGAPORETel: +65 6294-2211Fax: +65 6299-6666E-Mail: bdk [AT] mitutoyo.com.sgHomepageBDK Taiwan4F., No.71, Zhouzi St., Neihu Dist.,Taipei City 114TAIWAN (R.O.C)Tel.: +886 (2) 5573-5913 Fax: +886 (2) 8752-3267E-Mail: bdktaiwan [AT] yahoo.comHomepage\" \/>\n<meta property=\"og:url\" content=\"https:\/\/eko-haus.de\/en\/other-information\/links\/\" \/>\n<meta property=\"og:site_name\" content=\"EK\u014c-Haus\" \/>\n<meta property=\"article:modified_time\" content=\"2024-05-08T09:59:21+00:00\" \/>\n<script type=\"application\/ld+json\" class=\"yoast-schema-graph\">{\"@context\":\"https:\\\/\\\/schema.org\",\"@graph\":[{\"@type\":\"WebPage\",\"@id\":\"https:\\\/\\\/eko-haus.de\\\/en\\\/other-information\\\/links\\\/\",\"url\":\"https:\\\/\\\/eko-haus.de\\\/en\\\/other-information\\\/links\\\/\",\"name\":\"EK\u014c-Haus &#8226; Links\",\"isPartOf\":{\"@id\":\"https:\\\/\\\/eko-haus.de\\\/en\\\/#website\"},\"datePublished\":\"2022-09-21T09:47:06+00:00\",\"dateModified\":\"2024-05-08T09:59:21+00:00\",\"breadcrumb\":{\"@id\":\"https:\\\/\\\/eko-haus.de\\\/en\\\/other-information\\\/links\\\/#breadcrumb\"},\"inLanguage\":\"en-US\",\"potentialAction\":[{\"@type\":\"ReadAction\",\"target\":[\"https:\\\/\\\/eko-haus.de\\\/en\\\/other-information\\\/links\\\/\"]}]},{\"@type\":\"BreadcrumbList\",\"@id\":\"https:\\\/\\\/eko-haus.de\\\/en\\\/other-information\\\/links\\\/#breadcrumb\",\"itemListElement\":[{\"@type\":\"ListItem\",\"position\":1,\"name\":\"Startseite\",\"item\":\"https:\\\/\\\/eko-haus.de\\\/en\\\/\"},{\"@type\":\"ListItem\",\"position\":2,\"name\":\"Other Information\",\"item\":\"https:\\\/\\\/eko-haus.de\\\/en\\\/other-information\\\/\"},{\"@type\":\"ListItem\",\"position\":3,\"name\":\"Links\"}]},{\"@type\":\"WebSite\",\"@id\":\"https:\\\/\\\/eko-haus.de\\\/en\\\/#website\",\"url\":\"https:\\\/\\\/eko-haus.de\\\/en\\\/\",\"name\":\"EK\u014c-Haus\",\"description\":\"der JapanischenKulturen e.V.\",\"potentialAction\":[{\"@type\":\"SearchAction\",\"target\":{\"@type\":\"EntryPoint\",\"urlTemplate\":\"https:\\\/\\\/eko-haus.de\\\/en\\\/?s={search_term_string}\"},\"query-input\":{\"@type\":\"PropertyValueSpecification\",\"valueRequired\":true,\"valueName\":\"search_term_string\"}}],\"inLanguage\":\"en-US\"}]}<\/script>\n<!-- \/ Yoast SEO plugin. -->","yoast_head_json":{"title":"EK\u014c-Haus &#8226; Links","robots":{"index":"index","follow":"follow","max-snippet":"max-snippet:-1","max-image-preview":"max-image-preview:large","max-video-preview":"max-video-preview:-1"},"canonical":"https:\/\/eko-haus.de\/en\/other-information\/links\/","og_locale":"en_US","og_type":"article","og_title":"EK\u014c-Haus &#8226; Links","og_description":"LinksBDK Europe e.V. (Bukky\u014d Dend\u014d Ky\u014dkai Europe) supports the activities of the Bukky\u014d Dend\u014d Ky\u014dkai (BDK \u2013 Society for the Promotion of Buddhism) in Japan. For more informationen see Organization.Bukkyo Dendo Kyokai (BDK Japan)Society for the Promotion of Buddhism3-14, Shiba 4-chome, Minato-ku Tokyo 108-0014JAPANTel: +81-(3) 3455-5851Fax: +81-(3) 3798-2758HomepageBDK U.K.c\/o Mitutoyo(UK) Ltd.Joule Road, West PointBusiness Park, Andover, Hampshire SP10 3UXU.K.Tel: +44 1264-353123Fax: +44 1264-354883E-Mail: BDK.UK [AT] mitutoyo.co.ukBDK Polandc\/o Mitutoyo Polska Sp.z o.o.ul. Graniczna 8A 54-610 WroclawPOLANDTel: +48 (71) 354-83-50 Fax: +48 (71) 354-83-55Bukkyo Dendo Kyokai America, Inc. (BDK America)1675 School Street,Moraga, CA 94556U.S.A.Tel: +1 (925) 388-0067Fax: +1 (925) 388-0331HomepageBDK Hawaii1757 Algaroba Street,Honolulu, HI 96826U.S.A.Tel.: +1 (808) 942-1511Fax: +1 (808) 942-2622E-Mail: bdkshi [AT] hotmail.comHomepageBDK Canadac\/o Mitutoyo Canada Inc.2121 Meadowvale Blvd.Mississauga, Ontario L5N 5N1CANADATel: +1 (905) 821-1261Fax: +1 (905) 821-4968E-Mail: honjo [AT] bdkcanada.comHomepageBDK South Americaa\/c Mitutoyo Sul Americana Ltda.Rodovia \u00cdndio Tibiri\u00e7\u00e1 1555,Bairro Vila Sol Nascente - Suzano - SPBRASILTel: +55 (11) 5643-0006Fax: +55 (11) 5641-3745E-Mail: bdk [AT] mitutoyo.com.brBDK Asiac\/o Mitutoyo Asia Pacific Pte. Ltd.24 Kallang Avenue, Mitutoyo Building,Singapore, 339415SINGAPORETel: +65 6294-2211Fax: +65 6299-6666E-Mail: bdk [AT] mitutoyo.com.sgHomepageBDK Taiwan4F., No.71, Zhouzi St., Neihu Dist.,Taipei City 114TAIWAN (R.O.C)Tel.: +886 (2) 5573-5913 Fax: +886 (2) 8752-3267E-Mail: bdktaiwan [AT] yahoo.comHomepage","og_url":"https:\/\/eko-haus.de\/en\/other-information\/links\/","og_site_name":"EK\u014c-Haus","article_modified_time":"2024-05-08T09:59:21+00:00","schema":{"@context":"https:\/\/schema.org","@graph":[{"@type":"WebPage","@id":"https:\/\/eko-haus.de\/en\/other-information\/links\/","url":"https:\/\/eko-haus.de\/en\/other-information\/links\/","name":"EK\u014c-Haus &#8226; Links","isPartOf":{"@id":"https:\/\/eko-haus.de\/en\/#website"},"datePublished":"2022-09-21T09:47:06+00:00","dateModified":"2024-05-08T09:59:21+00:00","breadcrumb":{"@id":"https:\/\/eko-haus.de\/en\/other-information\/links\/#breadcrumb"},"inLanguage":"en-US","potentialAction":[{"@type":"ReadAction","target":["https:\/\/eko-haus.de\/en\/other-information\/links\/"]}]},{"@type":"BreadcrumbList","@id":"https:\/\/eko-haus.de\/en\/other-information\/links\/#breadcrumb","itemListElement":[{"@type":"ListItem","position":1,"name":"Startseite","item":"https:\/\/eko-haus.de\/en\/"},{"@type":"ListItem","position":2,"name":"Other Information","item":"https:\/\/eko-haus.de\/en\/other-information\/"},{"@type":"ListItem","position":3,"name":"Links"}]},{"@type":"WebSite","@id":"https:\/\/eko-haus.de\/en\/#website","url":"https:\/\/eko-haus.de\/en\/","name":"EK\u014c-Haus","description":"der JapanischenKulturen e.V.","potentialAction":[{"@type":"SearchAction","target":{"@type":"EntryPoint","urlTemplate":"https:\/\/eko-haus.de\/en\/?s={search_term_string}"},"query-input":{"@type":"PropertyValueSpecification","valueRequired":true,"valueName":"search_term_string"}}],"inLanguage":"en-US"}]}},"_links":{"self":[{"href":"https:\/\/eko-haus.de\/en\/wp-json\/wp\/v2\/pages\/239590","targetHints":{"allow":["GET"]}}],"collection":[{"href":"https:\/\/eko-haus.de\/en\/wp-json\/wp\/v2\/pages"}],"about":[{"href":"https:\/\/eko-haus.de\/en\/wp-json\/wp\/v2\/types\/page"}],"author":[{"embeddable":true,"href":"https:\/\/eko-haus.de\/en\/wp-json\/wp\/v2\/users\/2"}],"replies":[{"embeddable":true,"href":"https:\/\/eko-haus.de\/en\/wp-json\/wp\/v2\/comments?post=239590"}],"version-history":[{"count":59,"href":"https:\/\/eko-haus.de\/en\/wp-json\/wp\/v2\/pages\/239590\/revisions"}],"predecessor-version":[{"id":247911,"href":"https:\/\/eko-haus.de\/en\/wp-json\/wp\/v2\/pages\/239590\/revisions\/247911"}],"up":[{"embeddable":true,"href":"https:\/\/eko-haus.de\/en\/wp-json\/wp\/v2\/pages\/239503"}],"wp:attachment":[{"href":"https:\/\/eko-haus.de\/en\/wp-json\/wp\/v2\/media?parent=239590"}],"curies":[{"name":"wp","href":"https:\/\/api.w.org\/{rel}","templated":true}]}}