{"id":239577,"date":"2022-09-21T11:46:40","date_gmt":"2022-09-21T09:46:40","guid":{"rendered":"https:\/\/eko-haus.de\/other-information\/souvenirs\/"},"modified":"2026-01-21T14:52:25","modified_gmt":"2026-01-21T13:52:25","slug":"souvenirs","status":"publish","type":"page","link":"https:\/\/eko-haus.de\/en\/other-information\/souvenirs\/","title":{"rendered":"Souvenirs"},"content":{"rendered":"<p>[et_pb_section fb_built=&#8221;1&#8243; _builder_version=&#8221;4.19.5&#8243; _module_preset=&#8221;default&#8221; custom_padding=&#8221;0px||0px||false|false&#8221; global_colors_info=&#8221;{}&#8221;][et_pb_row _builder_version=&#8221;4.19.5&#8243; _module_preset=&#8221;default&#8221; width=&#8221;100%&#8221; max_width=&#8221;100%&#8221; global_colors_info=&#8221;{}&#8221;][et_pb_column type=&#8221;4_4&#8243; _builder_version=&#8221;4.19.5&#8243; _module_preset=&#8221;default&#8221; global_colors_info=&#8221;{}&#8221;][et_pb_text _builder_version=&#8221;4.19.5&#8243; _module_preset=&#8221;default&#8221; header_text_color=&#8221;#FFFFFF&#8221; background_color=&#8221;gcid-1021896a-c9ac-4359-99df-3f865b79985b&#8221; custom_margin=&#8221;0px||0px||false|false&#8221; custom_padding=&#8221;20px||15px|40px|false|false&#8221; global_colors_info=&#8221;{%22gcid-1021896a-c9ac-4359-99df-3f865b79985b%22:%91%22background_color%22%93}&#8221;]<\/p>\n<h1>Souvenirs<\/h1>\n<p>[\/et_pb_text][et_pb_menu menu_id=&#8221;219&#8243; active_link_color=&#8221;gcid-1021896a-c9ac-4359-99df-3f865b79985b&#8221; dropdown_menu_bg_color=&#8221;gcid-60c600e4-1942-4d4f-b851-22727ef5dd77&#8243; dropdown_menu_line_color=&#8221;gcid-1021896a-c9ac-4359-99df-3f865b79985b&#8221; dropdown_menu_text_color=&#8221;#FFFFFF&#8221; dropdown_menu_active_link_color=&#8221;gcid-1021896a-c9ac-4359-99df-3f865b79985b&#8221; mobile_menu_bg_color=&#8221;gcid-60c600e4-1942-4d4f-b851-22727ef5dd77&#8243; mobile_menu_text_color=&#8221;#FFFFFF&#8221; cart_icon_color=&#8221;gcid-82172296-964c-4383-b109-467afe28900a&#8221; search_icon_color=&#8221;gcid-82172296-964c-4383-b109-467afe28900a&#8221; menu_icon_color=&#8221;gcid-82172296-964c-4383-b109-467afe28900a&#8221; module_class=&#8221;page-sub-menu&#8221; _builder_version=&#8221;4.19.5&#8243; _module_preset=&#8221;default&#8221; menu_font=&#8221;|600|||||||&#8221; menu_text_color=&#8221;#FFFFFF&#8221; menu_font_size=&#8221;16px&#8221; menu_letter_spacing=&#8221;1px&#8221; background_color=&#8221;gcid-60c600e4-1942-4d4f-b851-22727ef5dd77&#8243; text_orientation=&#8221;center&#8221; sticky_position=&#8221;top&#8221; global_colors_info=&#8221;{%22gcid-60c600e4-1942-4d4f-b851-22727ef5dd77%22:%91%22background_color%22,%22dropdown_menu_bg_color%22,%22mobile_menu_bg_color%22%93,%22gcid-1021896a-c9ac-4359-99df-3f865b79985b%22:%91%22active_link_color%22,%22dropdown_menu_line_color%22,%22dropdown_menu_active_link_color%22%93,%22gcid-82172296-964c-4383-b109-467afe28900a%22:%91%22cart_icon_color%22,%22search_icon_color%22,%22menu_icon_color%22%93}&#8221;][\/et_pb_menu][\/et_pb_column][\/et_pb_row][\/et_pb_section][et_pb_section fb_built=&#8221;1&#8243; _builder_version=&#8221;4.19.5&#8243; _module_preset=&#8221;default&#8221; custom_padding=&#8221;0px||||false|false&#8221; global_colors_info=&#8221;{}&#8221;][et_pb_row column_structure=&#8221;3_5,2_5&#8243; _builder_version=&#8221;4.19.5&#8243; _module_preset=&#8221;default&#8221; width=&#8221;100%&#8221; max_width=&#8221;100%&#8221; global_colors_info=&#8221;{}&#8221;][et_pb_column type=&#8221;3_5&#8243; _builder_version=&#8221;4.19.5&#8243; _module_preset=&#8221;default&#8221; global_colors_info=&#8221;{}&#8221;][et_pb_text _builder_version=&#8221;4.27.5&#8243; _module_preset=&#8221;default&#8221; global_colors_info=&#8221;{}&#8221;]<\/p>\n<p>At the reception of the EK\u014c Center you can buy <a href=\"https:\/\/eko-haus.de\/en\/other-information\/publications\/#j3\">The Teaching of Buddha<\/a> in 46 languages and other p<a href=\"https:\/\/eko-haus.de\/en\/other-information\/publications\/\">ublications<\/a>. You can also buy postcards of the EK\u014c Center, a postcard set with painted scenes from the life of Buddha, annual zodiac figurines and, sometimes, catalogues for the current exhibition.<\/p>\n<p>Please note that only <strong>cash payment<\/strong> in euros is possible (no payment by credit card, EC card or similar).<\/p>\n<p>[\/et_pb_text][et_pb_text _builder_version=&#8221;4.27.5&#8243; _module_preset=&#8221;default&#8221; global_colors_info=&#8221;{}&#8221;]<\/p>\n<p style=\"text-align: left;\"><b>Annual zodiac figurines <\/b>(Japanese: eto-ningy\u014d)<\/p>\n<p style=\"text-align: left;\"><strong>Horse: <\/strong>2026 (2014, 2002, 1990, 1978, 1966, 1954, 1942, 1930) &#8211; \u20ac19 for purchase in the EKO Center (shipping costs extra)<\/p>\n<p style=\"text-align: left;\">There are also some annual zodiac figurines from earlier years at a special price, e.g.<\/p>\n<ul>\n<li style=\"text-align: left;\"><strong>Ox:<\/strong> 2021 (2009, 1997, 1985, 1973, 1961, 1949, 1937, 1925) &#8211; \u20ac 8 when bought at the EK\u014c Center (shipping: plus shipping costs)<\/li>\n<li style=\"text-align: left;\"><strong>Monkey:<\/strong> 2016 (2004, 1992, 1980, 1968, 1956, 1944, 1932, 1920) &#8211; \u20ac 8 when bought at the EK\u014c Center (shipping: plus shipping costs)<\/li>\n<li><strong>Sheep:<\/strong> 2015 (2003, 1991, 1979, 1967, 1955, 1943, 1931, 1919) &#8211; \u20ac 8 when bought at the EK\u014c Center (shipping: plus shipping costs)<\/li>\n<li><strong>Snake:<\/strong> 2013 (2001, 1989, 1977, 1965, 1953, 1941, 1929, 1917) &#8211; \u20ac 8 when bought at the EK\u014c Center (shipping: plus shipping costs)<\/li>\n<\/ul>\n<p>We appreciate your interest.<\/p>\n<p>[\/et_pb_text][\/et_pb_column][et_pb_column type=&#8221;2_5&#8243; _builder_version=&#8221;4.19.5&#8243; _module_preset=&#8221;default&#8221; global_colors_info=&#8221;{}&#8221;][et_pb_image src=&#8221;https:\/\/eko-haus.de\/wp-content\/uploads\/2026\/01\/Uma-e1769001957604.png&#8221; title_text=&#8221;Horse zodiac sign 2026&#8243; _builder_version=&#8221;4.27.5&#8243; _module_preset=&#8221;default&#8221; hover_enabled=&#8221;0&#8243; global_colors_info=&#8221;{}&#8221; sticky_enabled=&#8221;0&#8243;][\/et_pb_image][\/et_pb_column][\/et_pb_row][et_pb_row column_structure=&#8221;3_5,2_5&#8243; _builder_version=&#8221;4.19.5&#8243; _module_preset=&#8221;default&#8221; width=&#8221;100%&#8221; max_width=&#8221;100%&#8221; global_colors_info=&#8221;{}&#8221;][et_pb_column type=&#8221;3_5&#8243; _builder_version=&#8221;4.19.5&#8243; _module_preset=&#8221;default&#8221; global_colors_info=&#8221;{}&#8221;][et_pb_text _builder_version=&#8221;4.21.0&#8243; _module_preset=&#8221;default&#8221; global_colors_info=&#8221;{}&#8221;]<\/p>\n<p style=\"text-align: left;\"><strong>Postcards<\/strong><\/p>\n<ul>\n<li style=\"text-align: left;\"><strong>Photo postcards of the EK\u014c Center:<\/strong><br \/>\nsingle cards (\u20ac0.50\/each) or in a set of 10 (\u20ac4.50)<\/li>\n<\/ul>\n<p>[\/et_pb_text][\/et_pb_column][et_pb_column type=&#8221;2_5&#8243; _builder_version=&#8221;4.19.5&#8243; _module_preset=&#8221;default&#8221; global_colors_info=&#8221;{}&#8221;][et_pb_image src=&#8221;https:\/\/eko-haus.de\/wp-content\/uploads\/2023\/06\/eko-postkarten-set-scaled-e1686076527979.jpg&#8221; title_text=&#8221;Postcard set of the EK\u014c Center&#8221; _builder_version=&#8221;4.21.0&#8243; _module_preset=&#8221;default&#8221; global_colors_info=&#8221;{}&#8221;][\/et_pb_image][\/et_pb_column][\/et_pb_row][et_pb_row column_structure=&#8221;3_5,2_5&#8243; _builder_version=&#8221;4.19.5&#8243; _module_preset=&#8221;default&#8221; width=&#8221;100%&#8221; max_width=&#8221;100%&#8221; global_colors_info=&#8221;{}&#8221;][et_pb_column type=&#8221;3_5&#8243; _builder_version=&#8221;4.19.5&#8243; _module_preset=&#8221;default&#8221; global_colors_info=&#8221;{}&#8221;][et_pb_text _builder_version=&#8221;4.21.0&#8243; _module_preset=&#8221;default&#8221; global_colors_info=&#8221;{}&#8221;]&nbsp;<\/p>\n<ul>\n<li><strong>Picture postcards \u201cScenes from Buddha\u2019s Life\u201d (painter: NOUSU K\u014dsetsu):<\/strong><br \/>\nset of 8 cards (\u20ac1.00)<\/li>\n<\/ul>\n<p>[\/et_pb_text][\/et_pb_column][et_pb_column type=&#8221;2_5&#8243; _builder_version=&#8221;4.19.5&#8243; _module_preset=&#8221;default&#8221; global_colors_info=&#8221;{}&#8221;][et_pb_image src=&#8221;https:\/\/eko-haus.de\/wp-content\/uploads\/2023\/06\/IMG-0510-scaled-e1687174547683.jpg&#8221; title_text=&#8221;Scenes from Buddha&#039;s Life (NOUSU K\u014dsetsu)&#8221; _builder_version=&#8221;4.21.0&#8243; _module_preset=&#8221;default&#8221; global_colors_info=&#8221;{}&#8221;][\/et_pb_image][\/et_pb_column][\/et_pb_row][\/et_pb_section]<\/p>\n","protected":false},"excerpt":{"rendered":"<p>Souvenirs At the reception of the EK\u014c Center you can buy The Teaching of Buddha in 46 languages and other publications. You can also buy postcards of the EK\u014c Center, a postcard set with painted scenes from the life of Buddha, annual zodiac figurines and, sometimes, catalogues for the current exhibition. Please note that only cash payment in euros is possible (no payment by credit card, EC card or similar).Annual zodiac figurines (Japanese: eto-ningy\u014d) Horse: 2026 (2014, 2002, 1990, 1978, 1966, 1954, 1942, 1930) &#8211; \u20ac19 for purchase in the EKO Center (shipping costs extra) There are also some annual zodiac figurines from earlier years at a special price, e.g. Ox: 2021 (2009, 1997, 1985, 1973, 1961, 1949, 1937, 1925) &#8211; \u20ac 8 when bought at the EK\u014c Center (shipping: plus shipping costs) Monkey: 2016 (2004, 1992, 1980, 1968, 1956, 1944, 1932, 1920) &#8211; \u20ac 8 when bought at the EK\u014c Center (shipping: plus shipping costs) Sheep: 2015 (2003, 1991, 1979, 1967, 1955, 1943, 1931, 1919) &#8211; \u20ac 8 when bought at the EK\u014c Center (shipping: plus shipping costs) Snake: 2013 (2001, 1989, 1977, 1965, 1953, 1941, 1929, 1917) &#8211; \u20ac 8 when bought at the EK\u014c Center (shipping: plus [&hellip;]<\/p>\n","protected":false},"author":2,"featured_media":0,"parent":239503,"menu_order":51,"comment_status":"closed","ping_status":"closed","template":"","meta":{"_acf_changed":false,"_et_pb_use_builder":"on","_et_pb_old_content":"","_et_gb_content_width":"","footnotes":""},"class_list":["post-239577","page","type-page","status-publish","hentry"],"acf":[],"yoast_head":"<!-- This site is optimized with the Yoast SEO plugin v27.3 - https:\/\/yoast.com\/product\/yoast-seo-wordpress\/ -->\n<title>EK\u014c-Haus &#8226; Souvenirs<\/title>\n<meta name=\"robots\" content=\"index, follow, max-snippet:-1, max-image-preview:large, max-video-preview:-1\" \/>\n<link rel=\"canonical\" href=\"https:\/\/eko-haus.de\/en\/other-information\/souvenirs\/\" \/>\n<meta property=\"og:locale\" content=\"en_US\" \/>\n<meta property=\"og:type\" content=\"article\" \/>\n<meta property=\"og:title\" content=\"EK\u014c-Haus &#8226; Souvenirs\" \/>\n<meta property=\"og:description\" content=\"Souvenirs At the reception of the EK\u014c Center you can buy The Teaching of Buddha in 46 languages and other publications. You can also buy postcards of the EK\u014c Center, a postcard set with painted scenes from the life of Buddha, annual zodiac figurines and, sometimes, catalogues for the current exhibition. Please note that only cash payment in euros is possible (no payment by credit card, EC card or similar).Annual zodiac figurines (Japanese: eto-ningy\u014d) Horse: 2026 (2014, 2002, 1990, 1978, 1966, 1954, 1942, 1930) - \u20ac19 for purchase in the EKO Center (shipping costs extra) There are also some annual zodiac figurines from earlier years at a special price, e.g. Ox: 2021 (2009, 1997, 1985, 1973, 1961, 1949, 1937, 1925) - \u20ac 8 when bought at the EK\u014c Center (shipping: plus shipping costs) Monkey: 2016 (2004, 1992, 1980, 1968, 1956, 1944, 1932, 1920) - \u20ac 8 when bought at the EK\u014c Center (shipping: plus shipping costs) Sheep: 2015 (2003, 1991, 1979, 1967, 1955, 1943, 1931, 1919) - \u20ac 8 when bought at the EK\u014c Center (shipping: plus shipping costs) Snake: 2013 (2001, 1989, 1977, 1965, 1953, 1941, 1929, 1917) - \u20ac 8 when bought at the EK\u014c Center (shipping: plus [&hellip;]\" \/>\n<meta property=\"og:url\" content=\"https:\/\/eko-haus.de\/en\/other-information\/souvenirs\/\" \/>\n<meta property=\"og:site_name\" content=\"EK\u014c-Haus\" \/>\n<meta property=\"article:modified_time\" content=\"2026-01-21T13:52:25+00:00\" \/>\n<script type=\"application\/ld+json\" class=\"yoast-schema-graph\">{\"@context\":\"https:\\\/\\\/schema.org\",\"@graph\":[{\"@type\":\"WebPage\",\"@id\":\"https:\\\/\\\/eko-haus.de\\\/en\\\/other-information\\\/souvenirs\\\/\",\"url\":\"https:\\\/\\\/eko-haus.de\\\/en\\\/other-information\\\/souvenirs\\\/\",\"name\":\"EK\u014c-Haus &#8226; Souvenirs\",\"isPartOf\":{\"@id\":\"https:\\\/\\\/eko-haus.de\\\/en\\\/#website\"},\"datePublished\":\"2022-09-21T09:46:40+00:00\",\"dateModified\":\"2026-01-21T13:52:25+00:00\",\"breadcrumb\":{\"@id\":\"https:\\\/\\\/eko-haus.de\\\/en\\\/other-information\\\/souvenirs\\\/#breadcrumb\"},\"inLanguage\":\"en-US\",\"potentialAction\":[{\"@type\":\"ReadAction\",\"target\":[\"https:\\\/\\\/eko-haus.de\\\/en\\\/other-information\\\/souvenirs\\\/\"]}]},{\"@type\":\"BreadcrumbList\",\"@id\":\"https:\\\/\\\/eko-haus.de\\\/en\\\/other-information\\\/souvenirs\\\/#breadcrumb\",\"itemListElement\":[{\"@type\":\"ListItem\",\"position\":1,\"name\":\"Startseite\",\"item\":\"https:\\\/\\\/eko-haus.de\\\/en\\\/\"},{\"@type\":\"ListItem\",\"position\":2,\"name\":\"Other Information\",\"item\":\"https:\\\/\\\/eko-haus.de\\\/en\\\/other-information\\\/\"},{\"@type\":\"ListItem\",\"position\":3,\"name\":\"Souvenirs\"}]},{\"@type\":\"WebSite\",\"@id\":\"https:\\\/\\\/eko-haus.de\\\/en\\\/#website\",\"url\":\"https:\\\/\\\/eko-haus.de\\\/en\\\/\",\"name\":\"EK\u014c-Haus\",\"description\":\"der JapanischenKulturen e.V.\",\"potentialAction\":[{\"@type\":\"SearchAction\",\"target\":{\"@type\":\"EntryPoint\",\"urlTemplate\":\"https:\\\/\\\/eko-haus.de\\\/en\\\/?s={search_term_string}\"},\"query-input\":{\"@type\":\"PropertyValueSpecification\",\"valueRequired\":true,\"valueName\":\"search_term_string\"}}],\"inLanguage\":\"en-US\"}]}<\/script>\n<!-- \/ Yoast SEO plugin. -->","yoast_head_json":{"title":"EK\u014c-Haus &#8226; Souvenirs","robots":{"index":"index","follow":"follow","max-snippet":"max-snippet:-1","max-image-preview":"max-image-preview:large","max-video-preview":"max-video-preview:-1"},"canonical":"https:\/\/eko-haus.de\/en\/other-information\/souvenirs\/","og_locale":"en_US","og_type":"article","og_title":"EK\u014c-Haus &#8226; Souvenirs","og_description":"Souvenirs At the reception of the EK\u014c Center you can buy The Teaching of Buddha in 46 languages and other publications. You can also buy postcards of the EK\u014c Center, a postcard set with painted scenes from the life of Buddha, annual zodiac figurines and, sometimes, catalogues for the current exhibition. Please note that only cash payment in euros is possible (no payment by credit card, EC card or similar).Annual zodiac figurines (Japanese: eto-ningy\u014d) Horse: 2026 (2014, 2002, 1990, 1978, 1966, 1954, 1942, 1930) - \u20ac19 for purchase in the EKO Center (shipping costs extra) There are also some annual zodiac figurines from earlier years at a special price, e.g. Ox: 2021 (2009, 1997, 1985, 1973, 1961, 1949, 1937, 1925) - \u20ac 8 when bought at the EK\u014c Center (shipping: plus shipping costs) Monkey: 2016 (2004, 1992, 1980, 1968, 1956, 1944, 1932, 1920) - \u20ac 8 when bought at the EK\u014c Center (shipping: plus shipping costs) Sheep: 2015 (2003, 1991, 1979, 1967, 1955, 1943, 1931, 1919) - \u20ac 8 when bought at the EK\u014c Center (shipping: plus shipping costs) Snake: 2013 (2001, 1989, 1977, 1965, 1953, 1941, 1929, 1917) - \u20ac 8 when bought at the EK\u014c Center (shipping: plus [&hellip;]","og_url":"https:\/\/eko-haus.de\/en\/other-information\/souvenirs\/","og_site_name":"EK\u014c-Haus","article_modified_time":"2026-01-21T13:52:25+00:00","schema":{"@context":"https:\/\/schema.org","@graph":[{"@type":"WebPage","@id":"https:\/\/eko-haus.de\/en\/other-information\/souvenirs\/","url":"https:\/\/eko-haus.de\/en\/other-information\/souvenirs\/","name":"EK\u014c-Haus &#8226; Souvenirs","isPartOf":{"@id":"https:\/\/eko-haus.de\/en\/#website"},"datePublished":"2022-09-21T09:46:40+00:00","dateModified":"2026-01-21T13:52:25+00:00","breadcrumb":{"@id":"https:\/\/eko-haus.de\/en\/other-information\/souvenirs\/#breadcrumb"},"inLanguage":"en-US","potentialAction":[{"@type":"ReadAction","target":["https:\/\/eko-haus.de\/en\/other-information\/souvenirs\/"]}]},{"@type":"BreadcrumbList","@id":"https:\/\/eko-haus.de\/en\/other-information\/souvenirs\/#breadcrumb","itemListElement":[{"@type":"ListItem","position":1,"name":"Startseite","item":"https:\/\/eko-haus.de\/en\/"},{"@type":"ListItem","position":2,"name":"Other Information","item":"https:\/\/eko-haus.de\/en\/other-information\/"},{"@type":"ListItem","position":3,"name":"Souvenirs"}]},{"@type":"WebSite","@id":"https:\/\/eko-haus.de\/en\/#website","url":"https:\/\/eko-haus.de\/en\/","name":"EK\u014c-Haus","description":"der JapanischenKulturen e.V.","potentialAction":[{"@type":"SearchAction","target":{"@type":"EntryPoint","urlTemplate":"https:\/\/eko-haus.de\/en\/?s={search_term_string}"},"query-input":{"@type":"PropertyValueSpecification","valueRequired":true,"valueName":"search_term_string"}}],"inLanguage":"en-US"}]}},"_links":{"self":[{"href":"https:\/\/eko-haus.de\/en\/wp-json\/wp\/v2\/pages\/239577","targetHints":{"allow":["GET"]}}],"collection":[{"href":"https:\/\/eko-haus.de\/en\/wp-json\/wp\/v2\/pages"}],"about":[{"href":"https:\/\/eko-haus.de\/en\/wp-json\/wp\/v2\/types\/page"}],"author":[{"embeddable":true,"href":"https:\/\/eko-haus.de\/en\/wp-json\/wp\/v2\/users\/2"}],"replies":[{"embeddable":true,"href":"https:\/\/eko-haus.de\/en\/wp-json\/wp\/v2\/comments?post=239577"}],"version-history":[{"count":121,"href":"https:\/\/eko-haus.de\/en\/wp-json\/wp\/v2\/pages\/239577\/revisions"}],"predecessor-version":[{"id":252250,"href":"https:\/\/eko-haus.de\/en\/wp-json\/wp\/v2\/pages\/239577\/revisions\/252250"}],"up":[{"embeddable":true,"href":"https:\/\/eko-haus.de\/en\/wp-json\/wp\/v2\/pages\/239503"}],"wp:attachment":[{"href":"https:\/\/eko-haus.de\/en\/wp-json\/wp\/v2\/media?parent=239577"}],"curies":[{"name":"wp","href":"https:\/\/api.w.org\/{rel}","templated":true}]}}