{"id":238191,"date":"2022-09-21T11:23:54","date_gmt":"2022-09-21T09:23:54","guid":{"rendered":"https:\/\/eko-haus.de\/japanese-culture\/traditional-culture\/"},"modified":"2024-05-29T01:02:39","modified_gmt":"2024-05-28T23:02:39","slug":"traditional-culture","status":"publish","type":"page","link":"https:\/\/eko-haus.de\/en\/japanese-culture\/traditional-culture\/","title":{"rendered":"Traditional Culture"},"content":{"rendered":"<p>[et_pb_section fb_built=&#8221;1&#8243; _builder_version=&#8221;4.19.5&#8243; _module_preset=&#8221;default&#8221; custom_padding=&#8221;0px||0px||false|false&#8221; global_colors_info=&#8221;{}&#8221;][et_pb_row _builder_version=&#8221;4.19.5&#8243; _module_preset=&#8221;default&#8221; width=&#8221;100%&#8221; max_width=&#8221;100%&#8221; global_colors_info=&#8221;{}&#8221;][et_pb_column type=&#8221;4_4&#8243; _builder_version=&#8221;4.19.5&#8243; _module_preset=&#8221;default&#8221; global_colors_info=&#8221;{}&#8221;][et_pb_text _builder_version=&#8221;4.19.5&#8243; _module_preset=&#8221;default&#8221; header_text_color=&#8221;#FFFFFF&#8221; background_color=&#8221;gcid-1021896a-c9ac-4359-99df-3f865b79985b&#8221; custom_margin=&#8221;0px||0px||false|false&#8221; custom_padding=&#8221;20px||15px|40px|false|false&#8221; global_colors_info=&#8221;{%22gcid-1021896a-c9ac-4359-99df-3f865b79985b%22:%91%22background_color%22%93}&#8221;]<\/p>\n<h1>Traditional Culture<\/h1>\n<p>[\/et_pb_text][et_pb_menu menu_id=&#8221;146&#8243; active_link_color=&#8221;gcid-1021896a-c9ac-4359-99df-3f865b79985b&#8221; dropdown_menu_bg_color=&#8221;gcid-60c600e4-1942-4d4f-b851-22727ef5dd77&#8243; dropdown_menu_line_color=&#8221;gcid-1021896a-c9ac-4359-99df-3f865b79985b&#8221; dropdown_menu_text_color=&#8221;#FFFFFF&#8221; dropdown_menu_active_link_color=&#8221;gcid-1021896a-c9ac-4359-99df-3f865b79985b&#8221; mobile_menu_bg_color=&#8221;gcid-60c600e4-1942-4d4f-b851-22727ef5dd77&#8243; mobile_menu_text_color=&#8221;#FFFFFF&#8221; cart_icon_color=&#8221;gcid-82172296-964c-4383-b109-467afe28900a&#8221; search_icon_color=&#8221;gcid-82172296-964c-4383-b109-467afe28900a&#8221; menu_icon_color=&#8221;gcid-82172296-964c-4383-b109-467afe28900a&#8221; module_class=&#8221;page-sub-menu&#8221; _builder_version=&#8221;4.19.5&#8243; _module_preset=&#8221;default&#8221; menu_font=&#8221;|600|||||||&#8221; menu_text_color=&#8221;#FFFFFF&#8221; menu_font_size=&#8221;16px&#8221; menu_letter_spacing=&#8221;1px&#8221; background_color=&#8221;gcid-60c600e4-1942-4d4f-b851-22727ef5dd77&#8243; text_orientation=&#8221;center&#8221; sticky_position=&#8221;top&#8221; global_colors_info=&#8221;{%22gcid-60c600e4-1942-4d4f-b851-22727ef5dd77%22:%91%22background_color%22,%22dropdown_menu_bg_color%22,%22mobile_menu_bg_color%22%93,%22gcid-1021896a-c9ac-4359-99df-3f865b79985b%22:%91%22active_link_color%22,%22dropdown_menu_line_color%22,%22dropdown_menu_active_link_color%22%93,%22gcid-82172296-964c-4383-b109-467afe28900a%22:%91%22cart_icon_color%22,%22search_icon_color%22,%22menu_icon_color%22%93}&#8221;][\/et_pb_menu][\/et_pb_column][\/et_pb_row][\/et_pb_section][et_pb_section fb_built=&#8221;1&#8243; _builder_version=&#8221;4.19.5&#8243; _module_preset=&#8221;default&#8221; custom_padding=&#8221;0px||||false|false&#8221; global_colors_info=&#8221;{}&#8221;][et_pb_row column_structure=&#8221;3_5,2_5&#8243; _builder_version=&#8221;4.19.5&#8243; _module_preset=&#8221;default&#8221; width=&#8221;100%&#8221; max_width=&#8221;100%&#8221; global_colors_info=&#8221;{}&#8221;][et_pb_column type=&#8221;3_5&#8243; _builder_version=&#8221;4.19.5&#8243; _module_preset=&#8221;default&#8221; global_colors_info=&#8221;{}&#8221;][et_pb_text _builder_version=&#8221;4.21.0&#8243; _module_preset=&#8221;default&#8221; global_colors_info=&#8221;{}&#8221;]<\/p>\n<p>Since many centuries, Japan fascinates with its arts and crafts, including art forms such as ikebana, tea ceremony, ink painting and calligraphy, which many today perceive as typically Japanese. They often owe their emergence or development to Buddhism, which reached Japan via the Korean peninsula at the latest from the 6th century and brought with it far more than Buddhist teachings and Chinese characters.<\/p>\n<p>Particularly influential was the Buddhist school of Zen Buddhism, which found its way into Japan from the 12th century onwards. It soon enjoyed great popularity, especially among the warrior nobility, and shaped many areas of Japanese life.<\/p>\n<p>In the future, you will find short articles on traditional Japanese arts here &#8211; continuously updated &#8211; as well as information on corresponding events at the EK\u014c Center. (For painting, architecture, garden art, crafts, etc. see <a href=\"https:\/\/eko-haus.de\/en\/japanese-culture\/fine-arts\/\">Fine Arts<\/a>)<\/p>\n<p>&nbsp;<\/p>\n<ul>\n<li><a href=\"https:\/\/eko-haus.de\/en\/events\/culture\/tea-ceremonies\/\">Tea ceremonies<\/a> in the EK\u014c Center<\/li>\n<li><a href=\"https:\/\/eko-haus.de\/en\/events\/courses-and-workshops\/calligraphy\/\">Calligraphy Courses<\/a> in the EK\u014c Center<\/li>\n<li>Course <a href=\"https:\/\/eko-haus.de\/en\/events\/courses-and-workshops\/koto-music\/\">Koto music<\/a> in the EK\u014c Center<\/li>\n<li>Workshops <a href=\"https:\/\/eko-haus.de\/en\/events\/courses-and-workshops\/ink-painting-sumi-e\/\">Ink painting<\/a> (<em>sumi-e<\/em>) in the EK\u014c Center<\/li>\n<li>Workshops <a href=\"https:\/\/eko-haus.de\/en\/events\/courses-and-workshops\/jiuta-shamisen\/\">Jiuta-shamisen music<\/a> in the EK\u014c Center<\/li>\n<li>Concert <a href=\"https:\/\/eko-haus.de\/en\/eventmanager\/gagaku-and-bugaku-sound-and-music-from-old-japan\/\"><em>Gagaku<\/em> and <em>bugaku<\/em>: Music and Dance from ancient Japan<\/a> on Sept. 2, 2023 in the Robert-Schumann Concert Hall, D\u00fcsseldorf<\/li>\n<\/ul>\n<p>&nbsp;<\/p>\n<p><strong>Articles on traditional Japanese arts:<\/strong><\/p>\n<p>[\/et_pb_text][et_pb_blog include_categories=&#8221;282&#8243; meta_date=&#8221;d.m.Y&#8221; show_author=&#8221;off&#8221; show_categories=&#8221;off&#8221; module_class=&#8221;pa-blog-list&#8221; _builder_version=&#8221;4.21.0&#8243; _module_preset=&#8221;default&#8221; header_level=&#8221;h4&#8243; header_text_color=&#8221;gcid-1021896a-c9ac-4359-99df-3f865b79985b&#8221; body_font=&#8221;||||||||&#8221; body_font_size=&#8221;14px&#8221; body_line_height=&#8221;1.3em&#8221; meta_font=&#8221;||||||||&#8221; meta_font_size=&#8221;12px&#8221; meta_line_height=&#8221;1em&#8221; custom_css_post_meta=&#8221;padding-top: 10px !important;&#8221; global_colors_info=&#8221;{%22gcid-1021896a-c9ac-4359-99df-3f865b79985b%22:%91%22header_text_color%22%93}&#8221;][\/et_pb_blog][\/et_pb_column][et_pb_column type=&#8221;2_5&#8243; _builder_version=&#8221;4.19.5&#8243; _module_preset=&#8221;default&#8221; global_colors_info=&#8221;{}&#8221;][et_pb_image src=&#8221;https:\/\/eko-haus.de\/wp-content\/uploads\/2023\/05\/2022_tankokai_duesseldorf_03_H42cmNEU-1-e1684575004707.jpg&#8221; title_text=&#8221;EK\u014c Center Dusseldorf&#8221; _builder_version=&#8221;4.21.0&#8243; _module_preset=&#8221;default&#8221; global_colors_info=&#8221;{}&#8221;][\/et_pb_image][\/et_pb_column][\/et_pb_row][\/et_pb_section]<\/p>\n","protected":false},"excerpt":{"rendered":"<p>Traditional CultureSince many centuries, Japan fascinates with its arts and crafts, including art forms such as ikebana, tea ceremony, ink painting and calligraphy, which many today perceive as typically Japanese. They often owe their emergence or development to Buddhism, which reached Japan via the Korean peninsula at the latest from the 6th century and brought with it far more than Buddhist teachings and Chinese characters. Particularly influential was the Buddhist school of Zen Buddhism, which found its way into Japan from the 12th century onwards. It soon enjoyed great popularity, especially among the warrior nobility, and shaped many areas of Japanese life. In the future, you will find short articles on traditional Japanese arts here &#8211; continuously updated &#8211; as well as information on corresponding events at the EK\u014c Center. (For painting, architecture, garden art, crafts, etc. see Fine Arts) &nbsp; Tea ceremonies in the EK\u014c Center Calligraphy Courses in the EK\u014c Center Course Koto music in the EK\u014c Center Workshops Ink painting (sumi-e) in the EK\u014c Center Workshops Jiuta-shamisen music in the EK\u014c Center Concert Gagaku and bugaku: Music and Dance from ancient Japan on Sept. 2, 2023 in the Robert-Schumann Concert Hall, D\u00fcsseldorf &nbsp; Articles on traditional Japanese [&hellip;]<\/p>\n","protected":false},"author":2,"featured_media":0,"parent":238186,"menu_order":13,"comment_status":"closed","ping_status":"closed","template":"","meta":{"_acf_changed":false,"_et_pb_use_builder":"on","_et_pb_old_content":"","_et_gb_content_width":"","footnotes":""},"class_list":["post-238191","page","type-page","status-publish","hentry"],"acf":[],"yoast_head":"<!-- This site is optimized with the Yoast SEO plugin v27.4 - https:\/\/yoast.com\/product\/yoast-seo-wordpress\/ -->\n<title>EK\u014c-Haus &#8226; Traditional Culture<\/title>\n<meta name=\"robots\" content=\"index, follow, max-snippet:-1, max-image-preview:large, max-video-preview:-1\" \/>\n<link rel=\"canonical\" href=\"https:\/\/eko-haus.de\/en\/japanese-culture\/traditional-culture\/\" \/>\n<meta property=\"og:locale\" content=\"en_US\" \/>\n<meta property=\"og:type\" content=\"article\" \/>\n<meta property=\"og:title\" content=\"EK\u014c-Haus &#8226; Traditional Culture\" \/>\n<meta property=\"og:description\" content=\"Traditional CultureSince many centuries, Japan fascinates with its arts and crafts, including art forms such as ikebana, tea ceremony, ink painting and calligraphy, which many today perceive as typically Japanese. They often owe their emergence or development to Buddhism, which reached Japan via the Korean peninsula at the latest from the 6th century and brought with it far more than Buddhist teachings and Chinese characters. Particularly influential was the Buddhist school of Zen Buddhism, which found its way into Japan from the 12th century onwards. It soon enjoyed great popularity, especially among the warrior nobility, and shaped many areas of Japanese life. In the future, you will find short articles on traditional Japanese arts here - continuously updated - as well as information on corresponding events at the EK\u014c Center. (For painting, architecture, garden art, crafts, etc. see Fine Arts) &nbsp; Tea ceremonies in the EK\u014c Center Calligraphy Courses in the EK\u014c Center Course Koto music in the EK\u014c Center Workshops Ink painting (sumi-e) in the EK\u014c Center Workshops Jiuta-shamisen music in the EK\u014c Center Concert Gagaku and bugaku: Music and Dance from ancient Japan on Sept. 2, 2023 in the Robert-Schumann Concert Hall, D\u00fcsseldorf &nbsp; Articles on traditional Japanese [&hellip;]\" \/>\n<meta property=\"og:url\" content=\"https:\/\/eko-haus.de\/en\/japanese-culture\/traditional-culture\/\" \/>\n<meta property=\"og:site_name\" content=\"EK\u014c-Haus\" \/>\n<meta property=\"article:modified_time\" content=\"2024-05-28T23:02:39+00:00\" \/>\n<script type=\"application\/ld+json\" class=\"yoast-schema-graph\">{\"@context\":\"https:\\\/\\\/schema.org\",\"@graph\":[{\"@type\":\"WebPage\",\"@id\":\"https:\\\/\\\/eko-haus.de\\\/en\\\/japanese-culture\\\/traditional-culture\\\/\",\"url\":\"https:\\\/\\\/eko-haus.de\\\/en\\\/japanese-culture\\\/traditional-culture\\\/\",\"name\":\"EK\u014c-Haus &#8226; Traditional Culture\",\"isPartOf\":{\"@id\":\"https:\\\/\\\/eko-haus.de\\\/en\\\/#website\"},\"datePublished\":\"2022-09-21T09:23:54+00:00\",\"dateModified\":\"2024-05-28T23:02:39+00:00\",\"breadcrumb\":{\"@id\":\"https:\\\/\\\/eko-haus.de\\\/en\\\/japanese-culture\\\/traditional-culture\\\/#breadcrumb\"},\"inLanguage\":\"en-US\",\"potentialAction\":[{\"@type\":\"ReadAction\",\"target\":[\"https:\\\/\\\/eko-haus.de\\\/en\\\/japanese-culture\\\/traditional-culture\\\/\"]}]},{\"@type\":\"BreadcrumbList\",\"@id\":\"https:\\\/\\\/eko-haus.de\\\/en\\\/japanese-culture\\\/traditional-culture\\\/#breadcrumb\",\"itemListElement\":[{\"@type\":\"ListItem\",\"position\":1,\"name\":\"Startseite\",\"item\":\"https:\\\/\\\/eko-haus.de\\\/en\\\/\"},{\"@type\":\"ListItem\",\"position\":2,\"name\":\"Japanese Culture\",\"item\":\"https:\\\/\\\/eko-haus.de\\\/en\\\/japanese-culture\\\/\"},{\"@type\":\"ListItem\",\"position\":3,\"name\":\"Traditional Culture\"}]},{\"@type\":\"WebSite\",\"@id\":\"https:\\\/\\\/eko-haus.de\\\/en\\\/#website\",\"url\":\"https:\\\/\\\/eko-haus.de\\\/en\\\/\",\"name\":\"EK\u014c-Haus\",\"description\":\"der JapanischenKulturen e.V.\",\"potentialAction\":[{\"@type\":\"SearchAction\",\"target\":{\"@type\":\"EntryPoint\",\"urlTemplate\":\"https:\\\/\\\/eko-haus.de\\\/en\\\/?s={search_term_string}\"},\"query-input\":{\"@type\":\"PropertyValueSpecification\",\"valueRequired\":true,\"valueName\":\"search_term_string\"}}],\"inLanguage\":\"en-US\"}]}<\/script>\n<!-- \/ Yoast SEO plugin. -->","yoast_head_json":{"title":"EK\u014c-Haus &#8226; Traditional Culture","robots":{"index":"index","follow":"follow","max-snippet":"max-snippet:-1","max-image-preview":"max-image-preview:large","max-video-preview":"max-video-preview:-1"},"canonical":"https:\/\/eko-haus.de\/en\/japanese-culture\/traditional-culture\/","og_locale":"en_US","og_type":"article","og_title":"EK\u014c-Haus &#8226; Traditional Culture","og_description":"Traditional CultureSince many centuries, Japan fascinates with its arts and crafts, including art forms such as ikebana, tea ceremony, ink painting and calligraphy, which many today perceive as typically Japanese. They often owe their emergence or development to Buddhism, which reached Japan via the Korean peninsula at the latest from the 6th century and brought with it far more than Buddhist teachings and Chinese characters. Particularly influential was the Buddhist school of Zen Buddhism, which found its way into Japan from the 12th century onwards. It soon enjoyed great popularity, especially among the warrior nobility, and shaped many areas of Japanese life. In the future, you will find short articles on traditional Japanese arts here - continuously updated - as well as information on corresponding events at the EK\u014c Center. (For painting, architecture, garden art, crafts, etc. see Fine Arts) &nbsp; Tea ceremonies in the EK\u014c Center Calligraphy Courses in the EK\u014c Center Course Koto music in the EK\u014c Center Workshops Ink painting (sumi-e) in the EK\u014c Center Workshops Jiuta-shamisen music in the EK\u014c Center Concert Gagaku and bugaku: Music and Dance from ancient Japan on Sept. 2, 2023 in the Robert-Schumann Concert Hall, D\u00fcsseldorf &nbsp; Articles on traditional Japanese [&hellip;]","og_url":"https:\/\/eko-haus.de\/en\/japanese-culture\/traditional-culture\/","og_site_name":"EK\u014c-Haus","article_modified_time":"2024-05-28T23:02:39+00:00","schema":{"@context":"https:\/\/schema.org","@graph":[{"@type":"WebPage","@id":"https:\/\/eko-haus.de\/en\/japanese-culture\/traditional-culture\/","url":"https:\/\/eko-haus.de\/en\/japanese-culture\/traditional-culture\/","name":"EK\u014c-Haus &#8226; Traditional Culture","isPartOf":{"@id":"https:\/\/eko-haus.de\/en\/#website"},"datePublished":"2022-09-21T09:23:54+00:00","dateModified":"2024-05-28T23:02:39+00:00","breadcrumb":{"@id":"https:\/\/eko-haus.de\/en\/japanese-culture\/traditional-culture\/#breadcrumb"},"inLanguage":"en-US","potentialAction":[{"@type":"ReadAction","target":["https:\/\/eko-haus.de\/en\/japanese-culture\/traditional-culture\/"]}]},{"@type":"BreadcrumbList","@id":"https:\/\/eko-haus.de\/en\/japanese-culture\/traditional-culture\/#breadcrumb","itemListElement":[{"@type":"ListItem","position":1,"name":"Startseite","item":"https:\/\/eko-haus.de\/en\/"},{"@type":"ListItem","position":2,"name":"Japanese Culture","item":"https:\/\/eko-haus.de\/en\/japanese-culture\/"},{"@type":"ListItem","position":3,"name":"Traditional Culture"}]},{"@type":"WebSite","@id":"https:\/\/eko-haus.de\/en\/#website","url":"https:\/\/eko-haus.de\/en\/","name":"EK\u014c-Haus","description":"der JapanischenKulturen e.V.","potentialAction":[{"@type":"SearchAction","target":{"@type":"EntryPoint","urlTemplate":"https:\/\/eko-haus.de\/en\/?s={search_term_string}"},"query-input":{"@type":"PropertyValueSpecification","valueRequired":true,"valueName":"search_term_string"}}],"inLanguage":"en-US"}]}},"_links":{"self":[{"href":"https:\/\/eko-haus.de\/en\/wp-json\/wp\/v2\/pages\/238191","targetHints":{"allow":["GET"]}}],"collection":[{"href":"https:\/\/eko-haus.de\/en\/wp-json\/wp\/v2\/pages"}],"about":[{"href":"https:\/\/eko-haus.de\/en\/wp-json\/wp\/v2\/types\/page"}],"author":[{"embeddable":true,"href":"https:\/\/eko-haus.de\/en\/wp-json\/wp\/v2\/users\/2"}],"replies":[{"embeddable":true,"href":"https:\/\/eko-haus.de\/en\/wp-json\/wp\/v2\/comments?post=238191"}],"version-history":[{"count":95,"href":"https:\/\/eko-haus.de\/en\/wp-json\/wp\/v2\/pages\/238191\/revisions"}],"predecessor-version":[{"id":248327,"href":"https:\/\/eko-haus.de\/en\/wp-json\/wp\/v2\/pages\/238191\/revisions\/248327"}],"up":[{"embeddable":true,"href":"https:\/\/eko-haus.de\/en\/wp-json\/wp\/v2\/pages\/238186"}],"wp:attachment":[{"href":"https:\/\/eko-haus.de\/en\/wp-json\/wp\/v2\/media?parent=238191"}],"curies":[{"name":"wp","href":"https:\/\/api.w.org\/{rel}","templated":true}]}}