{"id":238190,"date":"2022-09-21T11:25:37","date_gmt":"2022-09-21T09:25:37","guid":{"rendered":"https:\/\/eko-haus.de\/japanese-culture\/fine-arts\/"},"modified":"2024-05-29T01:05:23","modified_gmt":"2024-05-28T23:05:23","slug":"fine-arts","status":"publish","type":"page","link":"https:\/\/eko-haus.de\/en\/japanese-culture\/fine-arts\/","title":{"rendered":"Fine Arts"},"content":{"rendered":"<p>[et_pb_section fb_built=&#8221;1&#8243; _builder_version=&#8221;4.19.5&#8243; _module_preset=&#8221;default&#8221; custom_padding=&#8221;0px||0px||false|false&#8221; global_colors_info=&#8221;{}&#8221;][et_pb_row _builder_version=&#8221;4.19.5&#8243; _module_preset=&#8221;default&#8221; width=&#8221;100%&#8221; max_width=&#8221;100%&#8221; global_colors_info=&#8221;{}&#8221;][et_pb_column type=&#8221;4_4&#8243; _builder_version=&#8221;4.19.5&#8243; _module_preset=&#8221;default&#8221; global_colors_info=&#8221;{}&#8221;][et_pb_text _builder_version=&#8221;4.19.5&#8243; _module_preset=&#8221;default&#8221; header_text_color=&#8221;#FFFFFF&#8221; background_color=&#8221;gcid-1021896a-c9ac-4359-99df-3f865b79985b&#8221; custom_margin=&#8221;0px||0px||false|false&#8221; custom_padding=&#8221;20px||15px|40px|false|false&#8221; global_colors_info=&#8221;{%22gcid-1021896a-c9ac-4359-99df-3f865b79985b%22:%91%22background_color%22%93}&#8221;]<\/p>\n<h1>Fine Arts<\/h1>\n<p>[\/et_pb_text][et_pb_menu menu_id=&#8221;146&#8243; active_link_color=&#8221;gcid-1021896a-c9ac-4359-99df-3f865b79985b&#8221; dropdown_menu_bg_color=&#8221;gcid-60c600e4-1942-4d4f-b851-22727ef5dd77&#8243; dropdown_menu_line_color=&#8221;gcid-1021896a-c9ac-4359-99df-3f865b79985b&#8221; dropdown_menu_text_color=&#8221;#FFFFFF&#8221; dropdown_menu_active_link_color=&#8221;gcid-1021896a-c9ac-4359-99df-3f865b79985b&#8221; mobile_menu_bg_color=&#8221;gcid-60c600e4-1942-4d4f-b851-22727ef5dd77&#8243; mobile_menu_text_color=&#8221;#FFFFFF&#8221; cart_icon_color=&#8221;gcid-82172296-964c-4383-b109-467afe28900a&#8221; search_icon_color=&#8221;gcid-82172296-964c-4383-b109-467afe28900a&#8221; menu_icon_color=&#8221;gcid-82172296-964c-4383-b109-467afe28900a&#8221; module_class=&#8221;page-sub-menu&#8221; _builder_version=&#8221;4.19.5&#8243; _module_preset=&#8221;default&#8221; menu_font=&#8221;|600|||||||&#8221; menu_text_color=&#8221;#FFFFFF&#8221; menu_font_size=&#8221;16px&#8221; menu_letter_spacing=&#8221;1px&#8221; background_color=&#8221;gcid-60c600e4-1942-4d4f-b851-22727ef5dd77&#8243; text_orientation=&#8221;center&#8221; sticky_position=&#8221;top&#8221; global_colors_info=&#8221;{%22gcid-60c600e4-1942-4d4f-b851-22727ef5dd77%22:%91%22background_color%22,%22dropdown_menu_bg_color%22,%22mobile_menu_bg_color%22%93,%22gcid-1021896a-c9ac-4359-99df-3f865b79985b%22:%91%22active_link_color%22,%22dropdown_menu_line_color%22,%22dropdown_menu_active_link_color%22%93,%22gcid-82172296-964c-4383-b109-467afe28900a%22:%91%22cart_icon_color%22,%22search_icon_color%22,%22menu_icon_color%22%93}&#8221;][\/et_pb_menu][\/et_pb_column][\/et_pb_row][\/et_pb_section][et_pb_section fb_built=&#8221;1&#8243; _builder_version=&#8221;4.19.5&#8243; _module_preset=&#8221;default&#8221; custom_padding=&#8221;0px||||false|false&#8221; global_colors_info=&#8221;{}&#8221;][et_pb_row column_structure=&#8221;3_5,2_5&#8243; _builder_version=&#8221;4.19.5&#8243; _module_preset=&#8221;default&#8221; width=&#8221;100%&#8221; max_width=&#8221;100%&#8221; global_colors_info=&#8221;{}&#8221;][et_pb_column type=&#8221;3_5&#8243; _builder_version=&#8221;4.19.5&#8243; _module_preset=&#8221;default&#8221; global_colors_info=&#8221;{}&#8221;][et_pb_text _builder_version=&#8221;4.21.0&#8243; _module_preset=&#8221;default&#8221; global_colors_info=&#8221;{}&#8221;]<\/p>\n<p>Exhibitions of Japanese artists are an integral part of the program of the EK\u014c Center. In addition, other areas of fine arts are also visible in the EK\u014c Center, whether through the buildings built in traditional Japanese style (temple, bell tower, entrance gate to the temple garden, traditional Japanese house) and gardens, or through events on corresponding topics.<\/p>\n<p>[\/et_pb_text][et_pb_text _builder_version=&#8221;4.21.0&#8243; _module_preset=&#8221;default&#8221; global_colors_info=&#8221;{}&#8221;]<\/p>\n<p><strong>Exhibitions<\/strong><\/p>\n<p>Exhibition <a href=\"https:\/\/eko-haus.de\/wp-content\/uploads\/2023\/05\/2023_ausst-hagino.pdf\">\u201eIt dwells within&#8230;\u201c<\/a> \u2013 Works by HAGINO Masaki (until June 16, 2023)<\/p>\n<p>[\/et_pb_text][et_pb_text _builder_version=&#8221;4.21.0&#8243; _module_preset=&#8221;default&#8221; global_colors_info=&#8221;{}&#8221;]<\/p>\n<p><strong>Courses and Workshops<\/strong><\/p>\n<p><a href=\"https:\/\/eko-haus.de\/en\/events\/courses-and-workshops\/calligraphy\/\">Calligraphy Courses<\/a> in the EK\u014c Center<\/p>\n<p>Workshops <a href=\"https:\/\/eko-haus.de\/en\/events\/courses-and-workshops\/ink-painting-sumi-e\/\">Ink painting<\/a> (<em>sumi-e<\/em>) in the EK\u014c Center<\/p>\n<p>[\/et_pb_text][et_pb_text _builder_version=&#8221;4.21.0&#8243; _module_preset=&#8221;default&#8221; global_colors_info=&#8221;{}&#8221;]<\/p>\n<p><strong>Architecture and gardens in the EK\u014c Center<\/strong><\/p>\n<p><a href=\"https:\/\/eko-haus.de\/en\/about-us\/buildings-gardens\/#j1\">EK\u014c Temple, gardens and traditional Japanese house<\/a> provide an insight into traditional Japanese architecture and garden art.<\/p>\n<p>&nbsp;<\/p>\n<p><strong>Guided tours of the EK\u014c Center<\/strong><\/p>\n<p><a href=\"https:\/\/eko-haus.de\/en\/events\/guided-tours\/\">Public guided tours<\/a> on fixed dates<\/p>\n<p><a href=\"https:\/\/eko-haus.de\/en\/about-us\/visitorinfo\/#j3\">Private guided tours<\/a> by appointment<\/p>\n<p>[\/et_pb_text][\/et_pb_column][et_pb_column type=&#8221;2_5&#8243; _builder_version=&#8221;4.19.5&#8243; _module_preset=&#8221;default&#8221; global_colors_info=&#8221;{}&#8221;][et_pb_image src=&#8221;https:\/\/eko-haus.de\/wp-content\/uploads\/2023\/05\/1-3-1_H01-e1685016905244.jpg&#8221; title_text=&#8221;Traditional Japanese House&#8221; _builder_version=&#8221;4.21.0&#8243; _module_preset=&#8221;default&#8221; global_colors_info=&#8221;{}&#8221;][\/et_pb_image][\/et_pb_column][\/et_pb_row][\/et_pb_section][et_pb_section fb_built=&#8221;1&#8243; _builder_version=&#8221;4.21.0&#8243; _module_preset=&#8221;default&#8221; global_colors_info=&#8221;{}&#8221;][et_pb_row _builder_version=&#8221;4.21.0&#8243; _module_preset=&#8221;default&#8221; global_colors_info=&#8221;{}&#8221;][et_pb_column type=&#8221;4_4&#8243; _builder_version=&#8221;4.21.0&#8243; _module_preset=&#8221;default&#8221; global_colors_info=&#8221;{}&#8221;][et_pb_image title_text=&#8221;Traditional Japanese House&#8221; _builder_version=&#8221;4.21.0&#8243; _module_preset=&#8221;default&#8221; global_colors_info=&#8221;{}&#8221;][\/et_pb_image][\/et_pb_column][\/et_pb_row][\/et_pb_section]<\/p>\n","protected":false},"excerpt":{"rendered":"<p>Fine ArtsExhibitions of Japanese artists are an integral part of the program of the EK\u014c Center. In addition, other areas of fine arts are also visible in the EK\u014c Center, whether through the buildings built in traditional Japanese style (temple, bell tower, entrance gate to the temple garden, traditional Japanese house) and gardens, or through events on corresponding topics.Exhibitions Exhibition \u201eIt dwells within&#8230;\u201c \u2013 Works by HAGINO Masaki (until June 16, 2023)Courses and Workshops Calligraphy Courses in the EK\u014c Center Workshops Ink painting (sumi-e) in the EK\u014c CenterArchitecture and gardens in the EK\u014c Center EK\u014c Temple, gardens and traditional Japanese house provide an insight into traditional Japanese architecture and garden art. &nbsp; Guided tours of the EK\u014c Center Public guided tours on fixed dates Private guided tours by appointment<\/p>\n","protected":false},"author":2,"featured_media":0,"parent":238186,"menu_order":14,"comment_status":"closed","ping_status":"closed","template":"","meta":{"_acf_changed":false,"_et_pb_use_builder":"on","_et_pb_old_content":"","_et_gb_content_width":"","footnotes":""},"class_list":["post-238190","page","type-page","status-publish","hentry"],"acf":[],"yoast_head":"<!-- This site is optimized with the Yoast SEO plugin v27.2 - https:\/\/yoast.com\/product\/yoast-seo-wordpress\/ -->\n<title>EK\u014c-Haus &#8226; Fine Arts<\/title>\n<meta name=\"robots\" content=\"index, follow, max-snippet:-1, max-image-preview:large, max-video-preview:-1\" \/>\n<link rel=\"canonical\" href=\"https:\/\/eko-haus.de\/en\/japanese-culture\/fine-arts\/\" \/>\n<meta property=\"og:locale\" content=\"en_US\" \/>\n<meta property=\"og:type\" content=\"article\" \/>\n<meta property=\"og:title\" content=\"EK\u014c-Haus &#8226; Fine Arts\" \/>\n<meta property=\"og:description\" content=\"Fine ArtsExhibitions of Japanese artists are an integral part of the program of the EK\u014c Center. In addition, other areas of fine arts are also visible in the EK\u014c Center, whether through the buildings built in traditional Japanese style (temple, bell tower, entrance gate to the temple garden, traditional Japanese house) and gardens, or through events on corresponding topics.Exhibitions Exhibition \u201eIt dwells within...\u201c \u2013 Works by HAGINO Masaki (until June 16, 2023)Courses and Workshops Calligraphy Courses in the EK\u014c Center Workshops Ink painting (sumi-e) in the EK\u014c CenterArchitecture and gardens in the EK\u014c Center EK\u014c Temple, gardens and traditional Japanese house provide an insight into traditional Japanese architecture and garden art. &nbsp; Guided tours of the EK\u014c Center Public guided tours on fixed dates Private guided tours by appointment\" \/>\n<meta property=\"og:url\" content=\"https:\/\/eko-haus.de\/en\/japanese-culture\/fine-arts\/\" \/>\n<meta property=\"og:site_name\" content=\"EK\u014c-Haus\" \/>\n<meta property=\"article:modified_time\" content=\"2024-05-28T23:05:23+00:00\" \/>\n<script type=\"application\/ld+json\" class=\"yoast-schema-graph\">{\"@context\":\"https:\/\/schema.org\",\"@graph\":[{\"@type\":\"WebPage\",\"@id\":\"https:\/\/eko-haus.de\/en\/japanese-culture\/fine-arts\/\",\"url\":\"https:\/\/eko-haus.de\/en\/japanese-culture\/fine-arts\/\",\"name\":\"EK\u014c-Haus &#8226; Fine Arts\",\"isPartOf\":{\"@id\":\"https:\/\/eko-haus.de\/en\/#website\"},\"datePublished\":\"2022-09-21T09:25:37+00:00\",\"dateModified\":\"2024-05-28T23:05:23+00:00\",\"breadcrumb\":{\"@id\":\"https:\/\/eko-haus.de\/en\/japanese-culture\/fine-arts\/#breadcrumb\"},\"inLanguage\":\"en-US\",\"potentialAction\":[{\"@type\":\"ReadAction\",\"target\":[\"https:\/\/eko-haus.de\/en\/japanese-culture\/fine-arts\/\"]}]},{\"@type\":\"BreadcrumbList\",\"@id\":\"https:\/\/eko-haus.de\/en\/japanese-culture\/fine-arts\/#breadcrumb\",\"itemListElement\":[{\"@type\":\"ListItem\",\"position\":1,\"name\":\"Startseite\",\"item\":\"https:\/\/eko-haus.de\/en\/\"},{\"@type\":\"ListItem\",\"position\":2,\"name\":\"Japanese Culture\",\"item\":\"https:\/\/eko-haus.de\/en\/japanese-culture\/\"},{\"@type\":\"ListItem\",\"position\":3,\"name\":\"Fine Arts\"}]},{\"@type\":\"WebSite\",\"@id\":\"https:\/\/eko-haus.de\/en\/#website\",\"url\":\"https:\/\/eko-haus.de\/en\/\",\"name\":\"EK\u014c-Haus\",\"description\":\"der JapanischenKulturen e.V.\",\"potentialAction\":[{\"@type\":\"SearchAction\",\"target\":{\"@type\":\"EntryPoint\",\"urlTemplate\":\"https:\/\/eko-haus.de\/en\/?s={search_term_string}\"},\"query-input\":{\"@type\":\"PropertyValueSpecification\",\"valueRequired\":true,\"valueName\":\"search_term_string\"}}],\"inLanguage\":\"en-US\"}]}<\/script>\n<!-- \/ Yoast SEO plugin. -->","yoast_head_json":{"title":"EK\u014c-Haus &#8226; Fine Arts","robots":{"index":"index","follow":"follow","max-snippet":"max-snippet:-1","max-image-preview":"max-image-preview:large","max-video-preview":"max-video-preview:-1"},"canonical":"https:\/\/eko-haus.de\/en\/japanese-culture\/fine-arts\/","og_locale":"en_US","og_type":"article","og_title":"EK\u014c-Haus &#8226; Fine Arts","og_description":"Fine ArtsExhibitions of Japanese artists are an integral part of the program of the EK\u014c Center. In addition, other areas of fine arts are also visible in the EK\u014c Center, whether through the buildings built in traditional Japanese style (temple, bell tower, entrance gate to the temple garden, traditional Japanese house) and gardens, or through events on corresponding topics.Exhibitions Exhibition \u201eIt dwells within...\u201c \u2013 Works by HAGINO Masaki (until June 16, 2023)Courses and Workshops Calligraphy Courses in the EK\u014c Center Workshops Ink painting (sumi-e) in the EK\u014c CenterArchitecture and gardens in the EK\u014c Center EK\u014c Temple, gardens and traditional Japanese house provide an insight into traditional Japanese architecture and garden art. &nbsp; Guided tours of the EK\u014c Center Public guided tours on fixed dates Private guided tours by appointment","og_url":"https:\/\/eko-haus.de\/en\/japanese-culture\/fine-arts\/","og_site_name":"EK\u014c-Haus","article_modified_time":"2024-05-28T23:05:23+00:00","schema":{"@context":"https:\/\/schema.org","@graph":[{"@type":"WebPage","@id":"https:\/\/eko-haus.de\/en\/japanese-culture\/fine-arts\/","url":"https:\/\/eko-haus.de\/en\/japanese-culture\/fine-arts\/","name":"EK\u014c-Haus &#8226; Fine Arts","isPartOf":{"@id":"https:\/\/eko-haus.de\/en\/#website"},"datePublished":"2022-09-21T09:25:37+00:00","dateModified":"2024-05-28T23:05:23+00:00","breadcrumb":{"@id":"https:\/\/eko-haus.de\/en\/japanese-culture\/fine-arts\/#breadcrumb"},"inLanguage":"en-US","potentialAction":[{"@type":"ReadAction","target":["https:\/\/eko-haus.de\/en\/japanese-culture\/fine-arts\/"]}]},{"@type":"BreadcrumbList","@id":"https:\/\/eko-haus.de\/en\/japanese-culture\/fine-arts\/#breadcrumb","itemListElement":[{"@type":"ListItem","position":1,"name":"Startseite","item":"https:\/\/eko-haus.de\/en\/"},{"@type":"ListItem","position":2,"name":"Japanese Culture","item":"https:\/\/eko-haus.de\/en\/japanese-culture\/"},{"@type":"ListItem","position":3,"name":"Fine Arts"}]},{"@type":"WebSite","@id":"https:\/\/eko-haus.de\/en\/#website","url":"https:\/\/eko-haus.de\/en\/","name":"EK\u014c-Haus","description":"der JapanischenKulturen e.V.","potentialAction":[{"@type":"SearchAction","target":{"@type":"EntryPoint","urlTemplate":"https:\/\/eko-haus.de\/en\/?s={search_term_string}"},"query-input":{"@type":"PropertyValueSpecification","valueRequired":true,"valueName":"search_term_string"}}],"inLanguage":"en-US"}]}},"_links":{"self":[{"href":"https:\/\/eko-haus.de\/en\/wp-json\/wp\/v2\/pages\/238190","targetHints":{"allow":["GET"]}}],"collection":[{"href":"https:\/\/eko-haus.de\/en\/wp-json\/wp\/v2\/pages"}],"about":[{"href":"https:\/\/eko-haus.de\/en\/wp-json\/wp\/v2\/types\/page"}],"author":[{"embeddable":true,"href":"https:\/\/eko-haus.de\/en\/wp-json\/wp\/v2\/users\/2"}],"replies":[{"embeddable":true,"href":"https:\/\/eko-haus.de\/en\/wp-json\/wp\/v2\/comments?post=238190"}],"version-history":[{"count":26,"href":"https:\/\/eko-haus.de\/en\/wp-json\/wp\/v2\/pages\/238190\/revisions"}],"predecessor-version":[{"id":248339,"href":"https:\/\/eko-haus.de\/en\/wp-json\/wp\/v2\/pages\/238190\/revisions\/248339"}],"up":[{"embeddable":true,"href":"https:\/\/eko-haus.de\/en\/wp-json\/wp\/v2\/pages\/238186"}],"wp:attachment":[{"href":"https:\/\/eko-haus.de\/en\/wp-json\/wp\/v2\/media?parent=238190"}],"curies":[{"name":"wp","href":"https:\/\/api.w.org\/{rel}","templated":true}]}}