{"id":238188,"date":"2022-09-21T11:29:28","date_gmt":"2022-09-21T09:29:28","guid":{"rendered":"https:\/\/eko-haus.de\/japanese-culture\/everyday-culture\/"},"modified":"2024-11-13T23:34:23","modified_gmt":"2024-11-13T22:34:23","slug":"everyday-culture","status":"publish","type":"page","link":"https:\/\/eko-haus.de\/en\/japanese-culture\/everyday-culture\/","title":{"rendered":"Everyday Culture"},"content":{"rendered":"<p>[et_pb_section fb_built=&#8221;1&#8243; _builder_version=&#8221;4.19.5&#8243; _module_preset=&#8221;default&#8221; custom_padding=&#8221;0px||0px||false|false&#8221; global_colors_info=&#8221;{}&#8221;][et_pb_row _builder_version=&#8221;4.19.5&#8243; _module_preset=&#8221;default&#8221; width=&#8221;100%&#8221; max_width=&#8221;100%&#8221; global_colors_info=&#8221;{}&#8221;][et_pb_column type=&#8221;4_4&#8243; _builder_version=&#8221;4.19.5&#8243; _module_preset=&#8221;default&#8221; global_colors_info=&#8221;{}&#8221;][et_pb_text _builder_version=&#8221;4.19.5&#8243; _module_preset=&#8221;default&#8221; header_text_color=&#8221;#FFFFFF&#8221; background_color=&#8221;gcid-1021896a-c9ac-4359-99df-3f865b79985b&#8221; custom_margin=&#8221;0px||0px||false|false&#8221; custom_padding=&#8221;20px||15px|40px|false|false&#8221; global_colors_info=&#8221;{%22gcid-1021896a-c9ac-4359-99df-3f865b79985b%22:%91%22background_color%22%93}&#8221;]<\/p>\n<h1>Everyday Culture<\/h1>\n<p>[\/et_pb_text][et_pb_menu menu_id=&#8221;146&#8243; active_link_color=&#8221;gcid-1021896a-c9ac-4359-99df-3f865b79985b&#8221; dropdown_menu_bg_color=&#8221;gcid-60c600e4-1942-4d4f-b851-22727ef5dd77&#8243; dropdown_menu_line_color=&#8221;gcid-1021896a-c9ac-4359-99df-3f865b79985b&#8221; dropdown_menu_text_color=&#8221;#FFFFFF&#8221; dropdown_menu_active_link_color=&#8221;gcid-1021896a-c9ac-4359-99df-3f865b79985b&#8221; mobile_menu_bg_color=&#8221;gcid-60c600e4-1942-4d4f-b851-22727ef5dd77&#8243; mobile_menu_text_color=&#8221;#FFFFFF&#8221; cart_icon_color=&#8221;gcid-82172296-964c-4383-b109-467afe28900a&#8221; search_icon_color=&#8221;gcid-82172296-964c-4383-b109-467afe28900a&#8221; menu_icon_color=&#8221;gcid-82172296-964c-4383-b109-467afe28900a&#8221; module_class=&#8221;page-sub-menu&#8221; _builder_version=&#8221;4.19.5&#8243; _module_preset=&#8221;default&#8221; menu_font=&#8221;|600|||||||&#8221; menu_text_color=&#8221;#FFFFFF&#8221; menu_font_size=&#8221;16px&#8221; menu_letter_spacing=&#8221;1px&#8221; background_color=&#8221;gcid-60c600e4-1942-4d4f-b851-22727ef5dd77&#8243; text_orientation=&#8221;center&#8221; sticky_position=&#8221;top&#8221; global_colors_info=&#8221;{%22gcid-60c600e4-1942-4d4f-b851-22727ef5dd77%22:%91%22background_color%22,%22dropdown_menu_bg_color%22,%22mobile_menu_bg_color%22%93,%22gcid-1021896a-c9ac-4359-99df-3f865b79985b%22:%91%22active_link_color%22,%22dropdown_menu_line_color%22,%22dropdown_menu_active_link_color%22%93,%22gcid-82172296-964c-4383-b109-467afe28900a%22:%91%22cart_icon_color%22,%22search_icon_color%22,%22menu_icon_color%22%93}&#8221;][\/et_pb_menu][\/et_pb_column][\/et_pb_row][\/et_pb_section][et_pb_section fb_built=&#8221;1&#8243; _builder_version=&#8221;4.19.5&#8243; _module_preset=&#8221;default&#8221; custom_padding=&#8221;0px||||false|false&#8221; global_colors_info=&#8221;{}&#8221;][et_pb_row column_structure=&#8221;3_5,2_5&#8243; _builder_version=&#8221;4.19.5&#8243; _module_preset=&#8221;default&#8221; width=&#8221;100%&#8221; max_width=&#8221;100%&#8221; global_colors_info=&#8221;{}&#8221;][et_pb_column type=&#8221;3_5&#8243; _builder_version=&#8221;4.19.5&#8243; _module_preset=&#8221;default&#8221; global_colors_info=&#8221;{}&#8221;][et_pb_text _builder_version=&#8221;4.21.0&#8243; _module_preset=&#8221;default&#8221; global_colors_info=&#8221;{}&#8221;]<\/p>\n<p>Japan not only fascinates with art forms that have been developed and constantly refined over many centuries. Young people in particular are enthusiastic about <strong>everyday and popular culture<\/strong> from Japan, e.g. Japanese comics (manga), cartoons (anime) and movies in general. However, Japanese cuisine, kimono and other facets of Japanese fashion, sports and games are also enjoying increasing popularity.<\/p>\n<p>You can experience some of these aspects from time to time in the EK\u014c Center.<\/p>\n<p>[\/et_pb_text][et_pb_text _builder_version=&#8221;4.27.3&#8243; _module_preset=&#8221;default&#8221; hover_enabled=&#8221;0&#8243; global_colors_info=&#8221;{}&#8221; sticky_enabled=&#8221;0&#8243;]<\/p>\n<p><a href=\"https:\/\/eko-haus.de\/en\/events\/culture\/movie-screenings\/\">Movie screenings<\/a> in the EK\u014c Hall<br \/>in cooperation with the Japanese Cultural Institut Cologne (The Japan Foundation)<\/p>\n<p>Lecture Series <a href=\"https:\/\/eko-haus.de\/en\/eventmanager\/yokai-yurei\/\"><em>Y\u014dkai<\/em><strong>, <\/strong><em>y\u016brei<\/em>, Lucky Gods and more \u2013 Supernatural powers in Japan<\/a><br \/>(Juli 2022 until June 2023)<\/p>\n<p>[\/et_pb_text][\/et_pb_column][et_pb_column type=&#8221;2_5&#8243; _builder_version=&#8221;4.19.5&#8243; _module_preset=&#8221;default&#8221; global_colors_info=&#8221;{}&#8221;][et_pb_image src=&#8221;https:\/\/eko-haus.de\/wp-content\/uploads\/2023\/02\/manga-austellung-2023.jpg&#8221; title_text=&#8221;Manga Exhibition&#8221; _builder_version=&#8221;4.21.0&#8243; _module_preset=&#8221;default&#8221; global_colors_info=&#8221;{}&#8221;][\/et_pb_image][\/et_pb_column][\/et_pb_row][\/et_pb_section]<\/p>\n","protected":false},"excerpt":{"rendered":"<p>Everyday CultureJapan not only fascinates with art forms that have been developed and constantly refined over many centuries. Young people in particular are enthusiastic about everyday and popular culture from Japan, e.g. Japanese comics (manga), cartoons (anime) and movies in general. However, Japanese cuisine, kimono and other facets of Japanese fashion, sports and games are also enjoying increasing popularity. You can experience some of these aspects from time to time in the EK\u014c Center.Movie screenings in the EK\u014c Hallin cooperation with the Japanese Cultural Institut Cologne (The Japan Foundation) Lecture Series Y\u014dkai, y\u016brei, Lucky Gods and more \u2013 Supernatural powers in Japan(Juli 2022 until June 2023)<\/p>\n","protected":false},"author":2,"featured_media":0,"parent":238186,"menu_order":16,"comment_status":"closed","ping_status":"closed","template":"","meta":{"_acf_changed":false,"_et_pb_use_builder":"on","_et_pb_old_content":"","_et_gb_content_width":"","footnotes":""},"class_list":["post-238188","page","type-page","status-publish","hentry"],"acf":[],"yoast_head":"<!-- This site is optimized with the Yoast SEO plugin v27.3 - https:\/\/yoast.com\/product\/yoast-seo-wordpress\/ -->\n<title>EK\u014c-Haus &#8226; Everyday Culture<\/title>\n<meta name=\"robots\" content=\"index, follow, max-snippet:-1, max-image-preview:large, max-video-preview:-1\" \/>\n<link rel=\"canonical\" href=\"https:\/\/eko-haus.de\/en\/japanese-culture\/everyday-culture\/\" \/>\n<meta property=\"og:locale\" content=\"en_US\" \/>\n<meta property=\"og:type\" content=\"article\" \/>\n<meta property=\"og:title\" content=\"EK\u014c-Haus &#8226; Everyday Culture\" \/>\n<meta property=\"og:description\" content=\"Everyday CultureJapan not only fascinates with art forms that have been developed and constantly refined over many centuries. Young people in particular are enthusiastic about everyday and popular culture from Japan, e.g. Japanese comics (manga), cartoons (anime) and movies in general. However, Japanese cuisine, kimono and other facets of Japanese fashion, sports and games are also enjoying increasing popularity. You can experience some of these aspects from time to time in the EK\u014c Center.Movie screenings in the EK\u014c Hallin cooperation with the Japanese Cultural Institut Cologne (The Japan Foundation) Lecture Series Y\u014dkai, y\u016brei, Lucky Gods and more \u2013 Supernatural powers in Japan(Juli 2022 until June 2023)\" \/>\n<meta property=\"og:url\" content=\"https:\/\/eko-haus.de\/en\/japanese-culture\/everyday-culture\/\" \/>\n<meta property=\"og:site_name\" content=\"EK\u014c-Haus\" \/>\n<meta property=\"article:modified_time\" content=\"2024-11-13T22:34:23+00:00\" \/>\n<script type=\"application\/ld+json\" class=\"yoast-schema-graph\">{\"@context\":\"https:\\\/\\\/schema.org\",\"@graph\":[{\"@type\":\"WebPage\",\"@id\":\"https:\\\/\\\/eko-haus.de\\\/en\\\/japanese-culture\\\/everyday-culture\\\/\",\"url\":\"https:\\\/\\\/eko-haus.de\\\/en\\\/japanese-culture\\\/everyday-culture\\\/\",\"name\":\"EK\u014c-Haus &#8226; Everyday Culture\",\"isPartOf\":{\"@id\":\"https:\\\/\\\/eko-haus.de\\\/en\\\/#website\"},\"datePublished\":\"2022-09-21T09:29:28+00:00\",\"dateModified\":\"2024-11-13T22:34:23+00:00\",\"breadcrumb\":{\"@id\":\"https:\\\/\\\/eko-haus.de\\\/en\\\/japanese-culture\\\/everyday-culture\\\/#breadcrumb\"},\"inLanguage\":\"en-US\",\"potentialAction\":[{\"@type\":\"ReadAction\",\"target\":[\"https:\\\/\\\/eko-haus.de\\\/en\\\/japanese-culture\\\/everyday-culture\\\/\"]}]},{\"@type\":\"BreadcrumbList\",\"@id\":\"https:\\\/\\\/eko-haus.de\\\/en\\\/japanese-culture\\\/everyday-culture\\\/#breadcrumb\",\"itemListElement\":[{\"@type\":\"ListItem\",\"position\":1,\"name\":\"Startseite\",\"item\":\"https:\\\/\\\/eko-haus.de\\\/en\\\/\"},{\"@type\":\"ListItem\",\"position\":2,\"name\":\"Japanese Culture\",\"item\":\"https:\\\/\\\/eko-haus.de\\\/en\\\/japanese-culture\\\/\"},{\"@type\":\"ListItem\",\"position\":3,\"name\":\"Everyday Culture\"}]},{\"@type\":\"WebSite\",\"@id\":\"https:\\\/\\\/eko-haus.de\\\/en\\\/#website\",\"url\":\"https:\\\/\\\/eko-haus.de\\\/en\\\/\",\"name\":\"EK\u014c-Haus\",\"description\":\"der JapanischenKulturen e.V.\",\"potentialAction\":[{\"@type\":\"SearchAction\",\"target\":{\"@type\":\"EntryPoint\",\"urlTemplate\":\"https:\\\/\\\/eko-haus.de\\\/en\\\/?s={search_term_string}\"},\"query-input\":{\"@type\":\"PropertyValueSpecification\",\"valueRequired\":true,\"valueName\":\"search_term_string\"}}],\"inLanguage\":\"en-US\"}]}<\/script>\n<!-- \/ Yoast SEO plugin. -->","yoast_head_json":{"title":"EK\u014c-Haus &#8226; Everyday Culture","robots":{"index":"index","follow":"follow","max-snippet":"max-snippet:-1","max-image-preview":"max-image-preview:large","max-video-preview":"max-video-preview:-1"},"canonical":"https:\/\/eko-haus.de\/en\/japanese-culture\/everyday-culture\/","og_locale":"en_US","og_type":"article","og_title":"EK\u014c-Haus &#8226; Everyday Culture","og_description":"Everyday CultureJapan not only fascinates with art forms that have been developed and constantly refined over many centuries. Young people in particular are enthusiastic about everyday and popular culture from Japan, e.g. Japanese comics (manga), cartoons (anime) and movies in general. However, Japanese cuisine, kimono and other facets of Japanese fashion, sports and games are also enjoying increasing popularity. You can experience some of these aspects from time to time in the EK\u014c Center.Movie screenings in the EK\u014c Hallin cooperation with the Japanese Cultural Institut Cologne (The Japan Foundation) Lecture Series Y\u014dkai, y\u016brei, Lucky Gods and more \u2013 Supernatural powers in Japan(Juli 2022 until June 2023)","og_url":"https:\/\/eko-haus.de\/en\/japanese-culture\/everyday-culture\/","og_site_name":"EK\u014c-Haus","article_modified_time":"2024-11-13T22:34:23+00:00","schema":{"@context":"https:\/\/schema.org","@graph":[{"@type":"WebPage","@id":"https:\/\/eko-haus.de\/en\/japanese-culture\/everyday-culture\/","url":"https:\/\/eko-haus.de\/en\/japanese-culture\/everyday-culture\/","name":"EK\u014c-Haus &#8226; Everyday Culture","isPartOf":{"@id":"https:\/\/eko-haus.de\/en\/#website"},"datePublished":"2022-09-21T09:29:28+00:00","dateModified":"2024-11-13T22:34:23+00:00","breadcrumb":{"@id":"https:\/\/eko-haus.de\/en\/japanese-culture\/everyday-culture\/#breadcrumb"},"inLanguage":"en-US","potentialAction":[{"@type":"ReadAction","target":["https:\/\/eko-haus.de\/en\/japanese-culture\/everyday-culture\/"]}]},{"@type":"BreadcrumbList","@id":"https:\/\/eko-haus.de\/en\/japanese-culture\/everyday-culture\/#breadcrumb","itemListElement":[{"@type":"ListItem","position":1,"name":"Startseite","item":"https:\/\/eko-haus.de\/en\/"},{"@type":"ListItem","position":2,"name":"Japanese Culture","item":"https:\/\/eko-haus.de\/en\/japanese-culture\/"},{"@type":"ListItem","position":3,"name":"Everyday Culture"}]},{"@type":"WebSite","@id":"https:\/\/eko-haus.de\/en\/#website","url":"https:\/\/eko-haus.de\/en\/","name":"EK\u014c-Haus","description":"der JapanischenKulturen e.V.","potentialAction":[{"@type":"SearchAction","target":{"@type":"EntryPoint","urlTemplate":"https:\/\/eko-haus.de\/en\/?s={search_term_string}"},"query-input":{"@type":"PropertyValueSpecification","valueRequired":true,"valueName":"search_term_string"}}],"inLanguage":"en-US"}]}},"_links":{"self":[{"href":"https:\/\/eko-haus.de\/en\/wp-json\/wp\/v2\/pages\/238188","targetHints":{"allow":["GET"]}}],"collection":[{"href":"https:\/\/eko-haus.de\/en\/wp-json\/wp\/v2\/pages"}],"about":[{"href":"https:\/\/eko-haus.de\/en\/wp-json\/wp\/v2\/types\/page"}],"author":[{"embeddable":true,"href":"https:\/\/eko-haus.de\/en\/wp-json\/wp\/v2\/users\/2"}],"replies":[{"embeddable":true,"href":"https:\/\/eko-haus.de\/en\/wp-json\/wp\/v2\/comments?post=238188"}],"version-history":[{"count":31,"href":"https:\/\/eko-haus.de\/en\/wp-json\/wp\/v2\/pages\/238188\/revisions"}],"predecessor-version":[{"id":249107,"href":"https:\/\/eko-haus.de\/en\/wp-json\/wp\/v2\/pages\/238188\/revisions\/249107"}],"up":[{"embeddable":true,"href":"https:\/\/eko-haus.de\/en\/wp-json\/wp\/v2\/pages\/238186"}],"wp:attachment":[{"href":"https:\/\/eko-haus.de\/en\/wp-json\/wp\/v2\/media?parent=238188"}],"curies":[{"name":"wp","href":"https:\/\/api.w.org\/{rel}","templated":true}]}}