{"id":238183,"date":"2022-09-21T11:22:05","date_gmt":"2022-09-21T09:22:05","guid":{"rendered":"https:\/\/eko-haus.de\/buddhism\/buddhism-in-the-eko-temple\/"},"modified":"2023-06-12T10:29:12","modified_gmt":"2023-06-12T08:29:12","slug":"buddhism-in-the-eko-temple","status":"publish","type":"page","link":"https:\/\/eko-haus.de\/en\/buddhism\/buddhism-in-the-eko-temple\/","title":{"rendered":"Buddhism in the EK\u014c Temple"},"content":{"rendered":"<p>[et_pb_section fb_built=&#8221;1&#8243; _builder_version=&#8221;4.19.5&#8243; _module_preset=&#8221;default&#8221; custom_padding=&#8221;0px||0px||false|false&#8221; global_colors_info=&#8221;{}&#8221;][et_pb_row _builder_version=&#8221;4.19.5&#8243; _module_preset=&#8221;default&#8221; width=&#8221;100%&#8221; max_width=&#8221;100%&#8221; global_colors_info=&#8221;{}&#8221;][et_pb_column type=&#8221;4_4&#8243; _builder_version=&#8221;4.19.5&#8243; _module_preset=&#8221;default&#8221; global_colors_info=&#8221;{}&#8221;][et_pb_text _builder_version=&#8221;4.19.5&#8243; _module_preset=&#8221;default&#8221; header_text_color=&#8221;#FFFFFF&#8221; background_color=&#8221;gcid-1021896a-c9ac-4359-99df-3f865b79985b&#8221; custom_margin=&#8221;0px||0px||false|false&#8221; custom_padding=&#8221;20px||15px|40px|false|false&#8221; global_colors_info=&#8221;{%22gcid-1021896a-c9ac-4359-99df-3f865b79985b%22:%91%22background_color%22%93}&#8221;]<\/p>\n<h1>Buddhism in the EK\u014c Temple<\/h1>\n<p>[\/et_pb_text][et_pb_menu menu_id=&#8221;142&#8243; active_link_color=&#8221;gcid-1021896a-c9ac-4359-99df-3f865b79985b&#8221; dropdown_menu_bg_color=&#8221;gcid-60c600e4-1942-4d4f-b851-22727ef5dd77&#8243; dropdown_menu_line_color=&#8221;gcid-1021896a-c9ac-4359-99df-3f865b79985b&#8221; dropdown_menu_text_color=&#8221;#FFFFFF&#8221; dropdown_menu_active_link_color=&#8221;gcid-1021896a-c9ac-4359-99df-3f865b79985b&#8221; mobile_menu_bg_color=&#8221;gcid-60c600e4-1942-4d4f-b851-22727ef5dd77&#8243; mobile_menu_text_color=&#8221;#FFFFFF&#8221; cart_icon_color=&#8221;gcid-82172296-964c-4383-b109-467afe28900a&#8221; search_icon_color=&#8221;gcid-82172296-964c-4383-b109-467afe28900a&#8221; menu_icon_color=&#8221;gcid-82172296-964c-4383-b109-467afe28900a&#8221; module_class=&#8221;page-sub-menu&#8221; _builder_version=&#8221;4.19.5&#8243; _module_preset=&#8221;default&#8221; menu_font=&#8221;|600|||||||&#8221; menu_text_color=&#8221;#FFFFFF&#8221; menu_font_size=&#8221;16px&#8221; menu_letter_spacing=&#8221;1px&#8221; background_color=&#8221;gcid-60c600e4-1942-4d4f-b851-22727ef5dd77&#8243; text_orientation=&#8221;center&#8221; sticky_position=&#8221;top&#8221; global_colors_info=&#8221;{%22gcid-60c600e4-1942-4d4f-b851-22727ef5dd77%22:%91%22background_color%22,%22dropdown_menu_bg_color%22,%22mobile_menu_bg_color%22%93,%22gcid-1021896a-c9ac-4359-99df-3f865b79985b%22:%91%22active_link_color%22,%22dropdown_menu_line_color%22,%22dropdown_menu_active_link_color%22%93,%22gcid-82172296-964c-4383-b109-467afe28900a%22:%91%22cart_icon_color%22,%22search_icon_color%22,%22menu_icon_color%22%93}&#8221;][\/et_pb_menu][\/et_pb_column][\/et_pb_row][\/et_pb_section][et_pb_section fb_built=&#8221;1&#8243; _builder_version=&#8221;4.19.5&#8243; _module_preset=&#8221;default&#8221; custom_padding=&#8221;0px||||false|false&#8221; global_colors_info=&#8221;{}&#8221;][et_pb_row column_structure=&#8221;3_5,2_5&#8243; _builder_version=&#8221;4.19.5&#8243; _module_preset=&#8221;default&#8221; width=&#8221;100%&#8221; max_width=&#8221;100%&#8221; global_colors_info=&#8221;{}&#8221;][et_pb_column type=&#8221;3_5&#8243; _builder_version=&#8221;4.19.5&#8243; _module_preset=&#8221;default&#8221; global_colors_info=&#8221;{}&#8221;][et_pb_text _builder_version=&#8221;4.21.0&#8243; _module_preset=&#8221;default&#8221; global_colors_info=&#8221;{}&#8221;]<\/p>\n<p>Buddhist ceremonies are regularly held in the EK\u014c Temple. These offer devout Buddhists, but also those interested in Buddhism, the opportunity to experience Japanese Buddhism in practice. In addition, there are other Buddhist events of various kinds at the EK\u014c Center that you can attend. See the links provided for details.<\/p>\n<p>[\/et_pb_text][et_pb_text _builder_version=&#8221;4.21.0&#8243; _module_preset=&#8221;default&#8221; global_colors_info=&#8221;{}&#8221;]<\/p>\n<p><a href=\"https:\/\/eko-haus.de\/en\/events\/buddhist-events\/buddhist-ceremonies\/\">Buddhist ceremonies at EK\u014c Temple<\/a><\/p>\n<p>Other <a href=\"https:\/\/eko-haus.de\/en\/events\/buddhist-events\/other-science-education\/\">Buddhist events<\/a> of the EK\u014c Center<\/p>\n<p><a href=\"https:\/\/eko-haus.de\/en\/about-us\/buildings-gardens\/#j1\">Information about the EK<\/a><a href=\"https:\/\/eko-haus.de\/wp-content\/uploads\/2023\/06\/Shoju_Haupthalle-EKO-ji_EKO-Blaetter322022.pdf\">\u014c Temple<\/a><\/p>\n<p>[\/et_pb_text][et_pb_blog include_categories=&#8221;307&#8243; meta_date=&#8221;d.m.Y&#8221; show_author=&#8221;off&#8221; show_categories=&#8221;off&#8221; module_class=&#8221;pa-blog-list&#8221; _builder_version=&#8221;4.21.0&#8243; _module_preset=&#8221;default&#8221; header_level=&#8221;h4&#8243; header_text_color=&#8221;gcid-1021896a-c9ac-4359-99df-3f865b79985b&#8221; body_font=&#8221;||||||||&#8221; body_font_size=&#8221;14px&#8221; body_line_height=&#8221;1.3em&#8221; meta_font=&#8221;||||||||&#8221; meta_font_size=&#8221;12px&#8221; meta_line_height=&#8221;1em&#8221; hover_enabled=&#8221;0&#8243; custom_css_post_meta=&#8221;padding-top: 10px !important;&#8221; global_colors_info=&#8221;{%22gcid-1021896a-c9ac-4359-99df-3f865b79985b%22:%91%22header_text_color%22%93}&#8221; sticky_enabled=&#8221;0&#8243;][\/et_pb_blog][\/et_pb_column][et_pb_column type=&#8221;2_5&#8243; _builder_version=&#8221;4.19.5&#8243; _module_preset=&#8221;default&#8221; global_colors_info=&#8221;{}&#8221;][et_pb_image src=&#8221;https:\/\/eko-haus.de\/wp-content\/uploads\/2023\/05\/1-3-1_T10-e1684669946692.jpg&#8221; title_text=&#8221;Ceremony at the EK\u014c Temple&#8221; _builder_version=&#8221;4.21.0&#8243; _module_preset=&#8221;default&#8221; global_colors_info=&#8221;{}&#8221;][\/et_pb_image][\/et_pb_column][\/et_pb_row][\/et_pb_section]<\/p>\n","protected":false},"excerpt":{"rendered":"<p>Buddhism in the EK\u014c TempleBuddhist ceremonies are regularly held in the EK\u014c Temple. These offer devout Buddhists, but also those interested in Buddhism, the opportunity to experience Japanese Buddhism in practice. In addition, there are other Buddhist events of various kinds at the EK\u014c Center that you can attend. See the links provided for details.Buddhist ceremonies at EK\u014c Temple Other Buddhist events of the EK\u014c Center Information about the EK\u014c Temple<\/p>\n","protected":false},"author":2,"featured_media":0,"parent":238158,"menu_order":11,"comment_status":"closed","ping_status":"closed","template":"","meta":{"_acf_changed":false,"_et_pb_use_builder":"on","_et_pb_old_content":"","_et_gb_content_width":"","footnotes":""},"class_list":["post-238183","page","type-page","status-publish","hentry"],"acf":[],"yoast_head":"<!-- This site is optimized with the Yoast SEO plugin v27.2 - https:\/\/yoast.com\/product\/yoast-seo-wordpress\/ -->\n<title>EK\u014c-Haus &#8226; Buddhism in the EK\u014c Temple<\/title>\n<meta name=\"robots\" content=\"index, follow, max-snippet:-1, max-image-preview:large, max-video-preview:-1\" \/>\n<link rel=\"canonical\" href=\"https:\/\/eko-haus.de\/en\/buddhism\/buddhism-in-the-eko-temple\/\" \/>\n<meta property=\"og:locale\" content=\"en_US\" \/>\n<meta property=\"og:type\" content=\"article\" \/>\n<meta property=\"og:title\" content=\"EK\u014c-Haus &#8226; Buddhism in the EK\u014c Temple\" \/>\n<meta property=\"og:description\" content=\"Buddhism in the EK\u014c TempleBuddhist ceremonies are regularly held in the EK\u014c Temple. These offer devout Buddhists, but also those interested in Buddhism, the opportunity to experience Japanese Buddhism in practice. In addition, there are other Buddhist events of various kinds at the EK\u014c Center that you can attend. See the links provided for details.Buddhist ceremonies at EK\u014c Temple Other Buddhist events of the EK\u014c Center Information about the EK\u014c Temple\" \/>\n<meta property=\"og:url\" content=\"https:\/\/eko-haus.de\/en\/buddhism\/buddhism-in-the-eko-temple\/\" \/>\n<meta property=\"og:site_name\" content=\"EK\u014c-Haus\" \/>\n<meta property=\"article:modified_time\" content=\"2023-06-12T08:29:12+00:00\" \/>\n<script type=\"application\/ld+json\" class=\"yoast-schema-graph\">{\"@context\":\"https:\/\/schema.org\",\"@graph\":[{\"@type\":\"WebPage\",\"@id\":\"https:\/\/eko-haus.de\/en\/buddhism\/buddhism-in-the-eko-temple\/\",\"url\":\"https:\/\/eko-haus.de\/en\/buddhism\/buddhism-in-the-eko-temple\/\",\"name\":\"EK\u014c-Haus &#8226; Buddhism in the EK\u014c Temple\",\"isPartOf\":{\"@id\":\"https:\/\/eko-haus.de\/en\/#website\"},\"datePublished\":\"2022-09-21T09:22:05+00:00\",\"dateModified\":\"2023-06-12T08:29:12+00:00\",\"breadcrumb\":{\"@id\":\"https:\/\/eko-haus.de\/en\/buddhism\/buddhism-in-the-eko-temple\/#breadcrumb\"},\"inLanguage\":\"en-US\",\"potentialAction\":[{\"@type\":\"ReadAction\",\"target\":[\"https:\/\/eko-haus.de\/en\/buddhism\/buddhism-in-the-eko-temple\/\"]}]},{\"@type\":\"BreadcrumbList\",\"@id\":\"https:\/\/eko-haus.de\/en\/buddhism\/buddhism-in-the-eko-temple\/#breadcrumb\",\"itemListElement\":[{\"@type\":\"ListItem\",\"position\":1,\"name\":\"Startseite\",\"item\":\"https:\/\/eko-haus.de\/en\/\"},{\"@type\":\"ListItem\",\"position\":2,\"name\":\"Buddhism\",\"item\":\"https:\/\/eko-haus.de\/en\/buddhism\/\"},{\"@type\":\"ListItem\",\"position\":3,\"name\":\"Buddhism in the EK\u014c Temple\"}]},{\"@type\":\"WebSite\",\"@id\":\"https:\/\/eko-haus.de\/en\/#website\",\"url\":\"https:\/\/eko-haus.de\/en\/\",\"name\":\"EK\u014c-Haus\",\"description\":\"der JapanischenKulturen e.V.\",\"potentialAction\":[{\"@type\":\"SearchAction\",\"target\":{\"@type\":\"EntryPoint\",\"urlTemplate\":\"https:\/\/eko-haus.de\/en\/?s={search_term_string}\"},\"query-input\":{\"@type\":\"PropertyValueSpecification\",\"valueRequired\":true,\"valueName\":\"search_term_string\"}}],\"inLanguage\":\"en-US\"}]}<\/script>\n<!-- \/ Yoast SEO plugin. -->","yoast_head_json":{"title":"EK\u014c-Haus &#8226; Buddhism in the EK\u014c Temple","robots":{"index":"index","follow":"follow","max-snippet":"max-snippet:-1","max-image-preview":"max-image-preview:large","max-video-preview":"max-video-preview:-1"},"canonical":"https:\/\/eko-haus.de\/en\/buddhism\/buddhism-in-the-eko-temple\/","og_locale":"en_US","og_type":"article","og_title":"EK\u014c-Haus &#8226; Buddhism in the EK\u014c Temple","og_description":"Buddhism in the EK\u014c TempleBuddhist ceremonies are regularly held in the EK\u014c Temple. These offer devout Buddhists, but also those interested in Buddhism, the opportunity to experience Japanese Buddhism in practice. In addition, there are other Buddhist events of various kinds at the EK\u014c Center that you can attend. See the links provided for details.Buddhist ceremonies at EK\u014c Temple Other Buddhist events of the EK\u014c Center Information about the EK\u014c Temple","og_url":"https:\/\/eko-haus.de\/en\/buddhism\/buddhism-in-the-eko-temple\/","og_site_name":"EK\u014c-Haus","article_modified_time":"2023-06-12T08:29:12+00:00","schema":{"@context":"https:\/\/schema.org","@graph":[{"@type":"WebPage","@id":"https:\/\/eko-haus.de\/en\/buddhism\/buddhism-in-the-eko-temple\/","url":"https:\/\/eko-haus.de\/en\/buddhism\/buddhism-in-the-eko-temple\/","name":"EK\u014c-Haus &#8226; Buddhism in the EK\u014c Temple","isPartOf":{"@id":"https:\/\/eko-haus.de\/en\/#website"},"datePublished":"2022-09-21T09:22:05+00:00","dateModified":"2023-06-12T08:29:12+00:00","breadcrumb":{"@id":"https:\/\/eko-haus.de\/en\/buddhism\/buddhism-in-the-eko-temple\/#breadcrumb"},"inLanguage":"en-US","potentialAction":[{"@type":"ReadAction","target":["https:\/\/eko-haus.de\/en\/buddhism\/buddhism-in-the-eko-temple\/"]}]},{"@type":"BreadcrumbList","@id":"https:\/\/eko-haus.de\/en\/buddhism\/buddhism-in-the-eko-temple\/#breadcrumb","itemListElement":[{"@type":"ListItem","position":1,"name":"Startseite","item":"https:\/\/eko-haus.de\/en\/"},{"@type":"ListItem","position":2,"name":"Buddhism","item":"https:\/\/eko-haus.de\/en\/buddhism\/"},{"@type":"ListItem","position":3,"name":"Buddhism in the EK\u014c Temple"}]},{"@type":"WebSite","@id":"https:\/\/eko-haus.de\/en\/#website","url":"https:\/\/eko-haus.de\/en\/","name":"EK\u014c-Haus","description":"der JapanischenKulturen e.V.","potentialAction":[{"@type":"SearchAction","target":{"@type":"EntryPoint","urlTemplate":"https:\/\/eko-haus.de\/en\/?s={search_term_string}"},"query-input":{"@type":"PropertyValueSpecification","valueRequired":true,"valueName":"search_term_string"}}],"inLanguage":"en-US"}]}},"_links":{"self":[{"href":"https:\/\/eko-haus.de\/en\/wp-json\/wp\/v2\/pages\/238183","targetHints":{"allow":["GET"]}}],"collection":[{"href":"https:\/\/eko-haus.de\/en\/wp-json\/wp\/v2\/pages"}],"about":[{"href":"https:\/\/eko-haus.de\/en\/wp-json\/wp\/v2\/types\/page"}],"author":[{"embeddable":true,"href":"https:\/\/eko-haus.de\/en\/wp-json\/wp\/v2\/users\/2"}],"replies":[{"embeddable":true,"href":"https:\/\/eko-haus.de\/en\/wp-json\/wp\/v2\/comments?post=238183"}],"version-history":[{"count":51,"href":"https:\/\/eko-haus.de\/en\/wp-json\/wp\/v2\/pages\/238183\/revisions"}],"predecessor-version":[{"id":243190,"href":"https:\/\/eko-haus.de\/en\/wp-json\/wp\/v2\/pages\/238183\/revisions\/243190"}],"up":[{"embeddable":true,"href":"https:\/\/eko-haus.de\/en\/wp-json\/wp\/v2\/pages\/238158"}],"wp:attachment":[{"href":"https:\/\/eko-haus.de\/en\/wp-json\/wp\/v2\/media?parent=238183"}],"curies":[{"name":"wp","href":"https:\/\/api.w.org\/{rel}","templated":true}]}}